{"id":19,"date":"2020-04-22T15:28:37","date_gmt":"2020-04-22T13:28:37","guid":{"rendered":"https:\/\/www.gundlach-automotive.com\/?page_id=19"},"modified":"2022-11-07T14:09:43","modified_gmt":"2022-11-07T13:09:43","slug":"cookie-hinweis","status":"publish","type":"page","link":"https:\/\/best4tires.stage.blindwerk.de\/de\/cookie-hinweis\/","title":{"rendered":"Cookie-Hinweis"},"content":{"rendered":"\n<h2 class=\"single-headline wp-block-heading\">Cookie-Hinweis<\/h2>\n\n\n\n<div class=\"wp-block-group container\"><div class=\"wp-block-group__inner-container is-layout-flow wp-block-group-is-layout-flow\"><div class=\"rg-wp-policy-container\"><h2>Umfang<\/h2><p>Diese Website wird Ihnen von der Best4Tires Holding angeboten (\"Best4Tires\"). Best4Tires  m\u00f6chte Ihr Online-Erlebnis und Ihre Interaktion mit unseren Websites m\u00f6glichst informativ, relevant und benutzerfreundlich gestalten. Eine M\u00f6glichkeit, dies zu erreichen, ist die Verwendung von Cookies, Web-Beacons oder \u00e4hnlichen Techniken, mit denen Informationen \u00fcber Ihren Besuch auf unserer Website von Ihrem Computer aus gespeichert werden.<\/p><p>Es ist uns wichtig, dass Sie wissen, welche Cookies auf unserer Website verwendet werden und zu welchem Zweck. Dies hilft beim Schutz Ihrer Privatsph\u00e4re und gew\u00e4hrleistet die gr\u00f6\u00dftm\u00f6gliche Benutzerfreundlichkeit unserer Website. Nachstehend erfahren Sie mehr \u00fcber die Techniken, die von und \u00fcber unsere Website verwendet werden, und ihren jeweiligen Zweck. Dies ist nur eine Erkl\u00e4rung zum Datenschutz und zum Einsatz von Website-Techniken, kein Vertrag und keine Vereinbarung.<\/p><h2>Was sind Cookies, Web-Beacons und \u00e4hnliche Techniken<\/h2><p>Ein Cookie ist eine kleine Datendatei, die auf Ihrem Computer im Webbrowser gespeichert wird, wenn Sie bestimmte Webseiten besuchen. Ein Cookie enth\u00e4lt oder erfasst keine einzelnen Informationen, kann aber, wenn er von einem Server \u00fcber einen Webbrowser gelesen wird, Informationen erteilen, die einen benutzerfreundlicheren Service erm\u00f6glichen, wie z. B. Fehler ermitteln. Wir bewahren Cookies nicht l\u00e4nger als notwendig.<\/p><p> Web-Beacons sind kleine grafische Bilder (die auch \u201ePixel Tags\u201c oder \u201eclear POISONs\u201c genannt werden), die auf oder in unseren Websites, Kommunikationsdiensten, Apps und anderen Tools installiert sein k\u00f6nnen. Web-Beacons werden f\u00fcr verschiedene Zwecke verwandt; hierzu geh\u00f6ren die Messung der Leistung unserer Websites, des Besucherverkehrs unserer Websites und deren Navigation.<\/p><p>Unter \u00e4hnlichen Techniken zur Speicherung von Informationen verstehen wir andere Technologien, die Informationen auf Ihrem Browser oder Ger\u00e4t speichern und lokal freigegebene Objekte oder lokale Speicherung verwenden. Beispiele hierf\u00fcr sind Flash Cookies, HTML-5-Cookies und andere Web-Anwendungssoftware.<\/p><p>Der Einfachheit wegen verwenden wir den Begriff Cookie in unserer Richtlinie, um die Gesamtmenge von Cookies, Web-Beacons und \u00e4hnlichen Techniken abzudecken. Um unsere Website umfassend nutzen zu k\u00f6nnen, m\u00fcssen Cookies aktiviert sein. Wenn Sie Cookies nicht aktivieren m\u00f6chten, k\u00f6nnen Sie zwar immer noch auf unserer Website browsen, bestimmte Features der Website k\u00f6nnen in diesem Fall aber beschr\u00e4nkt sein.<\/p><p>Diese Informationen werden im Rahmen unserer Bem\u00fchungen erteilt, j\u00fcngst erlassene Rechtsvorschriften zu erf\u00fcllen und zu gew\u00e4hrleisten, dass wir offen, ehrlich und deutlich \u00fcber Cookies und Datenschutz sind. F\u00fcr weitere Informationen \u00fcber den Datenschutz verweisen wir auf die Datenschutzrichtlinie von Best4Tires.<\/p><h2>Wie setzen wir Cookies ein?<\/h2><p>Vielleicht sind Ihnen die verschiedenen Arten von Cookies aufgefallen, die bei Ihrem Besuch dieser Website erzeugt werden. Wir verwenden folgende Arten von Cookies:<\/p><ul class=\"rg-wp-policy-list list-unordered\"><li>Funktionelle Cookies<\/li><li>Analytische Cookies<\/li><li>Werbe-Cookies<\/li><li>Social-Media-Cookies<\/li><\/ul><h2>Funktionelle Cookies<\/h2><p>Diese Cookies erm\u00f6glichen das Surfen auf der bzw. den Websites von Best4Tires und die Nutzung der Website-Funktionen, wie z. B. den Zugriff auf gesch\u00fctzte Bereiche der Website. Ohne diese Cookies sind solche Funktionen, einschlie\u00dflich Warenk\u00f6rben und elektronischer Bezahlung, nicht m\u00f6glich.<\/p><p>Wir k\u00f6nnen diese Cookies zu folgenden Zwecken einsetzen:<\/p><ul class=\"rg-wp-policy-list list-unordered\"><li>Authentifizierung von Nutzern f\u00fcr einen gesicherten Login<\/li><li>Speicherung von Produkten, die Sie beim Online-Einkauf in Ihren Warenkorb legen;<\/li><li>Speicherung von Informationen, die Sie auf den verschiedenen Seiten bei der Bezahlung oder Bestellung eingeben, sodass Sie nicht alle Daten wiederholt eingeben m\u00fcssen<\/li><li>Weitergabe von Informationen von einer Seite zur n\u00e4chsten, beispielsweise wenn eine lange Umfrage ausgef\u00fcllt wird oder wenn Sie eine gro\u00dfe Menge an Angaben f\u00fcr eine Online-Bestellung machen m\u00fcssen<\/li><li>Speicherung von Pr\u00e4ferenzen, wie z. B. Sprache, Standort, Anzahl der anzuzeigenden Suchergebnisse usw.<\/li><li>Speicherung von Einstellungen f\u00fcr die optimale Videowiedergabe, darunter Puffergr\u00f6\u00dfe und Informationen zu Ihrer Bildschirmaufl\u00f6sung<\/li><li>Auslesen Ihrer Browser-Einstellungen, damit unsere Website optimal auf Ihrem Bildschirm angezeigt wird<\/li><li>Ermittlung des Missbrauchs unserer Website und Dienstleistungen, z. B. durch Aufzeichnung mehrerer fehlgeschlagener Anmeldeversuche<\/li><li>Gleichm\u00e4\u00dfiges Laden der Website, damit der Zugriff gew\u00e4hrt bleibt<\/li><li>Anbieten der Option zum Speichern von Anmeldedaten, damit Sie diese nicht jedes Mal neu eingeben m\u00fcssen<\/li><li>Anbieten der M\u00f6glichkeit, auf unsere Website zu reagieren.<\/li><\/ul><h2>Analytische Cookies<\/h2><p>Diese Cookies sammeln Informationen \u00fcber das Surfverhalten der Nutzer unserer Websites, etwa welche Seiten h\u00e4ufig besucht werden und ob Besucher Fehlermeldungen erhalten. Auf diese Weise k\u00f6nnen wir die Struktur, Navigation und Inhalte unserer Website m\u00f6glichst benutzerfreundlich gestalten. Wir stellen keine Verbindung zwischen Statistiken bzw. anderen Berichten und Personen her.<\/p><p><strong>Wir k\u00f6nnen diese Cookies zu folgenden Zwecken einsetzen:<\/strong><\/p><ul class=\"rg-wp-policy-list list-unordered\"><li>\u00dcberwachung der Anzahl Besucher unserer Webseiten<\/li><li>\u00dcberwachung der Zeit, die jeder einzelne Besucher auf unseren Webseiten verbringt<\/li><li>Ermittlung der Reihenfolge, in der ein Besucher die verschiedenen Seiten unserer\n\t\t\t\tWebsite besucht<\/li><li>Ermittlung der Bereiche unserer Website, bei denen Verbesserungsbedarf besteht<\/li><li>Optimierung der Webseite<\/li><\/ul><p>Wir k\u00f6nnen Software wie Google Analytics verwenden, um die Seitennutzung, Seiteninteraktionen und die Wege zu analysieren, auf denen durch unsere Websites gesurft wird. Hierbei handelt es sich um \u201eWebsite-Messdaten\u201c oder \u201eAnalytik\u201c.<\/p><p>Google Analytics ist ein von Google Inc. (Google) angebotener Webanalysedienst. Google Analytics verwendet Cookies, um die Benutzung der Webseite durch Nutzer zu analysieren. Google verwendet aggregierte Statistiken, um Best4Tires einen Einblick in die Nutzung der Website durch die Nutzer zu geben. Auf der Grundlage der Richtlinien der niederl\u00e4ndischen Datenschutzbeh\u00f6rde haben wir Google Analytics datenschutfreundlicher gemacht, indem wir:<\/p><ul class=\"rg-wp-policy-list list-unordered\"><li>gew\u00e4hrleisten, dass wir \u00fcber einen \u201eVerarbeitungsvertrag\u201c mit Google verf\u00fcgen;<\/li><li>die IP-Adressen- Anonymisierung in Google Analytics aktivieren;<\/li><li>Hierdurch wird gew\u00e4hrleistet, dass Daten nicht gemeinsam mit Google genutzt werden.<\/li><\/ul><p>Google kann diese Daten Dritten nur zur Verf\u00fcgung stellen, wenn das Unternehmen dazu gesetzlich verpflichtet ist, oder in dem Ma\u00dfe, wie dies f\u00fcr Dritte erforderlich ist, die diese Daten f\u00fcr Google verarbeiten.<\/p><p>Sie k\u00f6nnen die Erfassung der durch das Cookie erzeugten und auf ihre Nutzung der Website bezogenen Daten (inkl. ihrer IP-Adresse) an Google sowie die Verarbeitung dieser Daten durch Google verhindern, indem sie das unter dem folgenden Link verf\u00fcgbare Browser-Plugin herunterladen und installieren:<\/p><a href=\"https:\/\/tools.google.com\/dlpage\/gaoptout?hl=de\" class=\"rg-policy-link\" target=\"_blank\">Google Analytics Tool zur Deaktivierung von Cookies<\/a><h2>Werbe Cookies<\/h2><p>Unser Ziel ist es, Besuchern unserer Website m\u00f6glichst relevante Informationen bereitzustellen. Aus diesem Grund sind wir stets bem\u00fcht, unsere Website jedem einzelnen Besucher optimal anzupassen. Wir tun dies nicht nur \u00fcber die Inhalte auf unserer Website, sondern auch \u00fcber die angezeigte Werbung.<\/p><p>Um solche Anpassungen durchf\u00fchren zu k\u00f6nnen, versuchen wir, uns ein Bild Ihrer m\u00f6glichen Interessen auf der Grundlage der Websites von Best4Tires zu machen, die Sie besuchen, um so ein segmentiertes Profil zu erstellen. Auf der Grundlage dieser Interessen passen wir dann den Inhalt und die Werbeanzeigen auf unserer Website f\u00fcr verschiedene Kundengruppen an.<\/p><p>Wir k\u00f6nnen diese Cookies zu folgenden Zwecken einsetzen:<\/p><ul class=\"rg-wp-policy-list list-unordered\"><li>\u00dcberwachung der bereits gezeigten Werbung, sodass Ihnen nicht st\u00e4ndig die gleichen Anzeigen pr\u00e4sentiert werden; \u00dcberwachung der Anzahl der Besucher, die auf die Werbeanzeigen klicken;<\/li><li>\u00dcberwachung der Anzahl der Bestellungen, die aufgrund von Werbung erfolgen;<\/li><li>Die Websites k\u00f6nnen Ihren Besuche speichern und auf diese Weise Ihre Interessen ermitteln;<\/li><li>Es kann gepr\u00fcft werden, ob Sie auf eine Werbeanzeige geklickt haben;<\/li><li>Informationen \u00fcber Ihr Surfverhalten k\u00f6nnen an andere Websites weitergegeben werden;<\/li><li>Es k\u00f6nnen Dienstleistungen von Drittanbietern verwendet werden, um Ihnen Werbung zu pr\u00e4sentieren;<li>Auf der Grundlage Ihrer Nutzung sozialer Netzwerke k\u00f6nnen weitere interessante Werbeanzeigen pr\u00e4sentiert werden.<\/li><\/ul><p>Beachten Sie bitte, dass selbst wenn solche Cookies nicht verwendet werden, Ihnen dennoch Werbung auf unserer Website gezeigt wird. Diese Werbung ist dann allerdings nicht auf Ihre Interessen zugeschnitten und kann beispielsweise entsprechend dem Inhalt der Website angepasst werden. Diese Art von inhaltsbezogener Internetwerbung ist mit Werbung im Fernsehen vergleichbar. Wenn Sie z. B. eine Kochsendung im Fernsehen anschauen, werden Ihnen in der Werbepause h\u00e4ufig Spots zu K\u00fcchenprodukten gezeigt.<\/p><p>Drittanbieter, die \u00fcber unsere Website Cookies einrichten, versuchen m\u00f6glicherweise auch, auf diese Weise Ihre Interessen zu ermitteln. In diesem Fall k\u00f6nnen die Informationen \u00fcber Ihren aktuellen Besuch unserer Website mit Angaben zu Ihren vorherigen Besuchen auf anderen Websites als unseren kombiniert werden.<\/p><h2>Social Media Cookies<\/h2><p>Die Artikel, Bilder und Videos auf unserer Website k\u00f6nnen \u00fcber Schaltfl\u00e4chen weitergegeben und \u00fcber soziale Netzwerke verkn\u00fcpft werden. Cookies von Betreibern sozialer Medien werden eingesetzt, um die Funktionsweise dieser Schaltfl\u00e4chen zu erm\u00f6glichen, sodass Sie erkannt werden, wenn Sie einen Artikel oder ein Video weitergeben m\u00f6chten.<\/p><h3>Diese Cookies erm\u00f6glichen Folgendes:<\/h3><ul class=\"rg-wp-policy-list list-unordered\"><li>Angemeldete Benutzer ausgew\u00e4hlter sozialer Netzwerke k\u00f6nnen bestimmte Inhalte unserer Website direkt weitergeben und per Like-Button ihre Sympathie daf\u00fcr bekunden.<\/li><\/ul><p>Die Betreiber sozialer Netzwerke k\u00f6nnen ebenfalls Ihre personenbezogenen Daten f\u00fcr eigene Zwecke erfassen. Best4Tires hat keinen Einfluss auf die Verwendung Ihrer personenbezogenen Daten durch diese Betreiber sozialer Netzwerke. Weitere Informationen zu den von den Betreibern sozialer Netzwerke verwendeten Cookies und die eventuell von ihnen erfassten Daten finden Sie in der bzw. den Datenschutzbestimmungen der jeweiligen Betreiber. Im Folgenden finden Sie eine Liste der Datenschutzerkl\u00e4rungen der wichtigsten sozialen Netzwerke, die am h\u00e4ufigsten von Best4Tires verwendet werden:<\/p><ul class=\"rg-wp-policy-list list-unordered\"><li><a href=\"https:\/\/en-gb.facebook.com\/about\/privacy\" class=\"rg-list-link\" target=\"_blank\">Facebook<\/a><\/li><li><a href=\"https:\/\/twitter.com\/de\/privacy\" class=\"rg-list-link\" target=\"_blank\">Twitter<\/a><\/li><li><a href=\"https:\/\/www.google.com\/intl\/gb\/policies\/privacy\/\" class=\"rg-list-link\" target=\"_blank\">YouTube<\/a><\/li><\/ul><h2>Diese M\u00f6glichkeiten stehen Ihnen zur Wahl<\/h2><p>Best4Tires setzt und nutzt funktionelle Cookies, wenn Sie unsere Website erkunden, um ein ordnungsgem\u00e4\u00dfes Funktionieren der Website zu gew\u00e4hrleisten. Nur, wenn Sie Ihre Zustimmung erteilt haben, setzt Best4Tires analytische, Werbe- und Social-Media- Cookies. Wir bieten Ihnen die M\u00f6glichkeit, beim ersten Besuch der Website Ihre Pr\u00e4ferenz bez\u00fcglich der Verwendung von Cookies einzustellen. Wir speichern Ihre Pr\u00e4ferenz f\u00fcr Ihren n\u00e4chsten Besuch, Sie k\u00f6nnen sie aber immer anpassen.<\/p><p>So k\u00f6nnen Sie Cookies kontrollieren Sie k\u00f6nnen Cookies Ihren W\u00fcnschen gem\u00e4\u00df kontrollieren und\/oder l\u00f6schen; weitere Informationen finden Sie unter aboutcookies.org. Sie k\u00f6nnen alle Cookies, die sich bereits auf Ihrem Computer befinden, l\u00f6schen, und Sie k\u00f6nnen die meisten Browser so einstellen, dass ihre Verwendung verhindert wird. In diesem Fall kann es allerdings erforderlich sein, dass Sie einige Pr\u00e4ferenzen bei jedem erneuten Besuch einer Website manuell anpassen m\u00fcssen, und es kann m\u00f6glich sein, dass manche Dienstleistungen und Funktionen nicht mehr verf\u00fcgbar sind.<\/p><h2>\u00c4nderungen der Richtlinien<\/h2><p>Wir k\u00f6nnen diese Cookie-Richtlinie von Zeit zu Zeit \u00e4ndern. Wir werden Sie bez\u00fcglich der Aktualisierung der Cookie-Richtlinien informieren, aber wir m\u00f6chten Sie auch bitten, diese Datenschutzerkl\u00e4rung regelm\u00e4\u00dfig zu lesen.<\/p><p>Diese Richtlinie wurde zuletzt am <strong>16. Januar 2019<\/strong> ge\u00e4ndert.<\/p><h2>Fragen und Feedback<\/h2><p>Bitte senden Sie uns Ihre Fragen und Bemerkungen zu Cookies oder zum Datenschutz an <a href=\"mailto:privacy@gundlach-automotive.com\" class=\"rg-policy-link\" target=\"_blank\" title=\"Senden Sie uns Ihre Fragen und Anregungen an privacy@gundlach-automotive.com.\">privacy@gundlach-automotive.com<\/a>.<\/p><\/div>\n<\/div><\/div>\n","protected":false},"excerpt":{"rendered":"<p>Cookie-Hinweis<\/p>\n","protected":false},"author":1,"featured_media":3045,"parent":0,"menu_order":13,"comment_status":"closed","ping_status":"closed","template":"page-full-width.php","meta":{"footnotes":""},"class_list":["post-19","page","type-page","status-publish","has-post-thumbnail","hentry"],"yoast_head":"<!-- This site is optimized with the Yoast SEO plugin v27.5 - https:\/\/yoast.com\/product\/yoast-seo-wordpress\/ -->\n<title>Cookie-Hinweis - Best4Tires Holding<\/title>\n<meta name=\"robots\" content=\"index, follow, max-snippet:-1, max-image-preview:large, max-video-preview:-1\" \/>\n<link rel=\"canonical\" href=\"https:\/\/best4tires.stage.blindwerk.de\/de\/cookie-hinweis\/\" \/>\n<meta property=\"og:locale\" content=\"de_DE\" \/>\n<meta property=\"og:type\" content=\"article\" \/>\n<meta property=\"og:title\" content=\"Cookie-Hinweis - Best4Tires Holding\" \/>\n<meta property=\"og:description\" content=\"Cookie-Hinweis\" \/>\n<meta property=\"og:url\" content=\"https:\/\/best4tires.stage.blindwerk.de\/de\/cookie-hinweis\/\" \/>\n<meta property=\"og:site_name\" content=\"Best4Tires Holding\" \/>\n<meta property=\"article:modified_time\" content=\"2022-11-07T13:09:43+00:00\" \/>\n<meta property=\"og:image\" content=\"https:\/\/best4tires.stage.blindwerk.de\/wp-content\/uploads\/content\/start\/best4tires_firmensitz_zentrale.jpg\" \/>\n\t<meta property=\"og:image:width\" content=\"2558\" \/>\n\t<meta property=\"og:image:height\" content=\"988\" \/>\n\t<meta property=\"og:image:type\" content=\"image\/jpeg\" \/>\n<meta name=\"twitter:card\" content=\"summary_large_image\" \/>\n<meta name=\"twitter:label1\" content=\"Gesch\u00e4tzte Lesezeit\" \/>\n\t<meta name=\"twitter:data1\" content=\"1\u00a0Minute\" \/>\n<script type=\"application\/ld+json\" class=\"yoast-schema-graph\">{\"@context\":\"https:\\\/\\\/schema.org\",\"@graph\":[{\"@type\":\"WebPage\",\"@id\":\"https:\\\/\\\/best4tires.stage.blindwerk.de\\\/de\\\/cookie-hinweis\\\/\",\"url\":\"https:\\\/\\\/best4tires.stage.blindwerk.de\\\/de\\\/cookie-hinweis\\\/\",\"name\":\"Cookie-Hinweis - Best4Tires Holding\",\"isPartOf\":{\"@id\":\"https:\\\/\\\/best4tires.stage.blindwerk.de\\\/de\\\/#website\"},\"primaryImageOfPage\":{\"@id\":\"https:\\\/\\\/best4tires.stage.blindwerk.de\\\/de\\\/cookie-hinweis\\\/#primaryimage\"},\"image\":{\"@id\":\"https:\\\/\\\/best4tires.stage.blindwerk.de\\\/de\\\/cookie-hinweis\\\/#primaryimage\"},\"thumbnailUrl\":\"https:\\\/\\\/best4tires.stage.blindwerk.de\\\/wp-content\\\/uploads\\\/content\\\/start\\\/best4tires_firmensitz_zentrale.jpg\",\"datePublished\":\"2020-04-22T13:28:37+00:00\",\"dateModified\":\"2022-11-07T13:09:43+00:00\",\"breadcrumb\":{\"@id\":\"https:\\\/\\\/best4tires.stage.blindwerk.de\\\/de\\\/cookie-hinweis\\\/#breadcrumb\"},\"inLanguage\":\"de\",\"potentialAction\":[{\"@type\":\"ReadAction\",\"target\":[\"https:\\\/\\\/best4tires.stage.blindwerk.de\\\/de\\\/cookie-hinweis\\\/\"]}]},{\"@type\":\"ImageObject\",\"inLanguage\":\"de\",\"@id\":\"https:\\\/\\\/best4tires.stage.blindwerk.de\\\/de\\\/cookie-hinweis\\\/#primaryimage\",\"url\":\"https:\\\/\\\/best4tires.stage.blindwerk.de\\\/wp-content\\\/uploads\\\/content\\\/start\\\/best4tires_firmensitz_zentrale.jpg\",\"contentUrl\":\"https:\\\/\\\/best4tires.stage.blindwerk.de\\\/wp-content\\\/uploads\\\/content\\\/start\\\/best4tires_firmensitz_zentrale.jpg\",\"width\":2558,\"height\":988},{\"@type\":\"BreadcrumbList\",\"@id\":\"https:\\\/\\\/best4tires.stage.blindwerk.de\\\/de\\\/cookie-hinweis\\\/#breadcrumb\",\"itemListElement\":[{\"@type\":\"ListItem\",\"position\":1,\"name\":\"Startseite\",\"item\":\"https:\\\/\\\/best4tires.stage.blindwerk.de\\\/de\\\/\"},{\"@type\":\"ListItem\",\"position\":2,\"name\":\"Cookie-Hinweis\"}]},{\"@type\":\"WebSite\",\"@id\":\"https:\\\/\\\/best4tires.stage.blindwerk.de\\\/de\\\/#website\",\"url\":\"https:\\\/\\\/best4tires.stage.blindwerk.de\\\/de\\\/\",\"name\":\"Best4Tires Holding\",\"description\":\"Solutions and Services\",\"potentialAction\":[{\"@type\":\"SearchAction\",\"target\":{\"@type\":\"EntryPoint\",\"urlTemplate\":\"https:\\\/\\\/best4tires.stage.blindwerk.de\\\/de\\\/?s={search_term_string}\"},\"query-input\":{\"@type\":\"PropertyValueSpecification\",\"valueRequired\":true,\"valueName\":\"search_term_string\"}}],\"inLanguage\":\"de\"}]}<\/script>\n<!-- \/ Yoast SEO plugin. -->","yoast_head_json":{"title":"Cookie-Hinweis - Best4Tires Holding","robots":{"index":"index","follow":"follow","max-snippet":"max-snippet:-1","max-image-preview":"max-image-preview:large","max-video-preview":"max-video-preview:-1"},"canonical":"https:\/\/best4tires.stage.blindwerk.de\/de\/cookie-hinweis\/","og_locale":"de_DE","og_type":"article","og_title":"Cookie-Hinweis - Best4Tires Holding","og_description":"Cookie-Hinweis","og_url":"https:\/\/best4tires.stage.blindwerk.de\/de\/cookie-hinweis\/","og_site_name":"Best4Tires Holding","article_modified_time":"2022-11-07T13:09:43+00:00","og_image":[{"width":2558,"height":988,"url":"https:\/\/best4tires.stage.blindwerk.de\/wp-content\/uploads\/content\/start\/best4tires_firmensitz_zentrale.jpg","type":"image\/jpeg"}],"twitter_card":"summary_large_image","twitter_misc":{"Gesch\u00e4tzte Lesezeit":"1\u00a0Minute"},"schema":{"@context":"https:\/\/schema.org","@graph":[{"@type":"WebPage","@id":"https:\/\/best4tires.stage.blindwerk.de\/de\/cookie-hinweis\/","url":"https:\/\/best4tires.stage.blindwerk.de\/de\/cookie-hinweis\/","name":"Cookie-Hinweis - Best4Tires Holding","isPartOf":{"@id":"https:\/\/best4tires.stage.blindwerk.de\/de\/#website"},"primaryImageOfPage":{"@id":"https:\/\/best4tires.stage.blindwerk.de\/de\/cookie-hinweis\/#primaryimage"},"image":{"@id":"https:\/\/best4tires.stage.blindwerk.de\/de\/cookie-hinweis\/#primaryimage"},"thumbnailUrl":"https:\/\/best4tires.stage.blindwerk.de\/wp-content\/uploads\/content\/start\/best4tires_firmensitz_zentrale.jpg","datePublished":"2020-04-22T13:28:37+00:00","dateModified":"2022-11-07T13:09:43+00:00","breadcrumb":{"@id":"https:\/\/best4tires.stage.blindwerk.de\/de\/cookie-hinweis\/#breadcrumb"},"inLanguage":"de","potentialAction":[{"@type":"ReadAction","target":["https:\/\/best4tires.stage.blindwerk.de\/de\/cookie-hinweis\/"]}]},{"@type":"ImageObject","inLanguage":"de","@id":"https:\/\/best4tires.stage.blindwerk.de\/de\/cookie-hinweis\/#primaryimage","url":"https:\/\/best4tires.stage.blindwerk.de\/wp-content\/uploads\/content\/start\/best4tires_firmensitz_zentrale.jpg","contentUrl":"https:\/\/best4tires.stage.blindwerk.de\/wp-content\/uploads\/content\/start\/best4tires_firmensitz_zentrale.jpg","width":2558,"height":988},{"@type":"BreadcrumbList","@id":"https:\/\/best4tires.stage.blindwerk.de\/de\/cookie-hinweis\/#breadcrumb","itemListElement":[{"@type":"ListItem","position":1,"name":"Startseite","item":"https:\/\/best4tires.stage.blindwerk.de\/de\/"},{"@type":"ListItem","position":2,"name":"Cookie-Hinweis"}]},{"@type":"WebSite","@id":"https:\/\/best4tires.stage.blindwerk.de\/de\/#website","url":"https:\/\/best4tires.stage.blindwerk.de\/de\/","name":"Best4Tires Holding","description":"Solutions and Services","potentialAction":[{"@type":"SearchAction","target":{"@type":"EntryPoint","urlTemplate":"https:\/\/best4tires.stage.blindwerk.de\/de\/?s={search_term_string}"},"query-input":{"@type":"PropertyValueSpecification","valueRequired":true,"valueName":"search_term_string"}}],"inLanguage":"de"}]}},"_links":{"self":[{"href":"https:\/\/best4tires.stage.blindwerk.de\/de\/wp-json\/wp\/v2\/pages\/19","targetHints":{"allow":["GET"]}}],"collection":[{"href":"https:\/\/best4tires.stage.blindwerk.de\/de\/wp-json\/wp\/v2\/pages"}],"about":[{"href":"https:\/\/best4tires.stage.blindwerk.de\/de\/wp-json\/wp\/v2\/types\/page"}],"author":[{"embeddable":true,"href":"https:\/\/best4tires.stage.blindwerk.de\/de\/wp-json\/wp\/v2\/users\/1"}],"replies":[{"embeddable":true,"href":"https:\/\/best4tires.stage.blindwerk.de\/de\/wp-json\/wp\/v2\/comments?post=19"}],"version-history":[{"count":2,"href":"https:\/\/best4tires.stage.blindwerk.de\/de\/wp-json\/wp\/v2\/pages\/19\/revisions"}],"predecessor-version":[{"id":3032,"href":"https:\/\/best4tires.stage.blindwerk.de\/de\/wp-json\/wp\/v2\/pages\/19\/revisions\/3032"}],"wp:featuredmedia":[{"embeddable":true,"href":"https:\/\/best4tires.stage.blindwerk.de\/de\/wp-json\/wp\/v2\/media\/3045"}],"wp:attachment":[{"href":"https:\/\/best4tires.stage.blindwerk.de\/de\/wp-json\/wp\/v2\/media?parent=19"}],"curies":[{"name":"wp","href":"https:\/\/api.w.org\/{rel}","templated":true}]}}