{"id":3171,"date":"2022-04-07T12:13:31","date_gmt":"2022-04-07T10:13:31","guid":{"rendered":"https:\/\/www.best4tires-holding.com\/?page_id=3171"},"modified":"2024-01-16T17:52:45","modified_gmt":"2024-01-16T16:52:45","slug":"geschaeftsleitung","status":"publish","type":"page","link":"https:\/\/best4tires.stage.blindwerk.de\/de\/unternehmen\/geschaeftsleitung\/","title":{"rendered":"Gesch\u00e4ftsleitung"},"content":{"rendered":"\n<div id=\"geschaeftsfuehrung\" class=\"wp-block-group small-container\"><div class=\"wp-block-group__inner-container is-layout-flow wp-block-group-is-layout-flow\">\n<h2 class=\"wp-block-heading has-text-align-center\">In vieler Hinsicht f\u00fchrend.<\/h2>\n\n\n\n<h3 class=\"wp-block-heading has-text-align-center\">Unsere erweiterte Gesch\u00e4ftsleitung.<\/h3>\n\n\n\n<p class=\"has-text-align-center\">In der erweiterten Gesch\u00e4ftsleitung sind alle operativen Einheiten wie folgt vertreten:<\/p>\n<\/div><\/div>\n\n\n\n<div style=\"height:50px\" aria-hidden=\"true\" class=\"wp-block-spacer\"><\/div>\n\n\n\n<div class=\"wp-block-group management\"><div class=\"wp-block-group__inner-container is-layout-flow wp-block-group-is-layout-flow\">\n<div class=\"wp-block-columns is-layout-flex wp-container-core-columns-is-layout-9d6595d7 wp-block-columns-is-layout-flex\">\n<div class=\"wp-block-column is-layout-flow wp-block-column-is-layout-flow\" style=\"flex-basis:20%\"><\/div>\n\n\n\n<div class=\"wp-block-column is-layout-flow wp-block-column-is-layout-flow\">\n<div class=\"wp-block-media-text alignwide is-stacked-on-mobile is-vertically-aligned-top\"><figure class=\"wp-block-media-text__media\"><img loading=\"lazy\" decoding=\"async\" width=\"193\" height=\"290\" src=\"https:\/\/www.best4tires.stage.blindwerk.de\/wp-content\/uploads\/armin_hess.png\" alt=\"\" class=\"wp-image-7648 size-full\"\/><\/figure><div class=\"wp-block-media-text__content\">\n<p class=\"has-normal-font-size\"><strong>Armin He\u00df<br>&#8211; Chief Executive Officer (CEO)<\/strong><\/p>\n\n\n\n<p>Gesch\u00e4ftsf\u00fchrer der Best4Tires Holding und Best4Tires GmbH seit 01.11.2023. <\/p>\n<\/div><\/div>\n<\/div>\n\n\n\n<div class=\"wp-block-column is-layout-flow wp-block-column-is-layout-flow\" style=\"flex-basis:20%\"><\/div>\n<\/div>\n\n\n\n<div class=\"wp-block-columns is-layout-flex wp-container-core-columns-is-layout-9d6595d7 wp-block-columns-is-layout-flex\">\n<div class=\"wp-block-column is-layout-flow wp-block-column-is-layout-flow\">\n<div class=\"wp-block-media-text alignwide is-stacked-on-mobile is-vertically-aligned-top\"><figure class=\"wp-block-media-text__media\"><img loading=\"lazy\" decoding=\"async\" width=\"193\" height=\"290\" src=\"\/wp-content\/uploads\/content\/unternehmen\/alessandro-eiser.png\" alt=\"\" class=\"wp-image-1545 size-full\"\/><\/figure><div class=\"wp-block-media-text__content\">\n<p><strong>Alessandro Eiser<\/strong><br><strong>&#8211; Chief Operation Officer (COO)<\/strong><\/p>\n\n\n\n<p>Alessandro Eiser ist seit rund 10 Jahren konstanter Bestandteil der Gesch\u00e4ftsf\u00fchrung und f\u00fcr den erfolgreichen, internationalen Ausbau der Gruppe mitverantwortlich.  Aufbauend auf seiner Erfahrung aus den verschiedenen F\u00fchrungspositionen im Unternehmen, ist er seit 2021 f\u00fcr das Logistik- und Produktionsmanagement zust\u00e4ndig.<\/p>\n<\/div><\/div>\n<\/div>\n\n\n\n<div class=\"wp-block-column is-layout-flow wp-block-column-is-layout-flow\">\n<div class=\"wp-block-media-text alignwide is-stacked-on-mobile is-vertically-aligned-top\"><figure class=\"wp-block-media-text__media\"><img loading=\"lazy\" decoding=\"async\" width=\"193\" height=\"290\" src=\"\/wp-content\/uploads\/content\/unternehmen\/dirk-gentgen.png\" alt=\"\" class=\"wp-image-1549 size-full\"\/><\/figure><div class=\"wp-block-media-text__content\">\n<p><strong>Dirk Gentgen<\/strong><br><strong>&#8211; Managing Director Solutions<\/strong><\/p>\n\n\n\n<p>Verantwortlich f\u00fcr das Erstausr\u00fcstungsgesch\u00e4ft, leitet Dirk Gentgen seit zehn Jahren als Gesch\u00e4ftsf\u00fchrer die europ\u00e4ischen Auslandsstandorte des Tochterunternehmens Gundlach Automotive Solutions &#8211; und kann dabei auf rund 30 Jahre Erfahrung im OEM-Gesch\u00e4ft zur\u00fcckgreifen.<\/p>\n<\/div><\/div>\n<\/div>\n<\/div>\n\n\n\n<div class=\"wp-block-columns is-layout-flex wp-container-core-columns-is-layout-9d6595d7 wp-block-columns-is-layout-flex\">\n<div class=\"wp-block-column is-layout-flow wp-block-column-is-layout-flow\">\n<div class=\"wp-block-media-text alignwide is-stacked-on-mobile is-vertically-aligned-top\"><figure class=\"wp-block-media-text__media\"><img decoding=\"async\" src=\"\/wp-content\/uploads\/b4t_profilbild_sascha_fechtner_v1.jpg\" alt=\"\" class=\"wp-image-1960 size-full\"\/><\/figure><div class=\"wp-block-media-text__content\">\n<p><strong>Sascha Fechtner<\/strong><br><strong>&#8211; Chief Financial Officer (CFO)<\/strong><\/p>\n\n\n\n<p>Die Leitung der Unternehmensbereiche Finanzen, Controlling, Human Resources sowie Recht\/Compliance und die interne Revision obliegt Sascha Fechtner. Durch seine jahrzehntelange Expertise als F\u00fchrungspers\u00f6nlichkeit in f\u00fchrenden Technologieunternehmen der Branchen Maschinenbau und Automotive bringt er ein umfassendes Know-how und eine breite Erfahrung mit.<\/p>\n<\/div><\/div>\n<\/div>\n\n\n\n<div class=\"wp-block-column is-layout-flow wp-block-column-is-layout-flow\">\n<div class=\"wp-block-media-text alignwide is-stacked-on-mobile is-vertically-aligned-top\"><figure class=\"wp-block-media-text__media\"><img decoding=\"async\" src=\"\/wp-content\/uploads\/philip_huelswitt.jpg\" alt=\"\" class=\"wp-image-1960 size-full\"\/><\/figure><div class=\"wp-block-media-text__content\">\n<p><strong>Philip H\u00fclswitt<\/strong><br><strong>&#8211; Chief Sales Officers<\/strong> <strong>(CSO)<\/strong><\/p>\n\n\n\n<p>Durch seine rund 10-j\u00e4hrige Unternehmenszugeh\u00f6rigkeit hat Philip H\u00fclswitt den Vertrieb in leitenden Positionen entscheidend mitgestaltet. Aufgrund seines Erfahrungsschatzes  als Abteilungsleiter des Gro\u00dfhandels und der daraus resultierenden nationalen wie internationalen Marktkenntnisse, verantwortet er unter seiner F\u00fchrung den nationalen wie internationalen Handel, die Zusammenarbeit mit Automobilh\u00e4ndlern und die Mitentwicklung digitaler Services f\u00fcr Best4Tires.<\/p>\n<\/div><\/div>\n<\/div>\n<\/div>\n\n\n\n<div class=\"wp-block-columns is-layout-flex wp-container-core-columns-is-layout-9d6595d7 wp-block-columns-is-layout-flex\">\n<div class=\"wp-block-column is-layout-flow wp-block-column-is-layout-flow\">\n<div class=\"wp-block-media-text alignwide is-stacked-on-mobile is-vertically-aligned-top\"><figure class=\"wp-block-media-text__media\"><img decoding=\"async\" src=\"\/wp-content\/uploads\/wojciech_specht.jpg\" alt=\"\" class=\"wp-image-1549 size-full\"\/><\/figure><div class=\"wp-block-media-text__content\">\n<p><strong>Wojciech Specht<\/strong><br><strong>&#8211; Chief Information Officer (CIO)<\/strong><\/p>\n\n\n\n<p>Ob im Upgrade des E-Commerce Gesch\u00e4fts, der Digitalisierung von internen wie externen Gesch\u00e4ftsprozessen oder in der ganzheitlichen IT-Systementwicklung: Mit seinem IT-Verst\u00e4ndnis aus rund 20 Jahren nutzt Wojciech Specht seine Kenntnisse aus der Automotive Branche, um das digitale Zielbild von Best4Tires nachhaltig weiterzuentwickeln.<\/p>\n<\/div><\/div>\n<\/div>\n\n\n\n<div class=\"wp-block-column is-layout-flow wp-block-column-is-layout-flow\"><\/div>\n<\/div>\n\n\n\n<\/p>\n<div class=\"wp-block-group\"><div class=\"wp-block-group__inner-container is-layout-flow wp-block-group-is-layout-flow\"><\/div><\/div>\n<p>\n<\/div><\/div>\n","protected":false},"excerpt":{"rendered":"<p>In vieler Hinsicht f\u00fchrend. Unsere erweiterte Gesch\u00e4ftsleitung. In der erweiterten Gesch\u00e4ftsleitung sind alle operativen Einheiten wie folgt vertreten: Armin He\u00df&#8211; Chief Executive Officer (CEO) Gesch\u00e4ftsf\u00fchrer der Best4Tires Holding und Best4Tires GmbH seit 01.11.2023. Alessandro Eiser&#8211; Chief Operation Officer (COO) Alessandro Eiser ist seit rund 10 Jahren konstanter Bestandteil der Gesch\u00e4ftsf\u00fchrung und f\u00fcr den erfolgreichen, internationalen [&hellip;]<\/p>\n","protected":false},"author":1,"featured_media":3045,"parent":787,"menu_order":14,"comment_status":"closed","ping_status":"closed","template":"page-full-width.php","meta":{"footnotes":""},"class_list":["post-3171","page","type-page","status-publish","has-post-thumbnail","hentry"],"yoast_head":"<!-- This site is optimized with the Yoast SEO plugin v27.5 - https:\/\/yoast.com\/product\/yoast-seo-wordpress\/ -->\n<title>Gesch\u00e4ftsleitung - Best4Tires Holding<\/title>\n<meta name=\"robots\" content=\"index, follow, max-snippet:-1, max-image-preview:large, max-video-preview:-1\" \/>\n<link rel=\"canonical\" href=\"https:\/\/best4tires.stage.blindwerk.de\/de\/unternehmen\/geschaeftsleitung\/\" \/>\n<meta property=\"og:locale\" content=\"de_DE\" \/>\n<meta property=\"og:type\" content=\"article\" \/>\n<meta property=\"og:title\" content=\"Gesch\u00e4ftsleitung - Best4Tires Holding\" \/>\n<meta property=\"og:description\" content=\"In vieler Hinsicht f\u00fchrend. Unsere erweiterte Gesch\u00e4ftsleitung. In der erweiterten Gesch\u00e4ftsleitung sind alle operativen Einheiten wie folgt vertreten: Armin He\u00df&#8211; Chief Executive Officer (CEO) Gesch\u00e4ftsf\u00fchrer der Best4Tires Holding und Best4Tires GmbH seit 01.11.2023. Alessandro Eiser&#8211; Chief Operation Officer (COO) Alessandro Eiser ist seit rund 10 Jahren konstanter Bestandteil der Gesch\u00e4ftsf\u00fchrung und f\u00fcr den erfolgreichen, internationalen [&hellip;]\" \/>\n<meta property=\"og:url\" content=\"https:\/\/best4tires.stage.blindwerk.de\/de\/unternehmen\/geschaeftsleitung\/\" \/>\n<meta property=\"og:site_name\" content=\"Best4Tires Holding\" \/>\n<meta property=\"article:modified_time\" content=\"2024-01-16T16:52:45+00:00\" \/>\n<meta property=\"og:image\" content=\"https:\/\/best4tires.stage.blindwerk.de\/wp-content\/uploads\/content\/start\/best4tires_firmensitz_zentrale.jpg\" \/>\n\t<meta property=\"og:image:width\" content=\"2558\" \/>\n\t<meta property=\"og:image:height\" content=\"988\" \/>\n\t<meta property=\"og:image:type\" content=\"image\/jpeg\" \/>\n<meta name=\"twitter:card\" content=\"summary_large_image\" \/>\n<meta name=\"twitter:label1\" content=\"Gesch\u00e4tzte Lesezeit\" \/>\n\t<meta name=\"twitter:data1\" content=\"3\u00a0Minuten\" \/>\n<script type=\"application\/ld+json\" class=\"yoast-schema-graph\">{\"@context\":\"https:\\\/\\\/schema.org\",\"@graph\":[{\"@type\":\"WebPage\",\"@id\":\"https:\\\/\\\/best4tires.stage.blindwerk.de\\\/de\\\/unternehmen\\\/geschaeftsleitung\\\/\",\"url\":\"https:\\\/\\\/best4tires.stage.blindwerk.de\\\/de\\\/unternehmen\\\/geschaeftsleitung\\\/\",\"name\":\"Gesch\u00e4ftsleitung - Best4Tires Holding\",\"isPartOf\":{\"@id\":\"https:\\\/\\\/best4tires.stage.blindwerk.de\\\/de\\\/#website\"},\"primaryImageOfPage\":{\"@id\":\"https:\\\/\\\/best4tires.stage.blindwerk.de\\\/de\\\/unternehmen\\\/geschaeftsleitung\\\/#primaryimage\"},\"image\":{\"@id\":\"https:\\\/\\\/best4tires.stage.blindwerk.de\\\/de\\\/unternehmen\\\/geschaeftsleitung\\\/#primaryimage\"},\"thumbnailUrl\":\"https:\\\/\\\/best4tires.stage.blindwerk.de\\\/wp-content\\\/uploads\\\/content\\\/start\\\/best4tires_firmensitz_zentrale.jpg\",\"datePublished\":\"2022-04-07T10:13:31+00:00\",\"dateModified\":\"2024-01-16T16:52:45+00:00\",\"breadcrumb\":{\"@id\":\"https:\\\/\\\/best4tires.stage.blindwerk.de\\\/de\\\/unternehmen\\\/geschaeftsleitung\\\/#breadcrumb\"},\"inLanguage\":\"de\",\"potentialAction\":[{\"@type\":\"ReadAction\",\"target\":[\"https:\\\/\\\/best4tires.stage.blindwerk.de\\\/de\\\/unternehmen\\\/geschaeftsleitung\\\/\"]}]},{\"@type\":\"ImageObject\",\"inLanguage\":\"de\",\"@id\":\"https:\\\/\\\/best4tires.stage.blindwerk.de\\\/de\\\/unternehmen\\\/geschaeftsleitung\\\/#primaryimage\",\"url\":\"https:\\\/\\\/best4tires.stage.blindwerk.de\\\/wp-content\\\/uploads\\\/content\\\/start\\\/best4tires_firmensitz_zentrale.jpg\",\"contentUrl\":\"https:\\\/\\\/best4tires.stage.blindwerk.de\\\/wp-content\\\/uploads\\\/content\\\/start\\\/best4tires_firmensitz_zentrale.jpg\",\"width\":2558,\"height\":988},{\"@type\":\"BreadcrumbList\",\"@id\":\"https:\\\/\\\/best4tires.stage.blindwerk.de\\\/de\\\/unternehmen\\\/geschaeftsleitung\\\/#breadcrumb\",\"itemListElement\":[{\"@type\":\"ListItem\",\"position\":1,\"name\":\"Startseite\",\"item\":\"https:\\\/\\\/best4tires.stage.blindwerk.de\\\/de\\\/\"},{\"@type\":\"ListItem\",\"position\":2,\"name\":\"Unternehmen\",\"item\":\"https:\\\/\\\/best4tires.stage.blindwerk.de\\\/de\\\/unternehmen\\\/\"},{\"@type\":\"ListItem\",\"position\":3,\"name\":\"Gesch\u00e4ftsleitung\"}]},{\"@type\":\"WebSite\",\"@id\":\"https:\\\/\\\/best4tires.stage.blindwerk.de\\\/de\\\/#website\",\"url\":\"https:\\\/\\\/best4tires.stage.blindwerk.de\\\/de\\\/\",\"name\":\"Best4Tires Holding\",\"description\":\"Solutions and Services\",\"potentialAction\":[{\"@type\":\"SearchAction\",\"target\":{\"@type\":\"EntryPoint\",\"urlTemplate\":\"https:\\\/\\\/best4tires.stage.blindwerk.de\\\/de\\\/?s={search_term_string}\"},\"query-input\":{\"@type\":\"PropertyValueSpecification\",\"valueRequired\":true,\"valueName\":\"search_term_string\"}}],\"inLanguage\":\"de\"}]}<\/script>\n<!-- \/ Yoast SEO plugin. -->","yoast_head_json":{"title":"Gesch\u00e4ftsleitung - Best4Tires Holding","robots":{"index":"index","follow":"follow","max-snippet":"max-snippet:-1","max-image-preview":"max-image-preview:large","max-video-preview":"max-video-preview:-1"},"canonical":"https:\/\/best4tires.stage.blindwerk.de\/de\/unternehmen\/geschaeftsleitung\/","og_locale":"de_DE","og_type":"article","og_title":"Gesch\u00e4ftsleitung - Best4Tires Holding","og_description":"In vieler Hinsicht f\u00fchrend. Unsere erweiterte Gesch\u00e4ftsleitung. In der erweiterten Gesch\u00e4ftsleitung sind alle operativen Einheiten wie folgt vertreten: Armin He\u00df&#8211; Chief Executive Officer (CEO) Gesch\u00e4ftsf\u00fchrer der Best4Tires Holding und Best4Tires GmbH seit 01.11.2023. Alessandro Eiser&#8211; Chief Operation Officer (COO) Alessandro Eiser ist seit rund 10 Jahren konstanter Bestandteil der Gesch\u00e4ftsf\u00fchrung und f\u00fcr den erfolgreichen, internationalen [&hellip;]","og_url":"https:\/\/best4tires.stage.blindwerk.de\/de\/unternehmen\/geschaeftsleitung\/","og_site_name":"Best4Tires Holding","article_modified_time":"2024-01-16T16:52:45+00:00","og_image":[{"width":2558,"height":988,"url":"https:\/\/best4tires.stage.blindwerk.de\/wp-content\/uploads\/content\/start\/best4tires_firmensitz_zentrale.jpg","type":"image\/jpeg"}],"twitter_card":"summary_large_image","twitter_misc":{"Gesch\u00e4tzte Lesezeit":"3\u00a0Minuten"},"schema":{"@context":"https:\/\/schema.org","@graph":[{"@type":"WebPage","@id":"https:\/\/best4tires.stage.blindwerk.de\/de\/unternehmen\/geschaeftsleitung\/","url":"https:\/\/best4tires.stage.blindwerk.de\/de\/unternehmen\/geschaeftsleitung\/","name":"Gesch\u00e4ftsleitung - Best4Tires Holding","isPartOf":{"@id":"https:\/\/best4tires.stage.blindwerk.de\/de\/#website"},"primaryImageOfPage":{"@id":"https:\/\/best4tires.stage.blindwerk.de\/de\/unternehmen\/geschaeftsleitung\/#primaryimage"},"image":{"@id":"https:\/\/best4tires.stage.blindwerk.de\/de\/unternehmen\/geschaeftsleitung\/#primaryimage"},"thumbnailUrl":"https:\/\/best4tires.stage.blindwerk.de\/wp-content\/uploads\/content\/start\/best4tires_firmensitz_zentrale.jpg","datePublished":"2022-04-07T10:13:31+00:00","dateModified":"2024-01-16T16:52:45+00:00","breadcrumb":{"@id":"https:\/\/best4tires.stage.blindwerk.de\/de\/unternehmen\/geschaeftsleitung\/#breadcrumb"},"inLanguage":"de","potentialAction":[{"@type":"ReadAction","target":["https:\/\/best4tires.stage.blindwerk.de\/de\/unternehmen\/geschaeftsleitung\/"]}]},{"@type":"ImageObject","inLanguage":"de","@id":"https:\/\/best4tires.stage.blindwerk.de\/de\/unternehmen\/geschaeftsleitung\/#primaryimage","url":"https:\/\/best4tires.stage.blindwerk.de\/wp-content\/uploads\/content\/start\/best4tires_firmensitz_zentrale.jpg","contentUrl":"https:\/\/best4tires.stage.blindwerk.de\/wp-content\/uploads\/content\/start\/best4tires_firmensitz_zentrale.jpg","width":2558,"height":988},{"@type":"BreadcrumbList","@id":"https:\/\/best4tires.stage.blindwerk.de\/de\/unternehmen\/geschaeftsleitung\/#breadcrumb","itemListElement":[{"@type":"ListItem","position":1,"name":"Startseite","item":"https:\/\/best4tires.stage.blindwerk.de\/de\/"},{"@type":"ListItem","position":2,"name":"Unternehmen","item":"https:\/\/best4tires.stage.blindwerk.de\/de\/unternehmen\/"},{"@type":"ListItem","position":3,"name":"Gesch\u00e4ftsleitung"}]},{"@type":"WebSite","@id":"https:\/\/best4tires.stage.blindwerk.de\/de\/#website","url":"https:\/\/best4tires.stage.blindwerk.de\/de\/","name":"Best4Tires Holding","description":"Solutions and Services","potentialAction":[{"@type":"SearchAction","target":{"@type":"EntryPoint","urlTemplate":"https:\/\/best4tires.stage.blindwerk.de\/de\/?s={search_term_string}"},"query-input":{"@type":"PropertyValueSpecification","valueRequired":true,"valueName":"search_term_string"}}],"inLanguage":"de"}]}},"_links":{"self":[{"href":"https:\/\/best4tires.stage.blindwerk.de\/de\/wp-json\/wp\/v2\/pages\/3171","targetHints":{"allow":["GET"]}}],"collection":[{"href":"https:\/\/best4tires.stage.blindwerk.de\/de\/wp-json\/wp\/v2\/pages"}],"about":[{"href":"https:\/\/best4tires.stage.blindwerk.de\/de\/wp-json\/wp\/v2\/types\/page"}],"author":[{"embeddable":true,"href":"https:\/\/best4tires.stage.blindwerk.de\/de\/wp-json\/wp\/v2\/users\/1"}],"replies":[{"embeddable":true,"href":"https:\/\/best4tires.stage.blindwerk.de\/de\/wp-json\/wp\/v2\/comments?post=3171"}],"version-history":[{"count":9,"href":"https:\/\/best4tires.stage.blindwerk.de\/de\/wp-json\/wp\/v2\/pages\/3171\/revisions"}],"predecessor-version":[{"id":7666,"href":"https:\/\/best4tires.stage.blindwerk.de\/de\/wp-json\/wp\/v2\/pages\/3171\/revisions\/7666"}],"up":[{"embeddable":true,"href":"https:\/\/best4tires.stage.blindwerk.de\/de\/wp-json\/wp\/v2\/pages\/787"}],"wp:featuredmedia":[{"embeddable":true,"href":"https:\/\/best4tires.stage.blindwerk.de\/de\/wp-json\/wp\/v2\/media\/3045"}],"wp:attachment":[{"href":"https:\/\/best4tires.stage.blindwerk.de\/de\/wp-json\/wp\/v2\/media?parent=3171"}],"curies":[{"name":"wp","href":"https:\/\/api.w.org\/{rel}","templated":true}]}}