{"id":36,"date":"2020-04-22T16:10:01","date_gmt":"2020-04-22T14:10:01","guid":{"rendered":"https:\/\/www.gundlach-automotive.com\/?page_id=36"},"modified":"2023-03-29T13:19:05","modified_gmt":"2023-03-29T11:19:05","slug":"kontakt","status":"publish","type":"page","link":"https:\/\/best4tires.stage.blindwerk.de\/de\/kontakt\/","title":{"rendered":"Kontakt"},"content":{"rendered":"\n<h2 class=\"wp-block-heading\">Kontakt<\/h2>\n\n\n\n<p><\/p>\n\n\n\n<div style=\"height:25px\" aria-hidden=\"true\" class=\"wp-block-spacer\"><\/div>\n\n\n\n<h3 class=\"wp-block-heading\">Wir freuen uns auf Ihre Nachricht.<\/h3>\n\n\n\n<div style=\"height:50px\" aria-hidden=\"true\" class=\"wp-block-spacer\"><\/div>\n\n\n\n<p>Kontaktieren Sie uns gerne \u00fcber die nachstehenden Kontaktm\u00f6glichkeiten oder \u00fcber das unten aufgef\u00fchrte Kontaktformular.<\/p>\n\n\n\n<p>E-Mail:\u00a0<a href=\"mailto:welcome@gundlach-automotive.com\"><em>welcome@best4tires.com<\/em><\/a><br>Phone: +49 2684 9450-0<\/p>\n\n\n\n<div style=\"height:50px\" aria-hidden=\"true\" class=\"wp-block-spacer\"><\/div>\n","protected":false},"excerpt":{"rendered":"<p>Kontakt Wir freuen uns auf Ihre Nachricht. Kontaktieren Sie uns gerne \u00fcber die nachstehenden Kontaktm\u00f6glichkeiten oder \u00fcber das unten aufgef\u00fchrte Kontaktformular. E-Mail:\u00a0welcome@best4tires.comPhone: +49 2684 9450-0<\/p>\n","protected":false},"author":1,"featured_media":3045,"parent":0,"menu_order":11,"comment_status":"closed","ping_status":"closed","template":"page-full-width.php","meta":{"footnotes":""},"class_list":["post-36","page","type-page","status-publish","has-post-thumbnail","hentry"],"yoast_head":"<!-- This site is optimized with the Yoast SEO plugin v27.5 - https:\/\/yoast.com\/product\/yoast-seo-wordpress\/ -->\n<title>Kontakt - Best4Tires Holding<\/title>\n<meta name=\"description\" content=\"Kontaktieren Sie uns gerne, falls Sie Fragen zu unseren Produkten, dem Unternehmen oder Karrierem\u00f6glichkeiten haben.\" \/>\n<meta name=\"robots\" content=\"index, follow, max-snippet:-1, max-image-preview:large, max-video-preview:-1\" \/>\n<link rel=\"canonical\" href=\"https:\/\/best4tires.stage.blindwerk.de\/de\/kontakt\/\" \/>\n<meta property=\"og:locale\" content=\"de_DE\" \/>\n<meta property=\"og:type\" content=\"article\" \/>\n<meta property=\"og:title\" content=\"Kontakt - Best4Tires Holding\" \/>\n<meta property=\"og:description\" content=\"Kontaktieren Sie uns gerne, falls Sie Fragen zu unseren Produkten, dem Unternehmen oder Karrierem\u00f6glichkeiten haben.\" \/>\n<meta property=\"og:url\" content=\"https:\/\/best4tires.stage.blindwerk.de\/de\/kontakt\/\" \/>\n<meta property=\"og:site_name\" content=\"Best4Tires Holding\" \/>\n<meta property=\"article:modified_time\" content=\"2023-03-29T11:19:05+00:00\" \/>\n<meta property=\"og:image\" content=\"https:\/\/best4tires.stage.blindwerk.de\/wp-content\/uploads\/content\/start\/best4tires_firmensitz_zentrale.jpg\" \/>\n\t<meta property=\"og:image:width\" content=\"2558\" \/>\n\t<meta property=\"og:image:height\" content=\"988\" \/>\n\t<meta property=\"og:image:type\" content=\"image\/jpeg\" \/>\n<meta name=\"twitter:card\" content=\"summary_large_image\" \/>\n<meta name=\"twitter:label1\" content=\"Gesch\u00e4tzte Lesezeit\" \/>\n\t<meta name=\"twitter:data1\" content=\"1\u00a0Minute\" \/>\n<script type=\"application\/ld+json\" class=\"yoast-schema-graph\">{\"@context\":\"https:\\\/\\\/schema.org\",\"@graph\":[{\"@type\":\"WebPage\",\"@id\":\"https:\\\/\\\/best4tires.stage.blindwerk.de\\\/de\\\/kontakt\\\/\",\"url\":\"https:\\\/\\\/best4tires.stage.blindwerk.de\\\/de\\\/kontakt\\\/\",\"name\":\"Kontakt - Best4Tires Holding\",\"isPartOf\":{\"@id\":\"https:\\\/\\\/best4tires.stage.blindwerk.de\\\/de\\\/#website\"},\"primaryImageOfPage\":{\"@id\":\"https:\\\/\\\/best4tires.stage.blindwerk.de\\\/de\\\/kontakt\\\/#primaryimage\"},\"image\":{\"@id\":\"https:\\\/\\\/best4tires.stage.blindwerk.de\\\/de\\\/kontakt\\\/#primaryimage\"},\"thumbnailUrl\":\"https:\\\/\\\/best4tires.stage.blindwerk.de\\\/wp-content\\\/uploads\\\/content\\\/start\\\/best4tires_firmensitz_zentrale.jpg\",\"datePublished\":\"2020-04-22T14:10:01+00:00\",\"dateModified\":\"2023-03-29T11:19:05+00:00\",\"description\":\"Kontaktieren Sie uns gerne, falls Sie Fragen zu unseren Produkten, dem Unternehmen oder Karrierem\u00f6glichkeiten haben.\",\"breadcrumb\":{\"@id\":\"https:\\\/\\\/best4tires.stage.blindwerk.de\\\/de\\\/kontakt\\\/#breadcrumb\"},\"inLanguage\":\"de\",\"potentialAction\":[{\"@type\":\"ReadAction\",\"target\":[\"https:\\\/\\\/best4tires.stage.blindwerk.de\\\/de\\\/kontakt\\\/\"]}]},{\"@type\":\"ImageObject\",\"inLanguage\":\"de\",\"@id\":\"https:\\\/\\\/best4tires.stage.blindwerk.de\\\/de\\\/kontakt\\\/#primaryimage\",\"url\":\"https:\\\/\\\/best4tires.stage.blindwerk.de\\\/wp-content\\\/uploads\\\/content\\\/start\\\/best4tires_firmensitz_zentrale.jpg\",\"contentUrl\":\"https:\\\/\\\/best4tires.stage.blindwerk.de\\\/wp-content\\\/uploads\\\/content\\\/start\\\/best4tires_firmensitz_zentrale.jpg\",\"width\":2558,\"height\":988},{\"@type\":\"BreadcrumbList\",\"@id\":\"https:\\\/\\\/best4tires.stage.blindwerk.de\\\/de\\\/kontakt\\\/#breadcrumb\",\"itemListElement\":[{\"@type\":\"ListItem\",\"position\":1,\"name\":\"Startseite\",\"item\":\"https:\\\/\\\/best4tires.stage.blindwerk.de\\\/de\\\/\"},{\"@type\":\"ListItem\",\"position\":2,\"name\":\"Kontakt\"}]},{\"@type\":\"WebSite\",\"@id\":\"https:\\\/\\\/best4tires.stage.blindwerk.de\\\/de\\\/#website\",\"url\":\"https:\\\/\\\/best4tires.stage.blindwerk.de\\\/de\\\/\",\"name\":\"Best4Tires Holding\",\"description\":\"Solutions and Services\",\"potentialAction\":[{\"@type\":\"SearchAction\",\"target\":{\"@type\":\"EntryPoint\",\"urlTemplate\":\"https:\\\/\\\/best4tires.stage.blindwerk.de\\\/de\\\/?s={search_term_string}\"},\"query-input\":{\"@type\":\"PropertyValueSpecification\",\"valueRequired\":true,\"valueName\":\"search_term_string\"}}],\"inLanguage\":\"de\"}]}<\/script>\n<!-- \/ Yoast SEO plugin. -->","yoast_head_json":{"title":"Kontakt - Best4Tires Holding","description":"Kontaktieren Sie uns gerne, falls Sie Fragen zu unseren Produkten, dem Unternehmen oder Karrierem\u00f6glichkeiten haben.","robots":{"index":"index","follow":"follow","max-snippet":"max-snippet:-1","max-image-preview":"max-image-preview:large","max-video-preview":"max-video-preview:-1"},"canonical":"https:\/\/best4tires.stage.blindwerk.de\/de\/kontakt\/","og_locale":"de_DE","og_type":"article","og_title":"Kontakt - Best4Tires Holding","og_description":"Kontaktieren Sie uns gerne, falls Sie Fragen zu unseren Produkten, dem Unternehmen oder Karrierem\u00f6glichkeiten haben.","og_url":"https:\/\/best4tires.stage.blindwerk.de\/de\/kontakt\/","og_site_name":"Best4Tires Holding","article_modified_time":"2023-03-29T11:19:05+00:00","og_image":[{"width":2558,"height":988,"url":"https:\/\/best4tires.stage.blindwerk.de\/wp-content\/uploads\/content\/start\/best4tires_firmensitz_zentrale.jpg","type":"image\/jpeg"}],"twitter_card":"summary_large_image","twitter_misc":{"Gesch\u00e4tzte Lesezeit":"1\u00a0Minute"},"schema":{"@context":"https:\/\/schema.org","@graph":[{"@type":"WebPage","@id":"https:\/\/best4tires.stage.blindwerk.de\/de\/kontakt\/","url":"https:\/\/best4tires.stage.blindwerk.de\/de\/kontakt\/","name":"Kontakt - Best4Tires Holding","isPartOf":{"@id":"https:\/\/best4tires.stage.blindwerk.de\/de\/#website"},"primaryImageOfPage":{"@id":"https:\/\/best4tires.stage.blindwerk.de\/de\/kontakt\/#primaryimage"},"image":{"@id":"https:\/\/best4tires.stage.blindwerk.de\/de\/kontakt\/#primaryimage"},"thumbnailUrl":"https:\/\/best4tires.stage.blindwerk.de\/wp-content\/uploads\/content\/start\/best4tires_firmensitz_zentrale.jpg","datePublished":"2020-04-22T14:10:01+00:00","dateModified":"2023-03-29T11:19:05+00:00","description":"Kontaktieren Sie uns gerne, falls Sie Fragen zu unseren Produkten, dem Unternehmen oder Karrierem\u00f6glichkeiten haben.","breadcrumb":{"@id":"https:\/\/best4tires.stage.blindwerk.de\/de\/kontakt\/#breadcrumb"},"inLanguage":"de","potentialAction":[{"@type":"ReadAction","target":["https:\/\/best4tires.stage.blindwerk.de\/de\/kontakt\/"]}]},{"@type":"ImageObject","inLanguage":"de","@id":"https:\/\/best4tires.stage.blindwerk.de\/de\/kontakt\/#primaryimage","url":"https:\/\/best4tires.stage.blindwerk.de\/wp-content\/uploads\/content\/start\/best4tires_firmensitz_zentrale.jpg","contentUrl":"https:\/\/best4tires.stage.blindwerk.de\/wp-content\/uploads\/content\/start\/best4tires_firmensitz_zentrale.jpg","width":2558,"height":988},{"@type":"BreadcrumbList","@id":"https:\/\/best4tires.stage.blindwerk.de\/de\/kontakt\/#breadcrumb","itemListElement":[{"@type":"ListItem","position":1,"name":"Startseite","item":"https:\/\/best4tires.stage.blindwerk.de\/de\/"},{"@type":"ListItem","position":2,"name":"Kontakt"}]},{"@type":"WebSite","@id":"https:\/\/best4tires.stage.blindwerk.de\/de\/#website","url":"https:\/\/best4tires.stage.blindwerk.de\/de\/","name":"Best4Tires Holding","description":"Solutions and Services","potentialAction":[{"@type":"SearchAction","target":{"@type":"EntryPoint","urlTemplate":"https:\/\/best4tires.stage.blindwerk.de\/de\/?s={search_term_string}"},"query-input":{"@type":"PropertyValueSpecification","valueRequired":true,"valueName":"search_term_string"}}],"inLanguage":"de"}]}},"_links":{"self":[{"href":"https:\/\/best4tires.stage.blindwerk.de\/de\/wp-json\/wp\/v2\/pages\/36","targetHints":{"allow":["GET"]}}],"collection":[{"href":"https:\/\/best4tires.stage.blindwerk.de\/de\/wp-json\/wp\/v2\/pages"}],"about":[{"href":"https:\/\/best4tires.stage.blindwerk.de\/de\/wp-json\/wp\/v2\/types\/page"}],"author":[{"embeddable":true,"href":"https:\/\/best4tires.stage.blindwerk.de\/de\/wp-json\/wp\/v2\/users\/1"}],"replies":[{"embeddable":true,"href":"https:\/\/best4tires.stage.blindwerk.de\/de\/wp-json\/wp\/v2\/comments?post=36"}],"version-history":[{"count":3,"href":"https:\/\/best4tires.stage.blindwerk.de\/de\/wp-json\/wp\/v2\/pages\/36\/revisions"}],"predecessor-version":[{"id":7431,"href":"https:\/\/best4tires.stage.blindwerk.de\/de\/wp-json\/wp\/v2\/pages\/36\/revisions\/7431"}],"wp:featuredmedia":[{"embeddable":true,"href":"https:\/\/best4tires.stage.blindwerk.de\/de\/wp-json\/wp\/v2\/media\/3045"}],"wp:attachment":[{"href":"https:\/\/best4tires.stage.blindwerk.de\/de\/wp-json\/wp\/v2\/media?parent=36"}],"curies":[{"name":"wp","href":"https:\/\/api.w.org\/{rel}","templated":true}]}}