{"id":3877,"date":"2022-11-07T10:50:08","date_gmt":"2022-11-07T09:50:08","guid":{"rendered":"https:\/\/www.best4tires-holding.com\/?page_id=3877"},"modified":"2022-11-17T12:42:44","modified_gmt":"2022-11-17T11:42:44","slug":"nachhaltigkeit","status":"publish","type":"page","link":"https:\/\/best4tires.stage.blindwerk.de\/de\/nachhaltigkeit\/","title":{"rendered":"Nachhaltigkeit"},"content":{"rendered":"\n<div class=\"wp-block-media-text alignwide has-media-on-the-right is-stacked-on-mobile\" id=\"nachhaltigkeit\"><div class=\"wp-block-media-text__content\">\n<div style=\"height:50px\" aria-hidden=\"true\" class=\"wp-block-spacer\"><\/div>\n\n\n\n<h2 class=\"wp-block-heading\" style=\"font-style:normal;font-weight:800\">Der n\u00e4chste Schritt.<\/h2>\n\n\n\n<h3 class=\"wp-block-heading\">Als Unternehmen \u00fcbernehmen wir heute Verantwortung f\u00fcr morgen.<\/h3>\n\n\n\n<p>Im Bestreben, einen relevanten Beitrag f\u00fcr ein nachhaltiges, gerechtes und ethisch integres Miteinander zu leisten, nimmt der Bereich Environmental, Social und Governance (ESG) einen besonderen Stellenwert bei Best4Tires ein. <\/p>\n\n\n\n<p>Dass Nachhaltigkeit dabei mehr umfasst als \u00f6kologisches Handeln, wird anhand der Facetten deutlich, in denen wir uns f\u00fcr die Zukunft im Sinne von ESG stark machen. So z\u00e4hlen neben Strategien zum Klimaschutz und schonendem Ressourcenmanagement auch Aspekte wie die Investition in die Sicherheit und Gesundheit am Arbeitsplatz, der Zugang zu Weiterbildung und die Wertsch\u00e4tzung der Mitarbeitenden im Fokus. <\/p>\n\n\n\n<p>Last but not least setzen wir uns bei Best4Tires im Rahmen einer verantwortungsbewussten Unternehmensf\u00fchrung f\u00fcr die Einhaltung geltender Compliance-Regeln ein, die sich aus dem Miteinander von Gesetzen, Richtlinien und unserem unternehmenseigenen Code of Conduct (Verhaltenskodex f\u00fcr Mitarbeitende) ergeben.<\/p>\n<\/div><figure class=\"wp-block-media-text__media\"><img decoding=\"async\" src=\"\/wp-content\/uploads\/B4T_WEB_360x360.jpg\" alt=\"Eine Vielzahl an Reifen und Felgen im gut sortierten Lager von Gundlach Automotive.\" class=\"wp-image-2364 size-full\"\/><\/figure><\/div>\n\n\n\n<div style=\"height:50px\" aria-hidden=\"true\" class=\"wp-block-spacer\"><\/div>\n\n\n\n<div class=\"wp-block-group container\"><div class=\"wp-block-group__inner-container is-layout-flow wp-block-group-is-layout-flow\">\n<div class=\"wp-block-columns is-layout-flex wp-container-core-columns-is-layout-9d6595d7 wp-block-columns-is-layout-flex\">\n<div class=\"wp-block-column is-layout-flow wp-block-column-is-layout-flow\">\n<figure class=\"wp-block-image aligncenter size-large is-resized\" style=\"height: 80px\"><img decoding=\"async\" src=\"https:\/\/www.best4tires.stage.blindwerk.de\/de\/wp-content\/themes\/bootstrap-gundlach-automotive-child\/images\/B4T_WEB_Icon_Environmental.svg\" style=\"width: auto;height: 60px;\"><\/figure>\n\n\n\n<h2 class=\"has-text-align-center single-headline wp-block-heading\" style=\"font-style:normal;font-weight:800\"><a href=\"https:\/\/best4tires.stage.blindwerk.de\/de\/nachhaltigkeit\/environmental\/\">Environmental<\/a><\/h2>\n\n\n\n<p class=\"has-text-align-center\"><p class=\"has-text-align-center\" style=\"height:50px\">Energie- und Treibhausmanagement<\/p><\/p>\n\n\n\n<div style=\"height:50px\" aria-hidden=\"true\" class=\"wp-block-spacer\"><\/div>\n\n\n\n<div class=\"wp-block-buttons is-horizontal is-content-justification-center is-layout-flex wp-container-core-buttons-is-layout-499968f5 wp-block-buttons-is-layout-flex\">\n<div class=\"wp-block-button\"><a class=\"wp-block-button__link wp-element-button\" href=\"https:\/\/best4tires.stage.blindwerk.de\/de\/nachhaltigkeit\/environmental\/\">Mehr erfahren<\/a><\/div>\n<\/div>\n<\/div>\n\n\n\n<div class=\"wp-block-column is-layout-flow wp-block-column-is-layout-flow\">\n<figure class=\"wp-block-image aligncenter size-large is-resized\" style=\"height: 80px\"><img decoding=\"async\" src=\"https:\/\/www.best4tires.stage.blindwerk.de\/de\/wp-content\/themes\/bootstrap-gundlach-automotive-child\/images\/B4T_WEB_Icon_Social.svg\" alt=\"\" style=\"width: auto;height: 60px;\"><\/figure>\n\n\n\n<h2 class=\"has-text-align-center single-headline wp-block-heading\" style=\"font-style:normal;font-weight:800\"><a href=\"https:\/\/best4tires.stage.blindwerk.de\/de\/nachhaltigkeit\/\">Soc<\/a><a href=\"https:\/\/best4tires.stage.blindwerk.de\/de\/nachhaltigkeit\/social\/\">i<\/a><a href=\"https:\/\/best4tires.stage.blindwerk.de\/de\/nachhaltigkeit\/\">al<\/a><\/h2>\n\n\n\n<p class=\"has-text-align-center\"><p class=\"has-text-align-center\" style=\"height:50px\">Gesundheit und Sicherheit<\/p><\/p>\n\n\n\n<div style=\"height:50px\" aria-hidden=\"true\" class=\"wp-block-spacer\"><\/div>\n\n\n\n<div class=\"wp-block-buttons is-horizontal is-content-justification-center is-layout-flex wp-container-core-buttons-is-layout-499968f5 wp-block-buttons-is-layout-flex\">\n<div class=\"wp-block-button\"><a class=\"wp-block-button__link wp-element-button\" href=\"https:\/\/best4tires.stage.blindwerk.de\/de\/nachhaltigkeit\/social\/\">Mehr erfahren<\/a><\/div>\n<\/div>\n<\/div>\n\n\n\n<div class=\"wp-block-column is-layout-flow wp-block-column-is-layout-flow\">\n<figure class=\"wp-block-image aligncenter size-large is-resized\" style=\"height: 80px\"><img decoding=\"async\" src=\"https:\/\/www.best4tires.stage.blindwerk.de\/de\/wp-content\/themes\/bootstrap-gundlach-automotive-child\/images\/B4T_WEB_Icon_Governance.svg\" alt=\"\" style=\"width: auto;height: 60px;\"><\/figure>\n\n\n\n<h2 class=\"has-text-align-center single-headline wp-block-heading\" style=\"font-style:normal;font-weight:800\"><a href=\"https:\/\/best4tires.stage.blindwerk.de\/de\/nachhaltigkeit\/governance\/\">Governance<\/a><\/h2>\n\n\n\n<p class=\"has-text-align-center\"><p class=\"has-text-align-center\" style=\"height:50px\">Datensicherheit und Schutz<br>der Privatsph\u00e4re<\/p><\/p>\n\n\n\n<div style=\"height:50px\" aria-hidden=\"true\" class=\"wp-block-spacer\"><\/div>\n\n\n\n<div class=\"wp-block-buttons is-horizontal is-content-justification-center is-layout-flex wp-container-core-buttons-is-layout-499968f5 wp-block-buttons-is-layout-flex\">\n<div class=\"wp-block-button\"><a class=\"wp-block-button__link wp-element-button\" href=\"https:\/\/best4tires.stage.blindwerk.de\/de\/nachhaltigkeit\/governance\/\">Mehr erfahren<\/a><\/div>\n<\/div>\n<\/div>\n\n\n\n<div class=\"wp-block-column is-layout-flow wp-block-column-is-layout-flow\"><\/div>\n<\/div>\n<\/div><\/div>\n\n\n<p><!-- \/wp:post-content --><\/p>","protected":false},"excerpt":{"rendered":"<p>Environmental Energie- und Treibhausmanagement Social Gesundheit und Sicherheit Governance Datensicherheit und Schutzder Privatsph\u00e4re<\/p>\n","protected":false},"author":14,"featured_media":0,"parent":0,"menu_order":33,"comment_status":"closed","ping_status":"closed","template":"page-full-width.php","meta":{"footnotes":""},"class_list":["post-3877","page","type-page","status-publish","hentry"],"yoast_head":"<!-- This site is optimized with the Yoast SEO plugin v27.5 - https:\/\/yoast.com\/product\/yoast-seo-wordpress\/ -->\n<title>Nachhaltigkeit - Best4Tires Holding<\/title>\n<meta name=\"robots\" content=\"index, follow, max-snippet:-1, max-image-preview:large, max-video-preview:-1\" \/>\n<link rel=\"canonical\" href=\"https:\/\/best4tires.stage.blindwerk.de\/de\/nachhaltigkeit\/\" \/>\n<meta property=\"og:locale\" content=\"de_DE\" \/>\n<meta property=\"og:type\" content=\"article\" \/>\n<meta property=\"og:title\" content=\"Nachhaltigkeit - Best4Tires Holding\" \/>\n<meta property=\"og:description\" content=\"Environmental Energie- und Treibhausmanagement Social Gesundheit und Sicherheit Governance Datensicherheit und Schutzder Privatsph\u00e4re\" \/>\n<meta property=\"og:url\" content=\"https:\/\/best4tires.stage.blindwerk.de\/de\/nachhaltigkeit\/\" \/>\n<meta property=\"og:site_name\" content=\"Best4Tires Holding\" \/>\n<meta property=\"article:modified_time\" content=\"2022-11-17T11:42:44+00:00\" \/>\n<meta property=\"og:image\" content=\"https:\/\/www.best4tires.stage.blindwerk.de\/de\/wp-content\/themes\/bootstrap-gundlach-automotive-child\/images\/B4T_WEB_Icon_Environmental.svg\" \/>\n<meta name=\"twitter:card\" content=\"summary_large_image\" \/>\n<meta name=\"twitter:label1\" content=\"Gesch\u00e4tzte Lesezeit\" \/>\n\t<meta name=\"twitter:data1\" content=\"2\u00a0Minuten\" \/>\n<script type=\"application\/ld+json\" class=\"yoast-schema-graph\">{\"@context\":\"https:\\\/\\\/schema.org\",\"@graph\":[{\"@type\":\"WebPage\",\"@id\":\"https:\\\/\\\/best4tires.stage.blindwerk.de\\\/de\\\/nachhaltigkeit\\\/\",\"url\":\"https:\\\/\\\/best4tires.stage.blindwerk.de\\\/de\\\/nachhaltigkeit\\\/\",\"name\":\"Nachhaltigkeit - Best4Tires Holding\",\"isPartOf\":{\"@id\":\"https:\\\/\\\/best4tires.stage.blindwerk.de\\\/de\\\/#website\"},\"primaryImageOfPage\":{\"@id\":\"https:\\\/\\\/best4tires.stage.blindwerk.de\\\/de\\\/nachhaltigkeit\\\/#primaryimage\"},\"image\":{\"@id\":\"https:\\\/\\\/best4tires.stage.blindwerk.de\\\/de\\\/nachhaltigkeit\\\/#primaryimage\"},\"thumbnailUrl\":\"https:\\\/\\\/www.best4tires.stage.blindwerk.de\\\/de\\\/wp-content\\\/themes\\\/bootstrap-gundlach-automotive-child\\\/images\\\/B4T_WEB_Icon_Environmental.svg\",\"datePublished\":\"2022-11-07T09:50:08+00:00\",\"dateModified\":\"2022-11-17T11:42:44+00:00\",\"breadcrumb\":{\"@id\":\"https:\\\/\\\/best4tires.stage.blindwerk.de\\\/de\\\/nachhaltigkeit\\\/#breadcrumb\"},\"inLanguage\":\"de\",\"potentialAction\":[{\"@type\":\"ReadAction\",\"target\":[\"https:\\\/\\\/best4tires.stage.blindwerk.de\\\/de\\\/nachhaltigkeit\\\/\"]}]},{\"@type\":\"ImageObject\",\"inLanguage\":\"de\",\"@id\":\"https:\\\/\\\/best4tires.stage.blindwerk.de\\\/de\\\/nachhaltigkeit\\\/#primaryimage\",\"url\":\"https:\\\/\\\/www.best4tires.stage.blindwerk.de\\\/de\\\/wp-content\\\/themes\\\/bootstrap-gundlach-automotive-child\\\/images\\\/B4T_WEB_Icon_Environmental.svg\",\"contentUrl\":\"https:\\\/\\\/www.best4tires.stage.blindwerk.de\\\/de\\\/wp-content\\\/themes\\\/bootstrap-gundlach-automotive-child\\\/images\\\/B4T_WEB_Icon_Environmental.svg\"},{\"@type\":\"BreadcrumbList\",\"@id\":\"https:\\\/\\\/best4tires.stage.blindwerk.de\\\/de\\\/nachhaltigkeit\\\/#breadcrumb\",\"itemListElement\":[{\"@type\":\"ListItem\",\"position\":1,\"name\":\"Startseite\",\"item\":\"https:\\\/\\\/best4tires.stage.blindwerk.de\\\/de\\\/\"},{\"@type\":\"ListItem\",\"position\":2,\"name\":\"Nachhaltigkeit\"}]},{\"@type\":\"WebSite\",\"@id\":\"https:\\\/\\\/best4tires.stage.blindwerk.de\\\/de\\\/#website\",\"url\":\"https:\\\/\\\/best4tires.stage.blindwerk.de\\\/de\\\/\",\"name\":\"Best4Tires Holding\",\"description\":\"Solutions and Services\",\"potentialAction\":[{\"@type\":\"SearchAction\",\"target\":{\"@type\":\"EntryPoint\",\"urlTemplate\":\"https:\\\/\\\/best4tires.stage.blindwerk.de\\\/de\\\/?s={search_term_string}\"},\"query-input\":{\"@type\":\"PropertyValueSpecification\",\"valueRequired\":true,\"valueName\":\"search_term_string\"}}],\"inLanguage\":\"de\"}]}<\/script>\n<!-- \/ Yoast SEO plugin. -->","yoast_head_json":{"title":"Nachhaltigkeit - Best4Tires Holding","robots":{"index":"index","follow":"follow","max-snippet":"max-snippet:-1","max-image-preview":"max-image-preview:large","max-video-preview":"max-video-preview:-1"},"canonical":"https:\/\/best4tires.stage.blindwerk.de\/de\/nachhaltigkeit\/","og_locale":"de_DE","og_type":"article","og_title":"Nachhaltigkeit - Best4Tires Holding","og_description":"Environmental Energie- und Treibhausmanagement Social Gesundheit und Sicherheit Governance Datensicherheit und Schutzder Privatsph\u00e4re","og_url":"https:\/\/best4tires.stage.blindwerk.de\/de\/nachhaltigkeit\/","og_site_name":"Best4Tires Holding","article_modified_time":"2022-11-17T11:42:44+00:00","og_image":[{"url":"https:\/\/www.best4tires.stage.blindwerk.de\/de\/wp-content\/themes\/bootstrap-gundlach-automotive-child\/images\/B4T_WEB_Icon_Environmental.svg","type":"","width":"","height":""}],"twitter_card":"summary_large_image","twitter_misc":{"Gesch\u00e4tzte Lesezeit":"2\u00a0Minuten"},"schema":{"@context":"https:\/\/schema.org","@graph":[{"@type":"WebPage","@id":"https:\/\/best4tires.stage.blindwerk.de\/de\/nachhaltigkeit\/","url":"https:\/\/best4tires.stage.blindwerk.de\/de\/nachhaltigkeit\/","name":"Nachhaltigkeit - Best4Tires Holding","isPartOf":{"@id":"https:\/\/best4tires.stage.blindwerk.de\/de\/#website"},"primaryImageOfPage":{"@id":"https:\/\/best4tires.stage.blindwerk.de\/de\/nachhaltigkeit\/#primaryimage"},"image":{"@id":"https:\/\/best4tires.stage.blindwerk.de\/de\/nachhaltigkeit\/#primaryimage"},"thumbnailUrl":"https:\/\/www.best4tires.stage.blindwerk.de\/de\/wp-content\/themes\/bootstrap-gundlach-automotive-child\/images\/B4T_WEB_Icon_Environmental.svg","datePublished":"2022-11-07T09:50:08+00:00","dateModified":"2022-11-17T11:42:44+00:00","breadcrumb":{"@id":"https:\/\/best4tires.stage.blindwerk.de\/de\/nachhaltigkeit\/#breadcrumb"},"inLanguage":"de","potentialAction":[{"@type":"ReadAction","target":["https:\/\/best4tires.stage.blindwerk.de\/de\/nachhaltigkeit\/"]}]},{"@type":"ImageObject","inLanguage":"de","@id":"https:\/\/best4tires.stage.blindwerk.de\/de\/nachhaltigkeit\/#primaryimage","url":"https:\/\/www.best4tires.stage.blindwerk.de\/de\/wp-content\/themes\/bootstrap-gundlach-automotive-child\/images\/B4T_WEB_Icon_Environmental.svg","contentUrl":"https:\/\/www.best4tires.stage.blindwerk.de\/de\/wp-content\/themes\/bootstrap-gundlach-automotive-child\/images\/B4T_WEB_Icon_Environmental.svg"},{"@type":"BreadcrumbList","@id":"https:\/\/best4tires.stage.blindwerk.de\/de\/nachhaltigkeit\/#breadcrumb","itemListElement":[{"@type":"ListItem","position":1,"name":"Startseite","item":"https:\/\/best4tires.stage.blindwerk.de\/de\/"},{"@type":"ListItem","position":2,"name":"Nachhaltigkeit"}]},{"@type":"WebSite","@id":"https:\/\/best4tires.stage.blindwerk.de\/de\/#website","url":"https:\/\/best4tires.stage.blindwerk.de\/de\/","name":"Best4Tires Holding","description":"Solutions and Services","potentialAction":[{"@type":"SearchAction","target":{"@type":"EntryPoint","urlTemplate":"https:\/\/best4tires.stage.blindwerk.de\/de\/?s={search_term_string}"},"query-input":{"@type":"PropertyValueSpecification","valueRequired":true,"valueName":"search_term_string"}}],"inLanguage":"de"}]}},"_links":{"self":[{"href":"https:\/\/best4tires.stage.blindwerk.de\/de\/wp-json\/wp\/v2\/pages\/3877","targetHints":{"allow":["GET"]}}],"collection":[{"href":"https:\/\/best4tires.stage.blindwerk.de\/de\/wp-json\/wp\/v2\/pages"}],"about":[{"href":"https:\/\/best4tires.stage.blindwerk.de\/de\/wp-json\/wp\/v2\/types\/page"}],"author":[{"embeddable":true,"href":"https:\/\/best4tires.stage.blindwerk.de\/de\/wp-json\/wp\/v2\/users\/14"}],"replies":[{"embeddable":true,"href":"https:\/\/best4tires.stage.blindwerk.de\/de\/wp-json\/wp\/v2\/comments?post=3877"}],"version-history":[{"count":10,"href":"https:\/\/best4tires.stage.blindwerk.de\/de\/wp-json\/wp\/v2\/pages\/3877\/revisions"}],"predecessor-version":[{"id":4156,"href":"https:\/\/best4tires.stage.blindwerk.de\/de\/wp-json\/wp\/v2\/pages\/3877\/revisions\/4156"}],"wp:attachment":[{"href":"https:\/\/best4tires.stage.blindwerk.de\/de\/wp-json\/wp\/v2\/media?parent=3877"}],"curies":[{"name":"wp","href":"https:\/\/api.w.org\/{rel}","templated":true}]}}