{"id":3915,"date":"2022-11-07T13:54:18","date_gmt":"2022-11-07T12:54:18","guid":{"rendered":"https:\/\/www.best4tires-holding.com\/?page_id=3915"},"modified":"2023-05-12T19:31:01","modified_gmt":"2023-05-12T17:31:01","slug":"environmental","status":"publish","type":"page","link":"https:\/\/best4tires.stage.blindwerk.de\/de\/nachhaltigkeit\/environmental\/","title":{"rendered":"Environmental"},"content":{"rendered":"\n<div style=\"height:80px\" aria-hidden=\"true\" class=\"wp-block-spacer\"><\/div>\n\n\n\n<h2 class=\"wp-block-heading\" style=\"font-style:normal;font-weight:800\">Vorbildliche Nachhaltigkeit.<\/h2>\n\n\n\n<h3 class=\"wp-block-heading\">Unser Engagement<\/h3>\n\n\n\n<p>Der Schutz der nat\u00fcrlichen Ressourcen und der verantwortungsvolle Umgang damit hat f\u00fcr Best4Tires h\u00f6chste Priorit\u00e4t. Dementsprechend Engagieren wir uns kontinuierlich daf\u00fcr, unser Handeln als Unternehmen auch an den Erfordernissen und Ma\u00dfgaben der Nachhaltigkeit und des Umweltschutzes auszurichten. Seit 2021 haben wir unsere nationale ESG-Strategie an unseren internationalen Standorten implementiert.<\/p>\n\n\n\n<div style=\"height:25px\" aria-hidden=\"true\" class=\"wp-block-spacer\"><\/div>\n\n\n\n<h1 class=\"has-text-color has-x-large-font-size wp-block-heading\" style=\"color:#00676f;font-style:normal;font-weight:800\">Reduzierung des Energieverbrauchs um rund 30% zum Vorjahr <span class=\"nachhaltigkeit-stand\">(Stand 2022)<\/span><\/h1>\n\n\n\n<div style=\"height:33px\" aria-hidden=\"true\" class=\"wp-block-spacer\"><\/div>\n\n\n\n<h2 class=\"is-style-default wp-block-heading\" style=\"font-style:normal;font-weight:800\">Vorbildliche Nachhaltigkeit.<\/h2>\n\n\n\n<div style=\"height:10px\" aria-hidden=\"true\" class=\"wp-block-spacer\"><\/div>\n\n\n\n<p>Mit der Etablierung eines intern entwickelten Monitoring-Tools und der damit einhergehenden Reduzierung der Treibhausgas-Emissionen und das Energieverbrauches um rund 30% (Stand 2022) sowie einer Vielzahl weiterer Ma\u00dfnahmen werden wir im gesch\u00e4ftlichen Alltag unserer Verantwortung gerecht. Dementsprechend investieren wir bei Best4Tires weiterhin in eine noch nachhaltigere und umweltbewusstere Gegenwart und Zukunft.<\/p>\n\n\n\n<div style=\"height:100px\" aria-hidden=\"true\" class=\"wp-block-spacer\"><\/div>\n\n\n\n<figure class=\"wp-block-image size-full is-style-default\"><img decoding=\"async\" src=\"https:\/\/www.best4tires.stage.blindwerk.de\/wp-content\/uploads\/B4T_ESG_WEB_1320x450_01.jpg\" alt=\"\" class=\"wp-image-3996\"\/><\/figure>\n\n\n\n<div style=\"height:100px\" aria-hidden=\"true\" class=\"wp-block-spacer\"><\/div>\n\n\n\n<div class=\"wp-block-columns is-layout-flex wp-container-core-columns-is-layout-9d6595d7 wp-block-columns-is-layout-flex\">\n<div class=\"wp-block-column is-layout-flow wp-block-column-is-layout-flow\" style=\"flex-basis:5%\"><div class=\"wp-block-image environmental\">\n<figure class=\"alignright size-full is-resized\"><img loading=\"lazy\" decoding=\"async\" src=\"https:\/\/www.best4tires.stage.blindwerk.de\/wp-content\/uploads\/B4T_WEB_Icon_Environmental.png\" alt=\"\" class=\"wp-image-3940\" width=\"42\" height=\"47\"\/><\/figure>\n<\/div><\/div>\n\n\n\n<div class=\"wp-block-column is-layout-flow wp-block-column-is-layout-flow\">\n<h2 class=\"has-text-color wp-block-heading\" style=\"color:#00676f;font-size:22px;font-style:normal;font-weight:800\">100% klimaneutraler Versand aller Pakete via DPD und GLS<\/h2>\n\n\n\n<div style=\"height:10px\" aria-hidden=\"true\" class=\"wp-block-spacer\"><\/div>\n\n\n\n<p>Mit unseren Kooperationspartnern DPD und GLS werden unsere Pakete <br>klimaneutral versendet. Im Jahr werden rund 2 Millionen Pakete versendet.<\/p>\n<\/div>\n<\/div>\n\n\n\n<div class=\"wp-block-columns is-layout-flex wp-container-core-columns-is-layout-9d6595d7 wp-block-columns-is-layout-flex\">\n<div class=\"wp-block-column is-layout-flow wp-block-column-is-layout-flow\" style=\"flex-basis:5%\"><div class=\"wp-block-image environmental\">\n<figure class=\"alignright size-full is-resized\"><img loading=\"lazy\" decoding=\"async\" src=\"https:\/\/www.best4tires.stage.blindwerk.de\/wp-content\/uploads\/B4T_WEB_Icon_Environmental.png\" alt=\"\" class=\"wp-image-3940\" width=\"42\" height=\"47\"\/><\/figure>\n<\/div><\/div>\n\n\n\n<div class=\"wp-block-column is-layout-flow wp-block-column-is-layout-flow\">\n<h2 class=\"has-text-color wp-block-heading\" style=\"color:#00676f;font-size:22px;font-style:normal;font-weight:800\">Einf\u00fchrung der DKV Climate Card, dadurch wird der Best4Tires Fuhrpark umweltfreundlich!<\/h2>\n\n\n\n<div style=\"height:10px\" aria-hidden=\"true\" class=\"wp-block-spacer\"><\/div>\n\n\n\n<p>Seit dem 01.07.22 leisten wir gemeinsam mit unserem Partner DKV <br>einen wichtigen Klimaschutzbeitrag.<\/p>\n<\/div>\n<\/div>\n\n\n\n<div class=\"wp-block-columns is-layout-flex wp-container-core-columns-is-layout-9d6595d7 wp-block-columns-is-layout-flex\">\n<div class=\"wp-block-column is-layout-flow wp-block-column-is-layout-flow\" style=\"flex-basis:5%\"><div class=\"wp-block-image environmental\">\n<figure class=\"alignright size-full is-resized\"><img loading=\"lazy\" decoding=\"async\" src=\"https:\/\/www.best4tires.stage.blindwerk.de\/wp-content\/uploads\/B4T_WEB_Icon_Environmental.png\" alt=\"\" class=\"wp-image-3940\" width=\"42\" height=\"47\"\/><\/figure>\n<\/div><\/div>\n\n\n\n<div class=\"wp-block-column is-layout-flow wp-block-column-is-layout-flow\">\n<h2 class=\"has-text-color wp-block-heading\" style=\"color:#00676f;font-size:22px;font-style:normal;font-weight:800\">Zeitnahe Umstellung auf 100% \u00d6kostrom und \u00d6kogas<\/h2>\n\n\n\n<div style=\"height:10px\" aria-hidden=\"true\" class=\"wp-block-spacer\"><\/div>\n\n\n\n<p>Aktuell beziehen wir unseren Strom zu 65% aus \u00d6kologischen Quellen.<br>Ab 2023 Bezug von 100% \u00d6kostrom und \u00d6kogas.<\/p>\n<\/div>\n\n\n\n<div class=\"wp-block-column is-vertically-aligned-top is-layout-flow wp-block-column-is-layout-flow\" style=\"flex-basis:42%\"><div class=\"wp-block-image environmental-img\">\n<figure class=\"alignleft size-full is-resized\"><img loading=\"lazy\" decoding=\"async\" src=\"https:\/\/www.best4tires.stage.blindwerk.de\/wp-content\/uploads\/B4T_WEB_Zertifikat_Oeko-1.jpg\" alt=\"\" class=\"wp-image-4011\" width=\"100\" height=\"95\"\/><\/figure>\n<\/div><\/div>\n<\/div>\n\n\n\n<div class=\"wp-block-columns is-layout-flex wp-container-core-columns-is-layout-9d6595d7 wp-block-columns-is-layout-flex\">\n<div class=\"wp-block-column is-layout-flow wp-block-column-is-layout-flow\" style=\"flex-basis:5%\"><div class=\"wp-block-image environmental\">\n<figure class=\"alignright size-full is-resized\"><img loading=\"lazy\" decoding=\"async\" src=\"https:\/\/www.best4tires.stage.blindwerk.de\/wp-content\/uploads\/B4T_WEB_Icon_Environmental.png\" alt=\"\" class=\"wp-image-3940\" width=\"42\" height=\"47\"\/><\/figure>\n<\/div><\/div>\n\n\n\n<div class=\"wp-block-column is-layout-flow wp-block-column-is-layout-flow\">\n<h2 class=\"has-text-color wp-block-heading\" style=\"color:#00676f;font-size:22px;font-style:normal;font-weight:800\">Firmeneigene Ladepunkte f\u00fcr Elektrofahrzeuge,<br>Umstellung der Dienstwagen-Flotte auf alternative Antrieb<\/h2>\n\n\n\n<div style=\"height:10px\" aria-hidden=\"true\" class=\"wp-block-spacer\"><\/div>\n\n\n\n<p>Durch den steigenden Anteil an Dienstwagen mit alternativen Antrieben<br>wird es auch in naher Zukunft auf dem Firmengel\u00e4nde eigene Ladepunkte geben.<\/p>\n<\/div>\n<\/div>\n\n\n\n<div class=\"wp-block-columns is-layout-flex wp-container-core-columns-is-layout-9d6595d7 wp-block-columns-is-layout-flex\">\n<div class=\"wp-block-column is-layout-flow wp-block-column-is-layout-flow\" style=\"flex-basis:5%\"><div class=\"wp-block-image environmental\">\n<figure class=\"alignright size-full is-resized\"><img loading=\"lazy\" decoding=\"async\" src=\"https:\/\/www.best4tires.stage.blindwerk.de\/wp-content\/uploads\/B4T_WEB_Icon_Environmental.png\" alt=\"\" class=\"wp-image-3940\" width=\"42\" height=\"47\"\/><\/figure>\n<\/div><\/div>\n\n\n\n<div class=\"wp-block-column is-layout-flow wp-block-column-is-layout-flow\">\n<h2 class=\"has-text-color wp-block-heading\" style=\"color:#00676f;font-size:22px;font-style:normal;font-weight:800\">Komplette Umstellung auf LED-Beleuchtung in vielen Produktions-<br>und Verwaltungsbereichen<\/h2>\n\n\n\n<div style=\"height:10px\" aria-hidden=\"true\" class=\"wp-block-spacer\"><\/div>\n\n\n\n<p>Durch Umr\u00fcstung der Logistik-Hallen Beleuchtung auf LED Technologie<br>wird 2022 rund 30% Energieverbrauch eingespart.<\/p>\n<\/div>\n<\/div>\n\n\n\n<div class=\"wp-block-columns is-layout-flex wp-container-core-columns-is-layout-9d6595d7 wp-block-columns-is-layout-flex\">\n<div class=\"wp-block-column is-layout-flow wp-block-column-is-layout-flow\" style=\"flex-basis:5%\"><div class=\"wp-block-image environmental\">\n<figure class=\"alignright size-full is-resized\"><img loading=\"lazy\" decoding=\"async\" src=\"https:\/\/www.best4tires.stage.blindwerk.de\/wp-content\/uploads\/B4T_WEB_Icon_Environmental.png\" alt=\"\" class=\"wp-image-3940\" width=\"42\" height=\"47\"\/><\/figure>\n<\/div><\/div>\n\n\n\n<div class=\"wp-block-column is-layout-flow wp-block-column-is-layout-flow\">\n<h2 class=\"has-text-color wp-block-heading\" style=\"color:#00676f;font-size:22px;font-style:normal;font-weight:800\">Papierlose Abl\u00e4ufe bei Auslieferungsfahrten<\/h2>\n\n\n\n<div style=\"height:10px\" aria-hidden=\"true\" class=\"wp-block-spacer\"><\/div>\n\n\n\n<p>Seit Anfang 2022 wurde bei unseren Auslieferungsfahrten auf Tablett<br>um im digitalen Zeitalter auf papierlose Abl\u00e4ufe zu setzen und wertvolle Ressourcen zu sparen.<\/p>\n<\/div>\n<\/div>\n\n\n\n<div class=\"wp-block-columns is-layout-flex wp-container-core-columns-is-layout-9d6595d7 wp-block-columns-is-layout-flex\">\n<div class=\"wp-block-column is-layout-flow wp-block-column-is-layout-flow\" style=\"flex-basis:5%\"><div class=\"wp-block-image environmental\">\n<figure class=\"alignright size-full is-resized\"><img loading=\"lazy\" decoding=\"async\" src=\"https:\/\/www.best4tires.stage.blindwerk.de\/wp-content\/uploads\/B4T_WEB_Icon_Environmental.png\" alt=\"\" class=\"wp-image-3940\" width=\"42\" height=\"47\"\/><\/figure>\n<\/div><\/div>\n\n\n\n<div class=\"wp-block-column is-layout-flow wp-block-column-is-layout-flow\">\n<h2 class=\"has-text-color wp-block-heading\" style=\"color:#00676f;font-size:22px;font-style:normal;font-weight:800\">Umstellung auf recyclebarem Verpackungsmaterialien und Kooperation<br>mit lokalen Recycledienstleistern<\/h2>\n\n\n\n<div style=\"height:10px\" aria-hidden=\"true\" class=\"wp-block-spacer\"><\/div>\n\n\n\n<p>Durch neue Richtlinien wird auch im Einkauf auf Nachhaltige Produkte geachtet.<\/p>\n<\/div>\n<\/div>\n","protected":false},"excerpt":{"rendered":"<p>Vorbildliche Nachhaltigkeit. Unser Engagement Der Schutz der nat\u00fcrlichen Ressourcen und der verantwortungsvolle Umgang damit hat f\u00fcr Best4Tires h\u00f6chste Priorit\u00e4t. Dementsprechend Engagieren wir uns kontinuierlich daf\u00fcr, unser Handeln als Unternehmen auch an den Erfordernissen und Ma\u00dfgaben der Nachhaltigkeit und des Umweltschutzes auszurichten. Seit 2021 haben wir unsere nationale ESG-Strategie an unseren internationalen Standorten implementiert. Reduzierung des [&hellip;]<\/p>\n","protected":false},"author":14,"featured_media":0,"parent":3877,"menu_order":0,"comment_status":"closed","ping_status":"closed","template":"page-full-width.php","meta":{"footnotes":""},"class_list":["post-3915","page","type-page","status-publish","hentry"],"yoast_head":"<!-- This site is optimized with the Yoast SEO plugin v27.5 - https:\/\/yoast.com\/product\/yoast-seo-wordpress\/ -->\n<title>Environmental - Best4Tires Holding<\/title>\n<meta name=\"robots\" content=\"index, follow, max-snippet:-1, max-image-preview:large, max-video-preview:-1\" \/>\n<link rel=\"canonical\" href=\"https:\/\/best4tires.stage.blindwerk.de\/de\/nachhaltigkeit\/environmental\/\" \/>\n<meta property=\"og:locale\" content=\"de_DE\" \/>\n<meta property=\"og:type\" content=\"article\" \/>\n<meta property=\"og:title\" content=\"Environmental - Best4Tires Holding\" \/>\n<meta property=\"og:description\" content=\"Vorbildliche Nachhaltigkeit. Unser Engagement Der Schutz der nat\u00fcrlichen Ressourcen und der verantwortungsvolle Umgang damit hat f\u00fcr Best4Tires h\u00f6chste Priorit\u00e4t. Dementsprechend Engagieren wir uns kontinuierlich daf\u00fcr, unser Handeln als Unternehmen auch an den Erfordernissen und Ma\u00dfgaben der Nachhaltigkeit und des Umweltschutzes auszurichten. Seit 2021 haben wir unsere nationale ESG-Strategie an unseren internationalen Standorten implementiert. Reduzierung des [&hellip;]\" \/>\n<meta property=\"og:url\" content=\"https:\/\/best4tires.stage.blindwerk.de\/de\/nachhaltigkeit\/environmental\/\" \/>\n<meta property=\"og:site_name\" content=\"Best4Tires Holding\" \/>\n<meta property=\"article:modified_time\" content=\"2023-05-12T17:31:01+00:00\" \/>\n<meta property=\"og:image\" content=\"https:\/\/www.best4tires.stage.blindwerk.de\/wp-content\/uploads\/B4T_ESG_WEB_1320x450_01.jpg\" \/>\n<meta name=\"twitter:card\" content=\"summary_large_image\" \/>\n<meta name=\"twitter:label1\" content=\"Gesch\u00e4tzte Lesezeit\" \/>\n\t<meta name=\"twitter:data1\" content=\"4\u00a0Minuten\" \/>\n<script type=\"application\/ld+json\" class=\"yoast-schema-graph\">{\"@context\":\"https:\\\/\\\/schema.org\",\"@graph\":[{\"@type\":\"WebPage\",\"@id\":\"https:\\\/\\\/best4tires.stage.blindwerk.de\\\/de\\\/nachhaltigkeit\\\/environmental\\\/\",\"url\":\"https:\\\/\\\/best4tires.stage.blindwerk.de\\\/de\\\/nachhaltigkeit\\\/environmental\\\/\",\"name\":\"Environmental - Best4Tires Holding\",\"isPartOf\":{\"@id\":\"https:\\\/\\\/best4tires.stage.blindwerk.de\\\/de\\\/#website\"},\"primaryImageOfPage\":{\"@id\":\"https:\\\/\\\/best4tires.stage.blindwerk.de\\\/de\\\/nachhaltigkeit\\\/environmental\\\/#primaryimage\"},\"image\":{\"@id\":\"https:\\\/\\\/best4tires.stage.blindwerk.de\\\/de\\\/nachhaltigkeit\\\/environmental\\\/#primaryimage\"},\"thumbnailUrl\":\"https:\\\/\\\/www.best4tires.stage.blindwerk.de\\\/wp-content\\\/uploads\\\/B4T_ESG_WEB_1320x450_01.jpg\",\"datePublished\":\"2022-11-07T12:54:18+00:00\",\"dateModified\":\"2023-05-12T17:31:01+00:00\",\"breadcrumb\":{\"@id\":\"https:\\\/\\\/best4tires.stage.blindwerk.de\\\/de\\\/nachhaltigkeit\\\/environmental\\\/#breadcrumb\"},\"inLanguage\":\"de\",\"potentialAction\":[{\"@type\":\"ReadAction\",\"target\":[\"https:\\\/\\\/best4tires.stage.blindwerk.de\\\/de\\\/nachhaltigkeit\\\/environmental\\\/\"]}]},{\"@type\":\"ImageObject\",\"inLanguage\":\"de\",\"@id\":\"https:\\\/\\\/best4tires.stage.blindwerk.de\\\/de\\\/nachhaltigkeit\\\/environmental\\\/#primaryimage\",\"url\":\"https:\\\/\\\/www.best4tires.stage.blindwerk.de\\\/wp-content\\\/uploads\\\/B4T_ESG_WEB_1320x450_01.jpg\",\"contentUrl\":\"https:\\\/\\\/www.best4tires.stage.blindwerk.de\\\/wp-content\\\/uploads\\\/B4T_ESG_WEB_1320x450_01.jpg\"},{\"@type\":\"BreadcrumbList\",\"@id\":\"https:\\\/\\\/best4tires.stage.blindwerk.de\\\/de\\\/nachhaltigkeit\\\/environmental\\\/#breadcrumb\",\"itemListElement\":[{\"@type\":\"ListItem\",\"position\":1,\"name\":\"Startseite\",\"item\":\"https:\\\/\\\/best4tires.stage.blindwerk.de\\\/de\\\/\"},{\"@type\":\"ListItem\",\"position\":2,\"name\":\"Nachhaltigkeit\",\"item\":\"https:\\\/\\\/best4tires.stage.blindwerk.de\\\/de\\\/nachhaltigkeit\\\/\"},{\"@type\":\"ListItem\",\"position\":3,\"name\":\"Environmental\"}]},{\"@type\":\"WebSite\",\"@id\":\"https:\\\/\\\/best4tires.stage.blindwerk.de\\\/de\\\/#website\",\"url\":\"https:\\\/\\\/best4tires.stage.blindwerk.de\\\/de\\\/\",\"name\":\"Best4Tires Holding\",\"description\":\"Solutions and Services\",\"potentialAction\":[{\"@type\":\"SearchAction\",\"target\":{\"@type\":\"EntryPoint\",\"urlTemplate\":\"https:\\\/\\\/best4tires.stage.blindwerk.de\\\/de\\\/?s={search_term_string}\"},\"query-input\":{\"@type\":\"PropertyValueSpecification\",\"valueRequired\":true,\"valueName\":\"search_term_string\"}}],\"inLanguage\":\"de\"}]}<\/script>\n<!-- \/ Yoast SEO plugin. -->","yoast_head_json":{"title":"Environmental - Best4Tires Holding","robots":{"index":"index","follow":"follow","max-snippet":"max-snippet:-1","max-image-preview":"max-image-preview:large","max-video-preview":"max-video-preview:-1"},"canonical":"https:\/\/best4tires.stage.blindwerk.de\/de\/nachhaltigkeit\/environmental\/","og_locale":"de_DE","og_type":"article","og_title":"Environmental - Best4Tires Holding","og_description":"Vorbildliche Nachhaltigkeit. Unser Engagement Der Schutz der nat\u00fcrlichen Ressourcen und der verantwortungsvolle Umgang damit hat f\u00fcr Best4Tires h\u00f6chste Priorit\u00e4t. Dementsprechend Engagieren wir uns kontinuierlich daf\u00fcr, unser Handeln als Unternehmen auch an den Erfordernissen und Ma\u00dfgaben der Nachhaltigkeit und des Umweltschutzes auszurichten. Seit 2021 haben wir unsere nationale ESG-Strategie an unseren internationalen Standorten implementiert. Reduzierung des [&hellip;]","og_url":"https:\/\/best4tires.stage.blindwerk.de\/de\/nachhaltigkeit\/environmental\/","og_site_name":"Best4Tires Holding","article_modified_time":"2023-05-12T17:31:01+00:00","og_image":[{"url":"https:\/\/www.best4tires.stage.blindwerk.de\/wp-content\/uploads\/B4T_ESG_WEB_1320x450_01.jpg","type":"","width":"","height":""}],"twitter_card":"summary_large_image","twitter_misc":{"Gesch\u00e4tzte Lesezeit":"4\u00a0Minuten"},"schema":{"@context":"https:\/\/schema.org","@graph":[{"@type":"WebPage","@id":"https:\/\/best4tires.stage.blindwerk.de\/de\/nachhaltigkeit\/environmental\/","url":"https:\/\/best4tires.stage.blindwerk.de\/de\/nachhaltigkeit\/environmental\/","name":"Environmental - Best4Tires Holding","isPartOf":{"@id":"https:\/\/best4tires.stage.blindwerk.de\/de\/#website"},"primaryImageOfPage":{"@id":"https:\/\/best4tires.stage.blindwerk.de\/de\/nachhaltigkeit\/environmental\/#primaryimage"},"image":{"@id":"https:\/\/best4tires.stage.blindwerk.de\/de\/nachhaltigkeit\/environmental\/#primaryimage"},"thumbnailUrl":"https:\/\/www.best4tires.stage.blindwerk.de\/wp-content\/uploads\/B4T_ESG_WEB_1320x450_01.jpg","datePublished":"2022-11-07T12:54:18+00:00","dateModified":"2023-05-12T17:31:01+00:00","breadcrumb":{"@id":"https:\/\/best4tires.stage.blindwerk.de\/de\/nachhaltigkeit\/environmental\/#breadcrumb"},"inLanguage":"de","potentialAction":[{"@type":"ReadAction","target":["https:\/\/best4tires.stage.blindwerk.de\/de\/nachhaltigkeit\/environmental\/"]}]},{"@type":"ImageObject","inLanguage":"de","@id":"https:\/\/best4tires.stage.blindwerk.de\/de\/nachhaltigkeit\/environmental\/#primaryimage","url":"https:\/\/www.best4tires.stage.blindwerk.de\/wp-content\/uploads\/B4T_ESG_WEB_1320x450_01.jpg","contentUrl":"https:\/\/www.best4tires.stage.blindwerk.de\/wp-content\/uploads\/B4T_ESG_WEB_1320x450_01.jpg"},{"@type":"BreadcrumbList","@id":"https:\/\/best4tires.stage.blindwerk.de\/de\/nachhaltigkeit\/environmental\/#breadcrumb","itemListElement":[{"@type":"ListItem","position":1,"name":"Startseite","item":"https:\/\/best4tires.stage.blindwerk.de\/de\/"},{"@type":"ListItem","position":2,"name":"Nachhaltigkeit","item":"https:\/\/best4tires.stage.blindwerk.de\/de\/nachhaltigkeit\/"},{"@type":"ListItem","position":3,"name":"Environmental"}]},{"@type":"WebSite","@id":"https:\/\/best4tires.stage.blindwerk.de\/de\/#website","url":"https:\/\/best4tires.stage.blindwerk.de\/de\/","name":"Best4Tires Holding","description":"Solutions and Services","potentialAction":[{"@type":"SearchAction","target":{"@type":"EntryPoint","urlTemplate":"https:\/\/best4tires.stage.blindwerk.de\/de\/?s={search_term_string}"},"query-input":{"@type":"PropertyValueSpecification","valueRequired":true,"valueName":"search_term_string"}}],"inLanguage":"de"}]}},"_links":{"self":[{"href":"https:\/\/best4tires.stage.blindwerk.de\/de\/wp-json\/wp\/v2\/pages\/3915","targetHints":{"allow":["GET"]}}],"collection":[{"href":"https:\/\/best4tires.stage.blindwerk.de\/de\/wp-json\/wp\/v2\/pages"}],"about":[{"href":"https:\/\/best4tires.stage.blindwerk.de\/de\/wp-json\/wp\/v2\/types\/page"}],"author":[{"embeddable":true,"href":"https:\/\/best4tires.stage.blindwerk.de\/de\/wp-json\/wp\/v2\/users\/14"}],"replies":[{"embeddable":true,"href":"https:\/\/best4tires.stage.blindwerk.de\/de\/wp-json\/wp\/v2\/comments?post=3915"}],"version-history":[{"count":9,"href":"https:\/\/best4tires.stage.blindwerk.de\/de\/wp-json\/wp\/v2\/pages\/3915\/revisions"}],"predecessor-version":[{"id":7556,"href":"https:\/\/best4tires.stage.blindwerk.de\/de\/wp-json\/wp\/v2\/pages\/3915\/revisions\/7556"}],"up":[{"embeddable":true,"href":"https:\/\/best4tires.stage.blindwerk.de\/de\/wp-json\/wp\/v2\/pages\/3877"}],"wp:attachment":[{"href":"https:\/\/best4tires.stage.blindwerk.de\/de\/wp-json\/wp\/v2\/media?parent=3915"}],"curies":[{"name":"wp","href":"https:\/\/api.w.org\/{rel}","templated":true}]}}