{"id":3917,"date":"2022-11-07T13:55:08","date_gmt":"2022-11-07T12:55:08","guid":{"rendered":"https:\/\/www.best4tires-holding.com\/?page_id=3917"},"modified":"2022-12-05T16:45:52","modified_gmt":"2022-12-05T15:45:52","slug":"social","status":"publish","type":"page","link":"https:\/\/best4tires.stage.blindwerk.de\/de\/nachhaltigkeit\/social\/","title":{"rendered":"Social"},"content":{"rendered":"\n<div style=\"height:80px\" aria-hidden=\"true\" class=\"wp-block-spacer\"><\/div>\n\n\n\n<h2 class=\"wp-block-heading\" style=\"font-style:normal;font-weight:800\">Ein Team mit vielen Vorteilen.<\/h2>\n\n\n\n<h3 class=\"wp-block-heading\">Umfassende Wertsch\u00e4tzung unserer Mitarbeitenden.<\/h3>\n\n\n\n<p>Als wertvollstes Kapital und Teil unserer Perspektive f\u00fcr die Zukunft sind die Mitarbeitenden ein entscheidender Teil des kontinuierlichen Erfolges von Best4Tires. Ein klares Statement der Verantwortlichen macht den Anspruch im Hinblick auf das Miteinander deutlich: \u201eBest4Tires hat die besten Mitarbeiter und wir m\u00f6chten ihnen das Beste bieten!\u201c.<\/p>\n\n\n\n<p>So haben die Zufriedenheit der Mitarbeitenden wie auch die steigende Diversit\u00e4t in vielen Bereichen einen Impuls zur fortschreitenden und fortschrittlichen Erweiterung der Vorteile f\u00fcr das Team sowie des generellen sozialen Engagements gef\u00fchrt. Nomen est omen lautet der Leitgedanke dieses zukunftsorientierten Rahmens Best4Us.<\/p>\n\n\n\n<div style=\"height:25px\" aria-hidden=\"true\" class=\"wp-block-spacer\"><\/div>\n\n\n\n<h1 class=\"has-text-color has-x-large-font-size wp-block-heading\" style=\"color:#00676f;font-style:normal;font-weight:800\">Einsatz wird belohnt.<\/h1>\n\n\n\n<div style=\"height:33px\" aria-hidden=\"true\" class=\"wp-block-spacer\"><\/div>\n\n\n\n<p>Als Teil des Bereiches Environment, Social, Governance (ESG) sorgt das Programm Best4Us daf\u00fcr, dass die Mitarbeitenden bei Best4Tires \u00fcber ihre Verg\u00fctung hinaus von einer Vielzahl weiterer Benefits profitieren \u2013 die laufend um weitere neue Vorteile erg\u00e4nzt werden. So lohnt es sich dank Best4Us noch mehr, ein Teil von Best4Tires zu sein oder zu werden.<\/p>\n\n\n\n<div style=\"height:100px\" aria-hidden=\"true\" class=\"wp-block-spacer\"><\/div>\n\n\n\n<figure class=\"wp-block-image size-full\"><img decoding=\"async\" src=\"https:\/\/www.best4tires.stage.blindwerk.de\/wp-content\/uploads\/B4T_ESG_WEB_1320x450_02.jpg\" alt=\"\" class=\"wp-image-3933\"\/><\/figure>\n\n\n\n<div style=\"height:100px\" aria-hidden=\"true\" class=\"wp-block-spacer\"><\/div>\n\n\n\n<div class=\"wp-block-columns is-layout-flex wp-container-core-columns-is-layout-9d6595d7 wp-block-columns-is-layout-flex\">\n<div class=\"wp-block-column is-layout-flow wp-block-column-is-layout-flow\" style=\"flex-basis:6%\"><div class=\"wp-block-image social\">\n<figure class=\"alignright size-full is-resized\"><img loading=\"lazy\" decoding=\"async\" src=\"https:\/\/www.best4tires.stage.blindwerk.de\/wp-content\/uploads\/B4T_WEB_Icon_Social.png\" alt=\"\" class=\"wp-image-3940\" width=\"60\" height=\"52\"\/><\/figure>\n<\/div><\/div>\n\n\n\n<div class=\"wp-block-column is-layout-flow wp-block-column-is-layout-flow\">\n<h2 class=\"has-text-color wp-block-heading\" style=\"color:#00676f;font-size:22px;font-style:normal;font-weight:800\">Betriebliche Altersvorsorge<\/h2>\n\n\n\n<div style=\"height:10px\" aria-hidden=\"true\" class=\"wp-block-spacer\"><\/div>\n\n\n\n<p>Aufstockung der gesetzlichen Altersvorsorge um ein lukratives und attraktives betriebliches Altersvorsoge-Modell von Pension Capital.<\/p>\n<\/div>\n<\/div>\n\n\n\n<div class=\"wp-block-columns is-layout-flex wp-container-core-columns-is-layout-9d6595d7 wp-block-columns-is-layout-flex\">\n<div class=\"wp-block-column is-layout-flow wp-block-column-is-layout-flow\" style=\"flex-basis:6%\"><div class=\"wp-block-image social\">\n<figure class=\"alignright size-full is-resized\"><img loading=\"lazy\" decoding=\"async\" src=\"https:\/\/www.best4tires.stage.blindwerk.de\/wp-content\/uploads\/B4T_WEB_Icon_Social.png\" alt=\"\" class=\"wp-image-3940\" width=\"60\" height=\"52\"\/><\/figure>\n<\/div><\/div>\n\n\n\n<div class=\"wp-block-column is-layout-flow wp-block-column-is-layout-flow\">\n<h2 class=\"has-text-color wp-block-heading\" style=\"color:#00676f;font-size:22px;font-style:normal;font-weight:800\">Best4Tires Card<\/h2>\n\n\n\n<div style=\"height:10px\" aria-hidden=\"true\" class=\"wp-block-spacer\"><\/div>\n\n\n\n<p>Monatliche Aufladung von 50 Euro auf eine nahezu \u00fcberall einsetzbare Karte \u2013 mit der M\u00f6glichkeit ein entsprechendes Guthaben f\u00fcr gr\u00f6\u00dfere Anschaffungen auf der Karte anzusammeln.<\/p>\n<\/div>\n<\/div>\n\n\n\n<div class=\"wp-block-columns is-layout-flex wp-container-core-columns-is-layout-9d6595d7 wp-block-columns-is-layout-flex\">\n<div class=\"wp-block-column is-layout-flow wp-block-column-is-layout-flow\" style=\"flex-basis:6%\"><div class=\"wp-block-image social\">\n<figure class=\"alignright size-full is-resized\"><img loading=\"lazy\" decoding=\"async\" src=\"https:\/\/www.best4tires.stage.blindwerk.de\/wp-content\/uploads\/B4T_WEB_Icon_Social.png\" alt=\"\" class=\"wp-image-3940\" width=\"60\" height=\"52\"\/><\/figure>\n<\/div><\/div>\n\n\n\n<div class=\"wp-block-column is-layout-flow wp-block-column-is-layout-flow\">\n<h2 class=\"has-text-color wp-block-heading\" style=\"color:#00676f;font-size:22px;font-style:normal;font-weight:800\">Mitarbeitende werben Mitarbeitende<\/h2>\n\n\n\n<div style=\"height:10px\" aria-hidden=\"true\" class=\"wp-block-spacer\"><\/div>\n\n\n\n<p>Die Empfehlung neuer Kolleginnen und Kollegen f\u00fcr das Best4Tires Team ist f\u00fcr bestehende Mitarbeitende bares Geld wert: Bis zu 500 Euro Pr\u00e4mie warten!<\/p>\n<\/div>\n<\/div>\n\n\n\n<div class=\"wp-block-columns is-layout-flex wp-container-core-columns-is-layout-9d6595d7 wp-block-columns-is-layout-flex\">\n<div class=\"wp-block-column is-layout-flow wp-block-column-is-layout-flow\" style=\"flex-basis:6%\"><div class=\"wp-block-image social\">\n<figure class=\"alignright size-full is-resized\"><img loading=\"lazy\" decoding=\"async\" src=\"https:\/\/www.best4tires.stage.blindwerk.de\/wp-content\/uploads\/B4T_WEB_Icon_Social.png\" alt=\"\" class=\"wp-image-3940\" width=\"60\" height=\"52\"\/><\/figure>\n<\/div><\/div>\n\n\n\n<div class=\"wp-block-column is-layout-flow wp-block-column-is-layout-flow\">\n<h2 class=\"has-text-color wp-block-heading\" style=\"color:#00676f;font-size:22px;font-style:normal;font-weight:800\">Jobrad<\/h2>\n\n\n\n<div style=\"height:10px\" aria-hidden=\"true\" class=\"wp-block-spacer\"><\/div>\n\n\n\n<p>Ob Fahrrad, Pedelec oder S-Pedelec \u2013 mit dem Dienstfahrrad-Konzept von Jobrad haben Best4Tires Mitarbeitende die M\u00f6glichkeit bis zu zwei Zweir\u00e4der zu attraktiven Konditionen und mit steuerlichen Vorteilen zu leasen.<\/p>\n<\/div>\n<\/div>\n\n\n\n<div class=\"wp-block-columns is-layout-flex wp-container-core-columns-is-layout-9d6595d7 wp-block-columns-is-layout-flex\">\n<div class=\"wp-block-column is-layout-flow wp-block-column-is-layout-flow\" style=\"flex-basis:6%\"><div class=\"wp-block-image social\">\n<figure class=\"alignright size-full is-resized\"><img loading=\"lazy\" decoding=\"async\" src=\"https:\/\/www.best4tires.stage.blindwerk.de\/wp-content\/uploads\/B4T_WEB_Icon_Social.png\" alt=\"\" class=\"wp-image-3940\" width=\"60\" height=\"52\"\/><\/figure>\n<\/div><\/div>\n\n\n\n<div class=\"wp-block-column is-layout-flow wp-block-column-is-layout-flow\">\n<h2 class=\"has-text-color wp-block-heading\" style=\"color:#00676f;font-size:22px;font-style:normal;font-weight:800\">Corporate Benefits<\/h2>\n\n\n\n<div style=\"height:10px\" aria-hidden=\"true\" class=\"wp-block-spacer\"><\/div>\n\n\n\n<p>Best4Tires Mitarbeitende kommen bei einer Vielzahl namhafte Anbieter in den Genuss von Sonderkonditionen, Rabatten und exklusiven Leistungen. Ein Angebot, das laufend um neue Partner erweitert wird.<\/p>\n<\/div>\n<\/div>\n\n\n\n<div class=\"wp-block-columns is-layout-flex wp-container-core-columns-is-layout-9d6595d7 wp-block-columns-is-layout-flex\">\n<div class=\"wp-block-column is-layout-flow wp-block-column-is-layout-flow\" style=\"flex-basis:6%\"><div class=\"wp-block-image social\">\n<figure class=\"alignright size-full is-resized\"><img loading=\"lazy\" decoding=\"async\" src=\"https:\/\/www.best4tires.stage.blindwerk.de\/wp-content\/uploads\/B4T_WEB_Icon_Social.png\" alt=\"\" class=\"wp-image-3940\" width=\"60\" height=\"52\"\/><\/figure>\n<\/div><\/div>\n\n\n\n<div class=\"wp-block-column is-layout-flow wp-block-column-is-layout-flow\">\n<h2 class=\"has-text-color wp-block-heading\" style=\"color:#00676f;font-size:22px;font-style:normal;font-weight:800\">PC-Programm f\u00fcr Mitarbeitende<\/h2>\n\n\n\n<div style=\"height:10px\" aria-hidden=\"true\" class=\"wp-block-spacer\"><\/div>\n\n\n\n<p>Beim Erwerb eines neuen Computers oder anderer elektronischer Ger\u00e4te \u00fcber den Best4Tires Partner computeruniverse lassen sich durch das unternehmenseigene PC-Programm f\u00fcr Mitarbeitende deutliche Einsparungen erzielen.<\/p>\n<\/div>\n<\/div>\n\n\n\n<div class=\"wp-block-columns is-layout-flex wp-container-core-columns-is-layout-9d6595d7 wp-block-columns-is-layout-flex\">\n<div class=\"wp-block-column is-layout-flow wp-block-column-is-layout-flow\" style=\"flex-basis:6%\"><div class=\"wp-block-image social\">\n<figure class=\"alignright size-full is-resized\"><img loading=\"lazy\" decoding=\"async\" src=\"https:\/\/www.best4tires.stage.blindwerk.de\/wp-content\/uploads\/B4T_WEB_Icon_Social.png\" alt=\"\" class=\"wp-image-3940\" width=\"60\" height=\"52\"\/><\/figure>\n<\/div><\/div>\n\n\n\n<div class=\"wp-block-column is-layout-flow wp-block-column-is-layout-flow\">\n<h2 class=\"has-text-color wp-block-heading\" style=\"color:#00676f;font-size:22px;font-style:normal;font-weight:800\">Ticketsprinter<\/h2>\n\n\n\n<div style=\"height:10px\" aria-hidden=\"true\" class=\"wp-block-spacer\"><\/div>\n\n\n\n<p>Durch den Best4Tires Firmenzugang zur Plattform Ticketsprinter erhalten Mitarbeitende attraktive Verg\u00fcnstigungen f\u00fcr Kultur-Events, Konzerte, Veranstaltungen sowie Freizeitaktivit\u00e4ten.<\/p>\n<\/div>\n<\/div>\n","protected":false},"excerpt":{"rendered":"<p>Ein Team mit vielen Vorteilen. Umfassende Wertsch\u00e4tzung unserer Mitarbeitenden. Als wertvollstes Kapital und Teil unserer Perspektive f\u00fcr die Zukunft sind die Mitarbeitenden ein entscheidender Teil des kontinuierlichen Erfolges von Best4Tires. Ein klares Statement der Verantwortlichen macht den Anspruch im Hinblick auf das Miteinander deutlich: \u201eBest4Tires hat die besten Mitarbeiter und wir m\u00f6chten ihnen das Beste [&hellip;]<\/p>\n","protected":false},"author":14,"featured_media":0,"parent":3877,"menu_order":0,"comment_status":"closed","ping_status":"closed","template":"page-full-width.php","meta":{"footnotes":""},"class_list":["post-3917","page","type-page","status-publish","hentry"],"yoast_head":"<!-- This site is optimized with the Yoast SEO plugin v27.5 - https:\/\/yoast.com\/product\/yoast-seo-wordpress\/ -->\n<title>Social - Best4Tires Holding<\/title>\n<meta name=\"robots\" content=\"index, follow, max-snippet:-1, max-image-preview:large, max-video-preview:-1\" \/>\n<link rel=\"canonical\" href=\"https:\/\/best4tires.stage.blindwerk.de\/de\/nachhaltigkeit\/social\/\" \/>\n<meta property=\"og:locale\" content=\"de_DE\" \/>\n<meta property=\"og:type\" content=\"article\" \/>\n<meta property=\"og:title\" content=\"Social - Best4Tires Holding\" \/>\n<meta property=\"og:description\" content=\"Ein Team mit vielen Vorteilen. Umfassende Wertsch\u00e4tzung unserer Mitarbeitenden. Als wertvollstes Kapital und Teil unserer Perspektive f\u00fcr die Zukunft sind die Mitarbeitenden ein entscheidender Teil des kontinuierlichen Erfolges von Best4Tires. Ein klares Statement der Verantwortlichen macht den Anspruch im Hinblick auf das Miteinander deutlich: \u201eBest4Tires hat die besten Mitarbeiter und wir m\u00f6chten ihnen das Beste [&hellip;]\" \/>\n<meta property=\"og:url\" content=\"https:\/\/best4tires.stage.blindwerk.de\/de\/nachhaltigkeit\/social\/\" \/>\n<meta property=\"og:site_name\" content=\"Best4Tires Holding\" \/>\n<meta property=\"article:modified_time\" content=\"2022-12-05T15:45:52+00:00\" \/>\n<meta property=\"og:image\" content=\"https:\/\/www.best4tires.stage.blindwerk.de\/wp-content\/uploads\/B4T_ESG_WEB_1320x450_02.jpg\" \/>\n<meta name=\"twitter:card\" content=\"summary_large_image\" \/>\n<meta name=\"twitter:label1\" content=\"Gesch\u00e4tzte Lesezeit\" \/>\n\t<meta name=\"twitter:data1\" content=\"4\u00a0Minuten\" \/>\n<script type=\"application\/ld+json\" class=\"yoast-schema-graph\">{\"@context\":\"https:\\\/\\\/schema.org\",\"@graph\":[{\"@type\":\"WebPage\",\"@id\":\"https:\\\/\\\/best4tires.stage.blindwerk.de\\\/de\\\/nachhaltigkeit\\\/social\\\/\",\"url\":\"https:\\\/\\\/best4tires.stage.blindwerk.de\\\/de\\\/nachhaltigkeit\\\/social\\\/\",\"name\":\"Social - Best4Tires Holding\",\"isPartOf\":{\"@id\":\"https:\\\/\\\/best4tires.stage.blindwerk.de\\\/de\\\/#website\"},\"primaryImageOfPage\":{\"@id\":\"https:\\\/\\\/best4tires.stage.blindwerk.de\\\/de\\\/nachhaltigkeit\\\/social\\\/#primaryimage\"},\"image\":{\"@id\":\"https:\\\/\\\/best4tires.stage.blindwerk.de\\\/de\\\/nachhaltigkeit\\\/social\\\/#primaryimage\"},\"thumbnailUrl\":\"https:\\\/\\\/www.best4tires.stage.blindwerk.de\\\/wp-content\\\/uploads\\\/B4T_ESG_WEB_1320x450_02.jpg\",\"datePublished\":\"2022-11-07T12:55:08+00:00\",\"dateModified\":\"2022-12-05T15:45:52+00:00\",\"breadcrumb\":{\"@id\":\"https:\\\/\\\/best4tires.stage.blindwerk.de\\\/de\\\/nachhaltigkeit\\\/social\\\/#breadcrumb\"},\"inLanguage\":\"de\",\"potentialAction\":[{\"@type\":\"ReadAction\",\"target\":[\"https:\\\/\\\/best4tires.stage.blindwerk.de\\\/de\\\/nachhaltigkeit\\\/social\\\/\"]}]},{\"@type\":\"ImageObject\",\"inLanguage\":\"de\",\"@id\":\"https:\\\/\\\/best4tires.stage.blindwerk.de\\\/de\\\/nachhaltigkeit\\\/social\\\/#primaryimage\",\"url\":\"https:\\\/\\\/www.best4tires.stage.blindwerk.de\\\/wp-content\\\/uploads\\\/B4T_ESG_WEB_1320x450_02.jpg\",\"contentUrl\":\"https:\\\/\\\/www.best4tires.stage.blindwerk.de\\\/wp-content\\\/uploads\\\/B4T_ESG_WEB_1320x450_02.jpg\"},{\"@type\":\"BreadcrumbList\",\"@id\":\"https:\\\/\\\/best4tires.stage.blindwerk.de\\\/de\\\/nachhaltigkeit\\\/social\\\/#breadcrumb\",\"itemListElement\":[{\"@type\":\"ListItem\",\"position\":1,\"name\":\"Startseite\",\"item\":\"https:\\\/\\\/best4tires.stage.blindwerk.de\\\/de\\\/\"},{\"@type\":\"ListItem\",\"position\":2,\"name\":\"Nachhaltigkeit\",\"item\":\"https:\\\/\\\/best4tires.stage.blindwerk.de\\\/de\\\/nachhaltigkeit\\\/\"},{\"@type\":\"ListItem\",\"position\":3,\"name\":\"Social\"}]},{\"@type\":\"WebSite\",\"@id\":\"https:\\\/\\\/best4tires.stage.blindwerk.de\\\/de\\\/#website\",\"url\":\"https:\\\/\\\/best4tires.stage.blindwerk.de\\\/de\\\/\",\"name\":\"Best4Tires Holding\",\"description\":\"Solutions and Services\",\"potentialAction\":[{\"@type\":\"SearchAction\",\"target\":{\"@type\":\"EntryPoint\",\"urlTemplate\":\"https:\\\/\\\/best4tires.stage.blindwerk.de\\\/de\\\/?s={search_term_string}\"},\"query-input\":{\"@type\":\"PropertyValueSpecification\",\"valueRequired\":true,\"valueName\":\"search_term_string\"}}],\"inLanguage\":\"de\"}]}<\/script>\n<!-- \/ Yoast SEO plugin. -->","yoast_head_json":{"title":"Social - Best4Tires Holding","robots":{"index":"index","follow":"follow","max-snippet":"max-snippet:-1","max-image-preview":"max-image-preview:large","max-video-preview":"max-video-preview:-1"},"canonical":"https:\/\/best4tires.stage.blindwerk.de\/de\/nachhaltigkeit\/social\/","og_locale":"de_DE","og_type":"article","og_title":"Social - Best4Tires Holding","og_description":"Ein Team mit vielen Vorteilen. Umfassende Wertsch\u00e4tzung unserer Mitarbeitenden. Als wertvollstes Kapital und Teil unserer Perspektive f\u00fcr die Zukunft sind die Mitarbeitenden ein entscheidender Teil des kontinuierlichen Erfolges von Best4Tires. Ein klares Statement der Verantwortlichen macht den Anspruch im Hinblick auf das Miteinander deutlich: \u201eBest4Tires hat die besten Mitarbeiter und wir m\u00f6chten ihnen das Beste [&hellip;]","og_url":"https:\/\/best4tires.stage.blindwerk.de\/de\/nachhaltigkeit\/social\/","og_site_name":"Best4Tires Holding","article_modified_time":"2022-12-05T15:45:52+00:00","og_image":[{"url":"https:\/\/www.best4tires.stage.blindwerk.de\/wp-content\/uploads\/B4T_ESG_WEB_1320x450_02.jpg","type":"","width":"","height":""}],"twitter_card":"summary_large_image","twitter_misc":{"Gesch\u00e4tzte Lesezeit":"4\u00a0Minuten"},"schema":{"@context":"https:\/\/schema.org","@graph":[{"@type":"WebPage","@id":"https:\/\/best4tires.stage.blindwerk.de\/de\/nachhaltigkeit\/social\/","url":"https:\/\/best4tires.stage.blindwerk.de\/de\/nachhaltigkeit\/social\/","name":"Social - Best4Tires Holding","isPartOf":{"@id":"https:\/\/best4tires.stage.blindwerk.de\/de\/#website"},"primaryImageOfPage":{"@id":"https:\/\/best4tires.stage.blindwerk.de\/de\/nachhaltigkeit\/social\/#primaryimage"},"image":{"@id":"https:\/\/best4tires.stage.blindwerk.de\/de\/nachhaltigkeit\/social\/#primaryimage"},"thumbnailUrl":"https:\/\/www.best4tires.stage.blindwerk.de\/wp-content\/uploads\/B4T_ESG_WEB_1320x450_02.jpg","datePublished":"2022-11-07T12:55:08+00:00","dateModified":"2022-12-05T15:45:52+00:00","breadcrumb":{"@id":"https:\/\/best4tires.stage.blindwerk.de\/de\/nachhaltigkeit\/social\/#breadcrumb"},"inLanguage":"de","potentialAction":[{"@type":"ReadAction","target":["https:\/\/best4tires.stage.blindwerk.de\/de\/nachhaltigkeit\/social\/"]}]},{"@type":"ImageObject","inLanguage":"de","@id":"https:\/\/best4tires.stage.blindwerk.de\/de\/nachhaltigkeit\/social\/#primaryimage","url":"https:\/\/www.best4tires.stage.blindwerk.de\/wp-content\/uploads\/B4T_ESG_WEB_1320x450_02.jpg","contentUrl":"https:\/\/www.best4tires.stage.blindwerk.de\/wp-content\/uploads\/B4T_ESG_WEB_1320x450_02.jpg"},{"@type":"BreadcrumbList","@id":"https:\/\/best4tires.stage.blindwerk.de\/de\/nachhaltigkeit\/social\/#breadcrumb","itemListElement":[{"@type":"ListItem","position":1,"name":"Startseite","item":"https:\/\/best4tires.stage.blindwerk.de\/de\/"},{"@type":"ListItem","position":2,"name":"Nachhaltigkeit","item":"https:\/\/best4tires.stage.blindwerk.de\/de\/nachhaltigkeit\/"},{"@type":"ListItem","position":3,"name":"Social"}]},{"@type":"WebSite","@id":"https:\/\/best4tires.stage.blindwerk.de\/de\/#website","url":"https:\/\/best4tires.stage.blindwerk.de\/de\/","name":"Best4Tires Holding","description":"Solutions and Services","potentialAction":[{"@type":"SearchAction","target":{"@type":"EntryPoint","urlTemplate":"https:\/\/best4tires.stage.blindwerk.de\/de\/?s={search_term_string}"},"query-input":{"@type":"PropertyValueSpecification","valueRequired":true,"valueName":"search_term_string"}}],"inLanguage":"de"}]}},"_links":{"self":[{"href":"https:\/\/best4tires.stage.blindwerk.de\/de\/wp-json\/wp\/v2\/pages\/3917","targetHints":{"allow":["GET"]}}],"collection":[{"href":"https:\/\/best4tires.stage.blindwerk.de\/de\/wp-json\/wp\/v2\/pages"}],"about":[{"href":"https:\/\/best4tires.stage.blindwerk.de\/de\/wp-json\/wp\/v2\/types\/page"}],"author":[{"embeddable":true,"href":"https:\/\/best4tires.stage.blindwerk.de\/de\/wp-json\/wp\/v2\/users\/14"}],"replies":[{"embeddable":true,"href":"https:\/\/best4tires.stage.blindwerk.de\/de\/wp-json\/wp\/v2\/comments?post=3917"}],"version-history":[{"count":10,"href":"https:\/\/best4tires.stage.blindwerk.de\/de\/wp-json\/wp\/v2\/pages\/3917\/revisions"}],"predecessor-version":[{"id":4689,"href":"https:\/\/best4tires.stage.blindwerk.de\/de\/wp-json\/wp\/v2\/pages\/3917\/revisions\/4689"}],"up":[{"embeddable":true,"href":"https:\/\/best4tires.stage.blindwerk.de\/de\/wp-json\/wp\/v2\/pages\/3877"}],"wp:attachment":[{"href":"https:\/\/best4tires.stage.blindwerk.de\/de\/wp-json\/wp\/v2\/media?parent=3917"}],"curies":[{"name":"wp","href":"https:\/\/api.w.org\/{rel}","templated":true}]}}