{"id":3919,"date":"2022-11-07T13:55:46","date_gmt":"2022-11-07T12:55:46","guid":{"rendered":"https:\/\/www.best4tires-holding.com\/?page_id=3919"},"modified":"2022-12-05T16:46:12","modified_gmt":"2022-12-05T15:46:12","slug":"governance","status":"publish","type":"page","link":"https:\/\/best4tires.stage.blindwerk.de\/de\/nachhaltigkeit\/governance\/","title":{"rendered":"Governance"},"content":{"rendered":"\n<div style=\"height:80px\" aria-hidden=\"true\" class=\"wp-block-spacer\"><\/div>\n\n\n\n<h2 class=\"wp-block-heading\" style=\"font-style:normal;font-weight:800\">Dem eigenen Anspruch gerecht werden.<\/h2>\n\n\n\n<h3 class=\"wp-block-heading\">Wir schaffen den passenden Rahmen f\u00fcr unseren Erfolg.<\/h3>\n\n\n\n<p>Als eines der f\u00fchrenden Unternehmen unserer Branche, steht bei Best4Tires f\u00fcr ein innovatives Unternehmertum \u2013 dessen Grunds\u00e4tze wir im Bereich E(nviromnent) S(ocial) G(overnance) Tag f\u00fcr Tag aufs Neue leben.<\/p>\n\n\n\n<p> Fachbereiche und Gesch\u00e4ftsf\u00fchrung arbeiten in der Erreichung unserer ESG Ziele und dem Ausbau des Engagements eng zusammen \u2013 unter strikter Einhaltung bestehender Compliance-Richtlinien und unseres Code of Conduct. Im Zuge eines dynamischen Prozesses werden diese Ma\u00dfgaben stetig weiterentwickelt, um beispielsweise im Bereich der Beschaffung vermehrt Nachhaltigkeitskriterien gerecht zu werden.<\/p>\n\n\n\n<div style=\"height:25px\" aria-hidden=\"true\" class=\"wp-block-spacer\"><\/div>\n\n\n\n<h1 class=\"has-text-color has-x-large-font-size wp-block-heading\" style=\"color:#00676f;font-style:normal;font-weight:800\">Mit Sicherheit richtig handeln.<\/h1>\n\n\n\n<div style=\"height:33px\" aria-hidden=\"true\" class=\"wp-block-spacer\"><\/div>\n\n\n\n<p>Mit der Rolle des digitalen Vorreiters kommt eine besondere Verantwortung. Bei Best4Tires liegt aus diesem Grund ein besonderes Augenmerk auf Datenschutz und Privatsph\u00e4re. So wird in diesem wie auch in weiteren Bereichen und Funktionen des Unternehmens dem Standard einer verantwortungsvollen Unternehmensf\u00fchrung Rechnung getragen.<\/p>\n\n\n\n<div style=\"height:100px\" aria-hidden=\"true\" class=\"wp-block-spacer\"><\/div>\n\n\n\n<figure class=\"wp-block-image size-full\"><img decoding=\"async\" src=\"https:\/\/www.best4tires.stage.blindwerk.de\/wp-content\/uploads\/B4T_ESG_WEB_1320x450_03.jpg\" alt=\"\" class=\"wp-image-3952\"\/><\/figure>\n\n\n\n<div style=\"height:100px\" aria-hidden=\"true\" class=\"wp-block-spacer\"><\/div>\n\n\n\n<div class=\"wp-block-columns is-layout-flex wp-container-core-columns-is-layout-9d6595d7 wp-block-columns-is-layout-flex\">\n<div class=\"wp-block-column is-layout-flow wp-block-column-is-layout-flow\" style=\"flex-basis:6%\"><div class=\"wp-block-image governance\">\n<figure class=\"alignright size-full is-resized\"><img loading=\"lazy\" decoding=\"async\" src=\"https:\/\/www.best4tires.stage.blindwerk.de\/wp-content\/uploads\/B4T_WEB_Icon_Governance.png\" alt=\"\" class=\"wp-image-3940\" width=\"59\" height=\"59\"\/><\/figure>\n<\/div><\/div>\n\n\n\n<div class=\"wp-block-column is-layout-flow wp-block-column-is-layout-flow\">\n<h2 class=\"has-text-color wp-block-heading\" style=\"color:#00676f;font-size:22px;font-style:normal;font-weight:800\">Datenschutz und Privatsph\u00e4re<\/h2>\n\n\n\n<div style=\"height:10px\" aria-hidden=\"true\" class=\"wp-block-spacer\"><\/div>\n\n\n\n<p>Durch die Einf\u00fchrung eines Information Security Management Systems (ISMS) werden die wichtigen Themen Datenschutz und Privatsph\u00e4re als Teil unserer ESG-Strategie unterst\u00fctzt.<\/p>\n<\/div>\n<\/div>\n\n\n\n<div class=\"wp-block-columns is-layout-flex wp-container-core-columns-is-layout-9d6595d7 wp-block-columns-is-layout-flex\">\n<div class=\"wp-block-column is-layout-flow wp-block-column-is-layout-flow\" style=\"flex-basis:6%\"><div class=\"wp-block-image governance\">\n<figure class=\"alignright size-full is-resized\"><img loading=\"lazy\" decoding=\"async\" src=\"https:\/\/www.best4tires.stage.blindwerk.de\/wp-content\/uploads\/B4T_WEB_Icon_Governance.png\" alt=\"\" class=\"wp-image-3940\" width=\"59\" height=\"59\"\/><\/figure>\n<\/div><\/div>\n\n\n\n<div class=\"wp-block-column is-layout-flow wp-block-column-is-layout-flow\">\n<h2 class=\"has-text-color wp-block-heading\" style=\"color:#00676f;font-size:22px;font-style:normal;font-weight:800\">Einbindung von ESG in die Gesch\u00e4ftsf\u00fchrungsgremien<\/h2>\n\n\n\n<div style=\"height:10px\" aria-hidden=\"true\" class=\"wp-block-spacer\"><\/div>\n\n\n\n<p>Mit der Implementierung und Ausweitung unserer nationalen ESG-Strategie, wird unser Engagement schrittweise auch in alle Gesch\u00e4ftsprozesse bei Best4Tires integriert.<\/p>\n<\/div>\n<\/div>\n\n\n\n<div class=\"wp-block-columns is-layout-flex wp-container-core-columns-is-layout-9d6595d7 wp-block-columns-is-layout-flex\">\n<div class=\"wp-block-column is-layout-flow wp-block-column-is-layout-flow\" style=\"flex-basis:6%\"><div class=\"wp-block-image governance\">\n<figure class=\"alignright size-full is-resized\"><img loading=\"lazy\" decoding=\"async\" src=\"https:\/\/www.best4tires.stage.blindwerk.de\/wp-content\/uploads\/B4T_WEB_Icon_Governance.png\" alt=\"\" class=\"wp-image-3940\" width=\"59\" height=\"59\"\/><\/figure>\n<\/div><\/div>\n\n\n\n<div class=\"wp-block-column is-layout-flow wp-block-column-is-layout-flow\">\n<h2 class=\"has-text-color wp-block-heading\" style=\"color:#00676f;font-size:22px;font-style:normal;font-weight:800\">ESG Reporting<\/h2>\n\n\n\n<div style=\"height:10px\" aria-hidden=\"true\" class=\"wp-block-spacer\"><\/div>\n\n\n\n<p>Ein einheitliches und transparentes ESG Reporting zur Steuerung der Ziele runden das ESG Konzept bei Best4Tires ebenso ab, wie regelm\u00e4\u00dfige stattfindende Audits.<\/p>\n<\/div>\n<\/div>\n","protected":false},"excerpt":{"rendered":"<p>Dem eigenen Anspruch gerecht werden. Wir schaffen den passenden Rahmen f\u00fcr unseren Erfolg. Als eines der f\u00fchrenden Unternehmen unserer Branche, steht bei Best4Tires f\u00fcr ein innovatives Unternehmertum \u2013 dessen Grunds\u00e4tze wir im Bereich E(nviromnent) S(ocial) G(overnance) Tag f\u00fcr Tag aufs Neue leben. Fachbereiche und Gesch\u00e4ftsf\u00fchrung arbeiten in der Erreichung unserer ESG Ziele und dem Ausbau [&hellip;]<\/p>\n","protected":false},"author":14,"featured_media":0,"parent":3877,"menu_order":19,"comment_status":"closed","ping_status":"closed","template":"page-full-width.php","meta":{"footnotes":""},"class_list":["post-3919","page","type-page","status-publish","hentry"],"yoast_head":"<!-- This site is optimized with the Yoast SEO plugin v27.5 - https:\/\/yoast.com\/product\/yoast-seo-wordpress\/ -->\n<title>Governance - Best4Tires Holding<\/title>\n<meta name=\"robots\" content=\"index, follow, max-snippet:-1, max-image-preview:large, max-video-preview:-1\" \/>\n<link rel=\"canonical\" href=\"https:\/\/best4tires.stage.blindwerk.de\/de\/nachhaltigkeit\/governance\/\" \/>\n<meta property=\"og:locale\" content=\"de_DE\" \/>\n<meta property=\"og:type\" content=\"article\" \/>\n<meta property=\"og:title\" content=\"Governance - Best4Tires Holding\" \/>\n<meta property=\"og:description\" content=\"Dem eigenen Anspruch gerecht werden. Wir schaffen den passenden Rahmen f\u00fcr unseren Erfolg. Als eines der f\u00fchrenden Unternehmen unserer Branche, steht bei Best4Tires f\u00fcr ein innovatives Unternehmertum \u2013 dessen Grunds\u00e4tze wir im Bereich E(nviromnent) S(ocial) G(overnance) Tag f\u00fcr Tag aufs Neue leben. Fachbereiche und Gesch\u00e4ftsf\u00fchrung arbeiten in der Erreichung unserer ESG Ziele und dem Ausbau [&hellip;]\" \/>\n<meta property=\"og:url\" content=\"https:\/\/best4tires.stage.blindwerk.de\/de\/nachhaltigkeit\/governance\/\" \/>\n<meta property=\"og:site_name\" content=\"Best4Tires Holding\" \/>\n<meta property=\"article:modified_time\" content=\"2022-12-05T15:46:12+00:00\" \/>\n<meta property=\"og:image\" content=\"https:\/\/www.best4tires.stage.blindwerk.de\/wp-content\/uploads\/B4T_ESG_WEB_1320x450_03.jpg\" \/>\n<meta name=\"twitter:card\" content=\"summary_large_image\" \/>\n<meta name=\"twitter:label1\" content=\"Gesch\u00e4tzte Lesezeit\" \/>\n\t<meta name=\"twitter:data1\" content=\"2\u00a0Minuten\" \/>\n<script type=\"application\/ld+json\" class=\"yoast-schema-graph\">{\"@context\":\"https:\\\/\\\/schema.org\",\"@graph\":[{\"@type\":\"WebPage\",\"@id\":\"https:\\\/\\\/best4tires.stage.blindwerk.de\\\/de\\\/nachhaltigkeit\\\/governance\\\/\",\"url\":\"https:\\\/\\\/best4tires.stage.blindwerk.de\\\/de\\\/nachhaltigkeit\\\/governance\\\/\",\"name\":\"Governance - Best4Tires Holding\",\"isPartOf\":{\"@id\":\"https:\\\/\\\/best4tires.stage.blindwerk.de\\\/de\\\/#website\"},\"primaryImageOfPage\":{\"@id\":\"https:\\\/\\\/best4tires.stage.blindwerk.de\\\/de\\\/nachhaltigkeit\\\/governance\\\/#primaryimage\"},\"image\":{\"@id\":\"https:\\\/\\\/best4tires.stage.blindwerk.de\\\/de\\\/nachhaltigkeit\\\/governance\\\/#primaryimage\"},\"thumbnailUrl\":\"https:\\\/\\\/www.best4tires.stage.blindwerk.de\\\/wp-content\\\/uploads\\\/B4T_ESG_WEB_1320x450_03.jpg\",\"datePublished\":\"2022-11-07T12:55:46+00:00\",\"dateModified\":\"2022-12-05T15:46:12+00:00\",\"breadcrumb\":{\"@id\":\"https:\\\/\\\/best4tires.stage.blindwerk.de\\\/de\\\/nachhaltigkeit\\\/governance\\\/#breadcrumb\"},\"inLanguage\":\"de\",\"potentialAction\":[{\"@type\":\"ReadAction\",\"target\":[\"https:\\\/\\\/best4tires.stage.blindwerk.de\\\/de\\\/nachhaltigkeit\\\/governance\\\/\"]}]},{\"@type\":\"ImageObject\",\"inLanguage\":\"de\",\"@id\":\"https:\\\/\\\/best4tires.stage.blindwerk.de\\\/de\\\/nachhaltigkeit\\\/governance\\\/#primaryimage\",\"url\":\"https:\\\/\\\/www.best4tires.stage.blindwerk.de\\\/wp-content\\\/uploads\\\/B4T_ESG_WEB_1320x450_03.jpg\",\"contentUrl\":\"https:\\\/\\\/www.best4tires.stage.blindwerk.de\\\/wp-content\\\/uploads\\\/B4T_ESG_WEB_1320x450_03.jpg\"},{\"@type\":\"BreadcrumbList\",\"@id\":\"https:\\\/\\\/best4tires.stage.blindwerk.de\\\/de\\\/nachhaltigkeit\\\/governance\\\/#breadcrumb\",\"itemListElement\":[{\"@type\":\"ListItem\",\"position\":1,\"name\":\"Startseite\",\"item\":\"https:\\\/\\\/best4tires.stage.blindwerk.de\\\/de\\\/\"},{\"@type\":\"ListItem\",\"position\":2,\"name\":\"Nachhaltigkeit\",\"item\":\"https:\\\/\\\/best4tires.stage.blindwerk.de\\\/de\\\/nachhaltigkeit\\\/\"},{\"@type\":\"ListItem\",\"position\":3,\"name\":\"Governance\"}]},{\"@type\":\"WebSite\",\"@id\":\"https:\\\/\\\/best4tires.stage.blindwerk.de\\\/de\\\/#website\",\"url\":\"https:\\\/\\\/best4tires.stage.blindwerk.de\\\/de\\\/\",\"name\":\"Best4Tires Holding\",\"description\":\"Solutions and Services\",\"potentialAction\":[{\"@type\":\"SearchAction\",\"target\":{\"@type\":\"EntryPoint\",\"urlTemplate\":\"https:\\\/\\\/best4tires.stage.blindwerk.de\\\/de\\\/?s={search_term_string}\"},\"query-input\":{\"@type\":\"PropertyValueSpecification\",\"valueRequired\":true,\"valueName\":\"search_term_string\"}}],\"inLanguage\":\"de\"}]}<\/script>\n<!-- \/ Yoast SEO plugin. -->","yoast_head_json":{"title":"Governance - Best4Tires Holding","robots":{"index":"index","follow":"follow","max-snippet":"max-snippet:-1","max-image-preview":"max-image-preview:large","max-video-preview":"max-video-preview:-1"},"canonical":"https:\/\/best4tires.stage.blindwerk.de\/de\/nachhaltigkeit\/governance\/","og_locale":"de_DE","og_type":"article","og_title":"Governance - Best4Tires Holding","og_description":"Dem eigenen Anspruch gerecht werden. Wir schaffen den passenden Rahmen f\u00fcr unseren Erfolg. Als eines der f\u00fchrenden Unternehmen unserer Branche, steht bei Best4Tires f\u00fcr ein innovatives Unternehmertum \u2013 dessen Grunds\u00e4tze wir im Bereich E(nviromnent) S(ocial) G(overnance) Tag f\u00fcr Tag aufs Neue leben. Fachbereiche und Gesch\u00e4ftsf\u00fchrung arbeiten in der Erreichung unserer ESG Ziele und dem Ausbau [&hellip;]","og_url":"https:\/\/best4tires.stage.blindwerk.de\/de\/nachhaltigkeit\/governance\/","og_site_name":"Best4Tires Holding","article_modified_time":"2022-12-05T15:46:12+00:00","og_image":[{"url":"https:\/\/www.best4tires.stage.blindwerk.de\/wp-content\/uploads\/B4T_ESG_WEB_1320x450_03.jpg","type":"","width":"","height":""}],"twitter_card":"summary_large_image","twitter_misc":{"Gesch\u00e4tzte Lesezeit":"2\u00a0Minuten"},"schema":{"@context":"https:\/\/schema.org","@graph":[{"@type":"WebPage","@id":"https:\/\/best4tires.stage.blindwerk.de\/de\/nachhaltigkeit\/governance\/","url":"https:\/\/best4tires.stage.blindwerk.de\/de\/nachhaltigkeit\/governance\/","name":"Governance - Best4Tires Holding","isPartOf":{"@id":"https:\/\/best4tires.stage.blindwerk.de\/de\/#website"},"primaryImageOfPage":{"@id":"https:\/\/best4tires.stage.blindwerk.de\/de\/nachhaltigkeit\/governance\/#primaryimage"},"image":{"@id":"https:\/\/best4tires.stage.blindwerk.de\/de\/nachhaltigkeit\/governance\/#primaryimage"},"thumbnailUrl":"https:\/\/www.best4tires.stage.blindwerk.de\/wp-content\/uploads\/B4T_ESG_WEB_1320x450_03.jpg","datePublished":"2022-11-07T12:55:46+00:00","dateModified":"2022-12-05T15:46:12+00:00","breadcrumb":{"@id":"https:\/\/best4tires.stage.blindwerk.de\/de\/nachhaltigkeit\/governance\/#breadcrumb"},"inLanguage":"de","potentialAction":[{"@type":"ReadAction","target":["https:\/\/best4tires.stage.blindwerk.de\/de\/nachhaltigkeit\/governance\/"]}]},{"@type":"ImageObject","inLanguage":"de","@id":"https:\/\/best4tires.stage.blindwerk.de\/de\/nachhaltigkeit\/governance\/#primaryimage","url":"https:\/\/www.best4tires.stage.blindwerk.de\/wp-content\/uploads\/B4T_ESG_WEB_1320x450_03.jpg","contentUrl":"https:\/\/www.best4tires.stage.blindwerk.de\/wp-content\/uploads\/B4T_ESG_WEB_1320x450_03.jpg"},{"@type":"BreadcrumbList","@id":"https:\/\/best4tires.stage.blindwerk.de\/de\/nachhaltigkeit\/governance\/#breadcrumb","itemListElement":[{"@type":"ListItem","position":1,"name":"Startseite","item":"https:\/\/best4tires.stage.blindwerk.de\/de\/"},{"@type":"ListItem","position":2,"name":"Nachhaltigkeit","item":"https:\/\/best4tires.stage.blindwerk.de\/de\/nachhaltigkeit\/"},{"@type":"ListItem","position":3,"name":"Governance"}]},{"@type":"WebSite","@id":"https:\/\/best4tires.stage.blindwerk.de\/de\/#website","url":"https:\/\/best4tires.stage.blindwerk.de\/de\/","name":"Best4Tires Holding","description":"Solutions and Services","potentialAction":[{"@type":"SearchAction","target":{"@type":"EntryPoint","urlTemplate":"https:\/\/best4tires.stage.blindwerk.de\/de\/?s={search_term_string}"},"query-input":{"@type":"PropertyValueSpecification","valueRequired":true,"valueName":"search_term_string"}}],"inLanguage":"de"}]}},"_links":{"self":[{"href":"https:\/\/best4tires.stage.blindwerk.de\/de\/wp-json\/wp\/v2\/pages\/3919","targetHints":{"allow":["GET"]}}],"collection":[{"href":"https:\/\/best4tires.stage.blindwerk.de\/de\/wp-json\/wp\/v2\/pages"}],"about":[{"href":"https:\/\/best4tires.stage.blindwerk.de\/de\/wp-json\/wp\/v2\/types\/page"}],"author":[{"embeddable":true,"href":"https:\/\/best4tires.stage.blindwerk.de\/de\/wp-json\/wp\/v2\/users\/14"}],"replies":[{"embeddable":true,"href":"https:\/\/best4tires.stage.blindwerk.de\/de\/wp-json\/wp\/v2\/comments?post=3919"}],"version-history":[{"count":10,"href":"https:\/\/best4tires.stage.blindwerk.de\/de\/wp-json\/wp\/v2\/pages\/3919\/revisions"}],"predecessor-version":[{"id":4690,"href":"https:\/\/best4tires.stage.blindwerk.de\/de\/wp-json\/wp\/v2\/pages\/3919\/revisions\/4690"}],"up":[{"embeddable":true,"href":"https:\/\/best4tires.stage.blindwerk.de\/de\/wp-json\/wp\/v2\/pages\/3877"}],"wp:attachment":[{"href":"https:\/\/best4tires.stage.blindwerk.de\/de\/wp-json\/wp\/v2\/media?parent=3919"}],"curies":[{"name":"wp","href":"https:\/\/api.w.org\/{rel}","templated":true}]}}