{"id":779,"date":"2021-04-16T19:07:42","date_gmt":"2021-04-16T17:07:42","guid":{"rendered":"https:\/\/www.gundlach-automotive.com\/?page_id=779"},"modified":"2023-06-20T20:54:53","modified_gmt":"2023-06-20T18:54:53","slug":"designs","status":"publish","type":"page","link":"https:\/\/best4tires.stage.blindwerk.de\/de\/produkte-services\/designs\/","title":{"rendered":"Designs"},"content":{"rendered":"\n<div class=\"wp-block-media-text alignwide has-media-on-the-right is-stacked-on-mobile is-vertically-aligned-center sortiment\"><div class=\"wp-block-media-text__content\">\n<h2 class=\"wp-block-heading\">Starker Auftritt<\/h2>\n\n\n\n<h3 class=\"wp-block-heading\">Unser Felgensortiment.<\/h3>\n\n\n\n<p>Seit langem sind Felgen eine unserer Kernkompetenzen: Mit der Eigenmarke OXXO, zwei weiteren Exklusivmarken sowie exklusiven Designs f\u00fcr Automobilhersteller sind wir im Gro\u00dfhandel wie auch im OE-Bereich breit aufgestellt. Dank hauseigener Konzeption und Homologation sowie einem eigenen ECE-Programm unterst\u00fctzt unser Felgen-Team den Handel in der Produktentwicklung. Eine Eigenst\u00e4ndigkeit, die f\u00fcr eine Alleinstellung in der Branche und im Markt sorgt. Dabei deckt unser Produktportfolio von Premium- bis hin zu Economy- und Budget-Marken alle Preissegmente ab \u2013 und wird durch das Basissortiment im Onlinehandel komplettiert.<\/p>\n<\/div><figure class=\"wp-block-media-text__media\"><img loading=\"lazy\" decoding=\"async\" width=\"360\" height=\"360\" src=\"\/wp-content\/uploads\/content\/produkte-services\/felgen\/20210520_header_360x360px.jpg\" alt=\"\" class=\"wp-image-2316 size-full\"\/><\/figure><\/div>\n\n\n\n<hr class=\"wp-block-separator has-css-opacity\"\/>\n\n\n\n<h2 class=\"wp-block-heading has-text-align-center single-headline\">Unsere Exklusiv-Marken.<\/h2>\n\n\n<div class=\"wheel-accordeon\"><div class=\"wheel-accordeon-inner\"><ul class=\"list-item-track\"><li class=\"brand-item\" data-list-id=\"1894\"><div class=\"visual-section\"><img decoding=\"async\" src=\"https:\/\/best4tires.stage.blindwerk.de\/wp-content\/uploads\/produkte\/felgen\/enkei_shogun-ff-5l_1.png\" class=\"img-fluid product-image\" alt=\"Enkei product image\" \/><img decoding=\"async\" src=\"https:\/\/www.best4tires.stage.blindwerk.de\/wp-content\/uploads\/logos\/felgenhersteller\/enkei-logo-black.png\" class=\"img-fluid mb-2 product-logo\" alt=\"Enkei Logo\"\/><\/div><div class=\"text-section\"><p class=\"mb-0\"><span style=\"font-weight: 400\">Die exklusive Tuning-Szene liebt Enkei \u2013 und Enkei liebt die Tuning-Szene. Als unsere kleine Exklusivmarke ist sie gleichzeitig die bekannteste! Durch ihre modernen und trendorientierten Designs werten die Felgen von Enkei jedes Fahrzeug optisch und emotional auf \u2013 und \u00fcberzeugen dabei durch ihre hochwertige Verarbeitung, beispielsweise mittels Flow-Forming-Produktion.<\/span>\r\n<blockquote><strong>\r\nDie Enkei Fakten:<\/strong><\/blockquote>\r\n<ul>\r\n \t<li style=\"font-weight: 400\"><span style=\"font-weight: 400\">Drei Designs in verschiedenen Farbvarianten von 16 bis 20 Zoll<\/span><\/li>\r\n \t<li style=\"font-weight: 400\"><span style=\"font-weight: 400\">Europaweite Distribution<\/span><\/li>\r\n \t<li style=\"font-weight: 400\"><span style=\"font-weight: 400\">Forschung &amp; Entwicklung sowie Design komplett durch die Best4Tires Holding<\/span><\/li>\r\n<\/ul><\/p><\/div><button class=\"box-toggle\"><svg xmlns=\"http:\/\/www.w3.org\/2000\/svg\" width=\"1em\" height=\"1em\" fill=\"currentColor\" class=\"bi bi-chevron-right\" viewBox=\"0 0 16 16\"><path fill-rule=\"evenodd\" d=\"M4.646 1.646a.5.5 0 0 1 .708 0l6 6a.5.5 0 0 1 0 .708l-6 6a.5.5 0 0 1-.708-.708L10.293 8 4.646 2.354a.5.5 0 0 1 0-.708z\"\/><\/svg><\/button><\/li><li class=\"brand-item\" data-list-id=\"1897\"><div class=\"visual-section\"><img decoding=\"async\" src=\"https:\/\/best4tires.stage.blindwerk.de\/wp-content\/uploads\/produkte\/felgen\/mak_speciale-5l_1.png\" class=\"img-fluid product-image\" alt=\"MAK Wheels product image\" \/><img decoding=\"async\" src=\"https:\/\/www.best4tires.stage.blindwerk.de\/wp-content\/uploads\/logos\/felgenhersteller\/mak-wheels-logo.png\" class=\"img-fluid mb-2 product-logo\" alt=\"MAK Wheels Logo\"\/><\/div><div class=\"text-section\"><p class=\"mb-0\"><span style=\"font-weight: 400\">Die italienische Premiummarke MAK kombiniert in der Felgen-Entwicklung die Design-DNA verschiedenster Automobilhersteller mit der eigenen Gestaltungsphilosophie \u2013 und definiert sich dabei durch individuelle Designs in hochwertiger Verarbeitung. Das Resultat: Einzigartige Produkte, die in ihrer zukunftsweisenden, sportlichen oder auch klassischen Optik speziell auf die Modelle der unterschiedlichen Fahrzeughersteller zugeschnitten sind.<\/span>\r\n<blockquote><strong>\r\nDie MAK Fakten:<\/strong><\/blockquote>\r\n<ul>\r\n \t<li style=\"font-weight: 400\"><span style=\"font-weight: 400\">Exklusive Vertriebsrechte f\u00fcr Deutschland<\/span><\/li>\r\n \t<li style=\"font-weight: 400\"><span style=\"font-weight: 400\">Mehr als 60 Designs in verschiedenen Farbvarianten von 14 bis 23 Zoll<\/span><\/li>\r\n<\/ul><\/p><\/div><button class=\"box-toggle\"><svg xmlns=\"http:\/\/www.w3.org\/2000\/svg\" width=\"1em\" height=\"1em\" fill=\"currentColor\" class=\"bi bi-chevron-right\" viewBox=\"0 0 16 16\"><path fill-rule=\"evenodd\" d=\"M4.646 1.646a.5.5 0 0 1 .708 0l6 6a.5.5 0 0 1 0 .708l-6 6a.5.5 0 0 1-.708-.708L10.293 8 4.646 2.354a.5.5 0 0 1 0-.708z\"\/><\/svg><\/button><\/li><li class=\"brand-item\" data-list-id=\"1898\"><div class=\"visual-section\"><img decoding=\"async\" src=\"https:\/\/best4tires.stage.blindwerk.de\/wp-content\/uploads\/produkte\/felgen\/oxxo-liberty-rechts.png\" class=\"img-fluid product-image\" alt=\"OXXO Wheels product image\" \/><img decoding=\"async\" src=\"https:\/\/www.best4tires.stage.blindwerk.de\/wp-content\/uploads\/logos\/felgenhersteller\/oxxo-logo-black.png\" class=\"img-fluid mb-2 product-logo\" alt=\"OXXO Wheels Logo\"\/><\/div><div class=\"text-section\"><p class=\"mb-0\"><span style=\"font-weight: 400\">Technisch ausgereift und optisch ausgewogen: OXXO bietet eines der umfassendsten ECE-Programme in Europa und bietet bei seinen Produkten OE-Felgendimensionen, die von der Mehrheit der Automobilhersteller freigegeben sind. Als zeitgem\u00e4\u00dfe und qualitative Felgenmarke schafft OXXO eine Balance zwischen Form und Funktion.<\/span>\r\n<blockquote><strong>\r\nDie OXXO Fakten:<\/strong><\/blockquote>\r\n<ul>\r\n \t<li style=\"font-weight: 400\"><span style=\"font-weight: 400\">Eigenmarke der Best4Tires<\/span><\/li>\r\n \t<li style=\"font-weight: 400\"><span style=\"font-weight: 400\">19 Designs in verschiedenen Farbvarianten von 14 bis 19 Zoll<\/span><\/li>\r\n \t<li style=\"font-weight: 400\"><span style=\"font-weight: 400\">Globale Distribution<\/span><\/li>\r\n \t<li style=\"font-weight: 400\"><span style=\"font-weight: 400\">Forschung &amp; Entwicklung sowie Design komplett durch die Best4Tires Holding<\/span><\/li>\r\n<\/ul><\/p><\/div><button class=\"box-toggle\"><svg xmlns=\"http:\/\/www.w3.org\/2000\/svg\" width=\"1em\" height=\"1em\" fill=\"currentColor\" class=\"bi bi-chevron-right\" viewBox=\"0 0 16 16\"><path fill-rule=\"evenodd\" d=\"M4.646 1.646a.5.5 0 0 1 .708 0l6 6a.5.5 0 0 1 0 .708l-6 6a.5.5 0 0 1-.708-.708L10.293 8 4.646 2.354a.5.5 0 0 1 0-.708z\"\/><\/svg><\/button><\/li><\/ul><\/div><\/div>\n\n\n\n<div style=\"height:60px\" aria-hidden=\"true\" class=\"wp-block-spacer\"><\/div>\n\n\n\n<h2 class=\"wp-block-heading has-text-align-center single-headline\">Unsere OES-Marken.<\/h2>\n\n\n\n<p class=\"has-text-align-center small-container\">Durch die eigenen Qualit\u00e4ten in der Felgenkonzeption und \u2013entwicklung &#8211; gepaart mit der Gesch\u00e4ftserfahrung mit renommierten Automobilherstellern &#8211; entwickelt die Best4Tires exklusive Felgendesigns f\u00fcr ausgew\u00e4hlte Automobilmarken wie Kia und Hyundai. Die Kombination aus eigener Felgenentwicklung, automatisierter Komplettradmontage und termintreuer Belieferung machen hier den Unterschied.<\/p>\n\n\n\n<div style=\"height:60px\" aria-hidden=\"true\" class=\"wp-block-spacer\"><\/div>\n\n\n\n<div class=\"wp-block-media-text alignwide is-stacked-on-mobile is-vertically-aligned-center oes-brands\"><figure class=\"wp-block-media-text__media\"><img loading=\"lazy\" decoding=\"async\" width=\"875\" height=\"450\" src=\"\/wp-content\/uploads\/content\/produkte-services\/felgen\/20210525_blaupause.png\" alt=\"\" class=\"wp-image-2409 size-full\" srcset=\"https:\/\/best4tires.stage.blindwerk.de\/wp-content\/uploads\/content\/produkte-services\/felgen\/20210525_blaupause.png 875w, https:\/\/best4tires.stage.blindwerk.de\/wp-content\/uploads\/content\/produkte-services\/felgen\/20210525_blaupause-768x395.png 768w\" sizes=\"auto, (max-width: 875px) 100vw, 875px\" \/><\/figure><div class=\"wp-block-media-text__content\">\n<ul class=\"list-check-green wp-block-list\">\n<li>Mehr als zehn Designs in verschiedenen Farbvarianten von<br> 14 bis 20 Zoll<\/li>\n\n\n\n<li>Forschung &amp; Entwicklung sowie Design komplett durch die Best4Tires<\/li>\n<\/ul>\n<\/div><\/div>\n","protected":false},"excerpt":{"rendered":"<p>Starker Auftritt Unser Felgensortiment. Seit langem sind Felgen eine unserer Kernkompetenzen: Mit der Eigenmarke OXXO, zwei weiteren Exklusivmarken sowie exklusiven Designs f\u00fcr Automobilhersteller sind wir im Gro\u00dfhandel wie auch im OE-Bereich breit aufgestellt. Dank hauseigener Konzeption und Homologation sowie einem eigenen ECE-Programm unterst\u00fctzt unser Felgen-Team den Handel in der Produktentwicklung. Eine Eigenst\u00e4ndigkeit, die f\u00fcr eine [&hellip;]<\/p>\n","protected":false},"author":1,"featured_media":2451,"parent":794,"menu_order":15,"comment_status":"closed","ping_status":"closed","template":"page-full-width.php","meta":{"footnotes":""},"class_list":["post-779","page","type-page","status-publish","has-post-thumbnail","hentry"],"yoast_head":"<!-- This site is optimized with the Yoast SEO plugin v27.5 - https:\/\/yoast.com\/product\/yoast-seo-wordpress\/ -->\n<title>Designs - Best4Tires Holding<\/title>\n<meta name=\"description\" content=\"Ob Eigenmarke oder exklusives Premium-Design, wir haben die passenden Felgen f\u00fcr Sie. Qualit\u00e4t f\u00fcr jedes Budget.\" \/>\n<meta name=\"robots\" content=\"index, follow, max-snippet:-1, max-image-preview:large, max-video-preview:-1\" \/>\n<link rel=\"canonical\" href=\"https:\/\/best4tires.stage.blindwerk.de\/de\/produkte-services\/designs\/\" \/>\n<meta property=\"og:locale\" content=\"de_DE\" \/>\n<meta property=\"og:type\" content=\"article\" \/>\n<meta property=\"og:title\" content=\"Designs - Best4Tires Holding\" \/>\n<meta property=\"og:description\" content=\"Ob Eigenmarke oder exklusives Premium-Design, wir haben die passenden Felgen f\u00fcr Sie. Qualit\u00e4t f\u00fcr jedes Budget.\" \/>\n<meta property=\"og:url\" content=\"https:\/\/best4tires.stage.blindwerk.de\/de\/produkte-services\/designs\/\" \/>\n<meta property=\"og:site_name\" content=\"Best4Tires Holding\" \/>\n<meta property=\"article:modified_time\" content=\"2023-06-20T18:54:53+00:00\" \/>\n<meta property=\"og:image\" content=\"https:\/\/best4tires.stage.blindwerk.de\/wp-content\/uploads\/slideshow\/produkte-services\/20210527_header_2500x1220px.jpg\" \/>\n\t<meta property=\"og:image:width\" content=\"2500\" \/>\n\t<meta property=\"og:image:height\" content=\"1220\" \/>\n\t<meta property=\"og:image:type\" content=\"image\/jpeg\" \/>\n<meta name=\"twitter:card\" content=\"summary_large_image\" \/>\n<meta name=\"twitter:label1\" content=\"Gesch\u00e4tzte Lesezeit\" \/>\n\t<meta name=\"twitter:data1\" content=\"2\u00a0Minuten\" \/>\n<script type=\"application\/ld+json\" class=\"yoast-schema-graph\">{\"@context\":\"https:\\\/\\\/schema.org\",\"@graph\":[{\"@type\":\"WebPage\",\"@id\":\"https:\\\/\\\/best4tires.stage.blindwerk.de\\\/de\\\/produkte-services\\\/designs\\\/\",\"url\":\"https:\\\/\\\/best4tires.stage.blindwerk.de\\\/de\\\/produkte-services\\\/designs\\\/\",\"name\":\"Designs - Best4Tires Holding\",\"isPartOf\":{\"@id\":\"https:\\\/\\\/best4tires.stage.blindwerk.de\\\/de\\\/#website\"},\"primaryImageOfPage\":{\"@id\":\"https:\\\/\\\/best4tires.stage.blindwerk.de\\\/de\\\/produkte-services\\\/designs\\\/#primaryimage\"},\"image\":{\"@id\":\"https:\\\/\\\/best4tires.stage.blindwerk.de\\\/de\\\/produkte-services\\\/designs\\\/#primaryimage\"},\"thumbnailUrl\":\"https:\\\/\\\/best4tires.stage.blindwerk.de\\\/wp-content\\\/uploads\\\/slideshow\\\/produkte-services\\\/20210527_header_2500x1220px.jpg\",\"datePublished\":\"2021-04-16T17:07:42+00:00\",\"dateModified\":\"2023-06-20T18:54:53+00:00\",\"description\":\"Ob Eigenmarke oder exklusives Premium-Design, wir haben die passenden Felgen f\u00fcr Sie. Qualit\u00e4t f\u00fcr jedes Budget.\",\"breadcrumb\":{\"@id\":\"https:\\\/\\\/best4tires.stage.blindwerk.de\\\/de\\\/produkte-services\\\/designs\\\/#breadcrumb\"},\"inLanguage\":\"de\",\"potentialAction\":[{\"@type\":\"ReadAction\",\"target\":[\"https:\\\/\\\/best4tires.stage.blindwerk.de\\\/de\\\/produkte-services\\\/designs\\\/\"]}]},{\"@type\":\"ImageObject\",\"inLanguage\":\"de\",\"@id\":\"https:\\\/\\\/best4tires.stage.blindwerk.de\\\/de\\\/produkte-services\\\/designs\\\/#primaryimage\",\"url\":\"https:\\\/\\\/best4tires.stage.blindwerk.de\\\/wp-content\\\/uploads\\\/slideshow\\\/produkte-services\\\/20210527_header_2500x1220px.jpg\",\"contentUrl\":\"https:\\\/\\\/best4tires.stage.blindwerk.de\\\/wp-content\\\/uploads\\\/slideshow\\\/produkte-services\\\/20210527_header_2500x1220px.jpg\",\"width\":2500,\"height\":1220},{\"@type\":\"BreadcrumbList\",\"@id\":\"https:\\\/\\\/best4tires.stage.blindwerk.de\\\/de\\\/produkte-services\\\/designs\\\/#breadcrumb\",\"itemListElement\":[{\"@type\":\"ListItem\",\"position\":1,\"name\":\"Startseite\",\"item\":\"https:\\\/\\\/best4tires.stage.blindwerk.de\\\/de\\\/\"},{\"@type\":\"ListItem\",\"position\":2,\"name\":\"Produkte &amp; Services\",\"item\":\"https:\\\/\\\/best4tires.stage.blindwerk.de\\\/de\\\/produkte-services\\\/\"},{\"@type\":\"ListItem\",\"position\":3,\"name\":\"Designs\"}]},{\"@type\":\"WebSite\",\"@id\":\"https:\\\/\\\/best4tires.stage.blindwerk.de\\\/de\\\/#website\",\"url\":\"https:\\\/\\\/best4tires.stage.blindwerk.de\\\/de\\\/\",\"name\":\"Best4Tires Holding\",\"description\":\"Solutions and Services\",\"potentialAction\":[{\"@type\":\"SearchAction\",\"target\":{\"@type\":\"EntryPoint\",\"urlTemplate\":\"https:\\\/\\\/best4tires.stage.blindwerk.de\\\/de\\\/?s={search_term_string}\"},\"query-input\":{\"@type\":\"PropertyValueSpecification\",\"valueRequired\":true,\"valueName\":\"search_term_string\"}}],\"inLanguage\":\"de\"}]}<\/script>\n<!-- \/ Yoast SEO plugin. -->","yoast_head_json":{"title":"Designs - Best4Tires Holding","description":"Ob Eigenmarke oder exklusives Premium-Design, wir haben die passenden Felgen f\u00fcr Sie. Qualit\u00e4t f\u00fcr jedes Budget.","robots":{"index":"index","follow":"follow","max-snippet":"max-snippet:-1","max-image-preview":"max-image-preview:large","max-video-preview":"max-video-preview:-1"},"canonical":"https:\/\/best4tires.stage.blindwerk.de\/de\/produkte-services\/designs\/","og_locale":"de_DE","og_type":"article","og_title":"Designs - Best4Tires Holding","og_description":"Ob Eigenmarke oder exklusives Premium-Design, wir haben die passenden Felgen f\u00fcr Sie. Qualit\u00e4t f\u00fcr jedes Budget.","og_url":"https:\/\/best4tires.stage.blindwerk.de\/de\/produkte-services\/designs\/","og_site_name":"Best4Tires Holding","article_modified_time":"2023-06-20T18:54:53+00:00","og_image":[{"width":2500,"height":1220,"url":"https:\/\/best4tires.stage.blindwerk.de\/wp-content\/uploads\/slideshow\/produkte-services\/20210527_header_2500x1220px.jpg","type":"image\/jpeg"}],"twitter_card":"summary_large_image","twitter_misc":{"Gesch\u00e4tzte Lesezeit":"2\u00a0Minuten"},"schema":{"@context":"https:\/\/schema.org","@graph":[{"@type":"WebPage","@id":"https:\/\/best4tires.stage.blindwerk.de\/de\/produkte-services\/designs\/","url":"https:\/\/best4tires.stage.blindwerk.de\/de\/produkte-services\/designs\/","name":"Designs - Best4Tires Holding","isPartOf":{"@id":"https:\/\/best4tires.stage.blindwerk.de\/de\/#website"},"primaryImageOfPage":{"@id":"https:\/\/best4tires.stage.blindwerk.de\/de\/produkte-services\/designs\/#primaryimage"},"image":{"@id":"https:\/\/best4tires.stage.blindwerk.de\/de\/produkte-services\/designs\/#primaryimage"},"thumbnailUrl":"https:\/\/best4tires.stage.blindwerk.de\/wp-content\/uploads\/slideshow\/produkte-services\/20210527_header_2500x1220px.jpg","datePublished":"2021-04-16T17:07:42+00:00","dateModified":"2023-06-20T18:54:53+00:00","description":"Ob Eigenmarke oder exklusives Premium-Design, wir haben die passenden Felgen f\u00fcr Sie. Qualit\u00e4t f\u00fcr jedes Budget.","breadcrumb":{"@id":"https:\/\/best4tires.stage.blindwerk.de\/de\/produkte-services\/designs\/#breadcrumb"},"inLanguage":"de","potentialAction":[{"@type":"ReadAction","target":["https:\/\/best4tires.stage.blindwerk.de\/de\/produkte-services\/designs\/"]}]},{"@type":"ImageObject","inLanguage":"de","@id":"https:\/\/best4tires.stage.blindwerk.de\/de\/produkte-services\/designs\/#primaryimage","url":"https:\/\/best4tires.stage.blindwerk.de\/wp-content\/uploads\/slideshow\/produkte-services\/20210527_header_2500x1220px.jpg","contentUrl":"https:\/\/best4tires.stage.blindwerk.de\/wp-content\/uploads\/slideshow\/produkte-services\/20210527_header_2500x1220px.jpg","width":2500,"height":1220},{"@type":"BreadcrumbList","@id":"https:\/\/best4tires.stage.blindwerk.de\/de\/produkte-services\/designs\/#breadcrumb","itemListElement":[{"@type":"ListItem","position":1,"name":"Startseite","item":"https:\/\/best4tires.stage.blindwerk.de\/de\/"},{"@type":"ListItem","position":2,"name":"Produkte &amp; Services","item":"https:\/\/best4tires.stage.blindwerk.de\/de\/produkte-services\/"},{"@type":"ListItem","position":3,"name":"Designs"}]},{"@type":"WebSite","@id":"https:\/\/best4tires.stage.blindwerk.de\/de\/#website","url":"https:\/\/best4tires.stage.blindwerk.de\/de\/","name":"Best4Tires Holding","description":"Solutions and Services","potentialAction":[{"@type":"SearchAction","target":{"@type":"EntryPoint","urlTemplate":"https:\/\/best4tires.stage.blindwerk.de\/de\/?s={search_term_string}"},"query-input":{"@type":"PropertyValueSpecification","valueRequired":true,"valueName":"search_term_string"}}],"inLanguage":"de"}]}},"_links":{"self":[{"href":"https:\/\/best4tires.stage.blindwerk.de\/de\/wp-json\/wp\/v2\/pages\/779","targetHints":{"allow":["GET"]}}],"collection":[{"href":"https:\/\/best4tires.stage.blindwerk.de\/de\/wp-json\/wp\/v2\/pages"}],"about":[{"href":"https:\/\/best4tires.stage.blindwerk.de\/de\/wp-json\/wp\/v2\/types\/page"}],"author":[{"embeddable":true,"href":"https:\/\/best4tires.stage.blindwerk.de\/de\/wp-json\/wp\/v2\/users\/1"}],"replies":[{"embeddable":true,"href":"https:\/\/best4tires.stage.blindwerk.de\/de\/wp-json\/wp\/v2\/comments?post=779"}],"version-history":[{"count":9,"href":"https:\/\/best4tires.stage.blindwerk.de\/de\/wp-json\/wp\/v2\/pages\/779\/revisions"}],"predecessor-version":[{"id":7571,"href":"https:\/\/best4tires.stage.blindwerk.de\/de\/wp-json\/wp\/v2\/pages\/779\/revisions\/7571"}],"up":[{"embeddable":true,"href":"https:\/\/best4tires.stage.blindwerk.de\/de\/wp-json\/wp\/v2\/pages\/794"}],"wp:featuredmedia":[{"embeddable":true,"href":"https:\/\/best4tires.stage.blindwerk.de\/de\/wp-json\/wp\/v2\/media\/2451"}],"wp:attachment":[{"href":"https:\/\/best4tires.stage.blindwerk.de\/de\/wp-json\/wp\/v2\/media?parent=779"}],"curies":[{"name":"wp","href":"https:\/\/api.w.org\/{rel}","templated":true}]}}