{"id":781,"date":"2021-04-16T19:07:54","date_gmt":"2021-04-16T17:07:54","guid":{"rendered":"https:\/\/www.gundlach-automotive.com\/?page_id=781"},"modified":"2022-09-08T10:59:57","modified_gmt":"2022-09-08T08:59:57","slug":"komplettraeder","status":"publish","type":"page","link":"https:\/\/best4tires.stage.blindwerk.de\/de\/produkte-services\/komplettraeder\/","title":{"rendered":"Komplettr\u00e4der"},"content":{"rendered":"\n<div class=\"wp-block-media-text alignwide has-media-on-the-right is-stacked-on-mobile is-vertically-aligned-center\" id=\"konfigurator\"><figure class=\"wp-block-media-text__media\"><a href=\"https:\/\/www.best4tires.com\/de\/service\/konfigurator\/\" target=\"_blank\" rel=\"noreferrer noopener\"><img loading=\"lazy\" decoding=\"async\" width=\"360\" height=\"360\" src=\"\/wp-content\/uploads\/20210505_prdukte-und-service_360x360px.jpg\" alt=\"\" class=\"wp-image-1956 size-full\"\/><\/a><\/figure><div class=\"wp-block-media-text__content\">\n<h2 class=\"wp-block-heading\">L\u00e4sst keine W\u00fcnsche offen.<\/h2>\n\n\n\n<h3 class=\"wp-block-heading\">Der 3D-Konfigurator.<\/h3>\n\n\n\n<p>Komplette Variationsvielfalt auf rund 600 aktuellen Automodellen aller Hersteller: Der unternehmenseigene <a href=\"https:\/\/www.best4tires.com\/de\/service\/konfigurator\/\">3<\/a><a href=\"https:\/\/www.best4tires.com\/de\/service\/konfigurator\/\" target=\"_blank\" rel=\"noreferrer noopener\">D-Konfigurator<\/a> pr\u00e4sentiert mit \u00fcber 6.000 verf\u00fcgbaren Aluminium- und Stahlfelgen die optimale visuelle und realit\u00e4tsnahe Darstellung f\u00fcr das gew\u00fcnschte Fahrzeug. Neben der Vielzahl an Personalisierungsoptionen bieten weiterf\u00fchrende Pkw-Daten, passgenaue Serienreifengr\u00f6\u00dfen oder detaillierte Informationen \u00fcber das Reifendruckkontrollsystem (RDKS) die ideale Serviceunterst\u00fctzung im B2C-Handel.<\/p>\n<\/div><\/div>\n\n\n\n<hr class=\"wp-block-separator has-css-opacity\"\/>\n\n\n\n<div id=\"produktion\" class=\"wp-block-group\"><div class=\"wp-block-group__inner-container is-layout-flow wp-block-group-is-layout-flow\"><div class=\"wp-block-image produktion-image\">\n<figure class=\"aligncenter size-large\"><img loading=\"lazy\" decoding=\"async\" width=\"984\" height=\"554\" src=\"\/wp-content\/uploads\/content\/unternehmen\/20210518_produkte-und-service_komplettradstrasse_984x554px.jpg\" alt=\"\" class=\"wp-image-2084\" srcset=\"https:\/\/best4tires.stage.blindwerk.de\/wp-content\/uploads\/content\/unternehmen\/20210518_produkte-und-service_komplettradstrasse_984x554px.jpg 984w, https:\/\/best4tires.stage.blindwerk.de\/wp-content\/uploads\/content\/unternehmen\/20210518_produkte-und-service_komplettradstrasse_984x554px-768x432.jpg 768w\" sizes=\"auto, (max-width: 984px) 100vw, 984px\" \/><\/figure>\n<\/div>\n\n\n<div class=\"wp-block-columns is-layout-flex wp-container-core-columns-is-layout-9d6595d7 wp-block-columns-is-layout-flex\">\n<div class=\"wp-block-column green-quote is-layout-flow wp-block-column-is-layout-flow\">\n<div class=\"wp-block-group inner-quote\"><div class=\"wp-block-group__inner-container is-layout-flow wp-block-group-is-layout-flow\">\n<ul class=\"list-check-white wp-block-list\"><li>Neun hochmoderne, automatisierte Komplettrad-Stra\u00dfen (inklusive einer voll autonomen Anlage)<\/li><li>In sechs europ\u00e4ischen L\u00e4ndern<\/li><li>Auf die Automobilhersteller vor Ort abgestimmter Materialfluss (Just-in-Time)<\/li><li>Zeit- und mengengenaue Belieferung ans Werk der Hersteller (Just-in-Sequence)<\/li><\/ul>\n<\/div><\/div>\n<\/div>\n\n\n\n<div class=\"wp-block-column produktion-text is-layout-flow wp-block-column-is-layout-flow\">\n<h2 class=\"has-text-align-right wp-block-heading\">Perfektion in Produktion.<\/h2>\n\n\n\n<h3 class=\"has-text-align-right wp-block-heading\">Unsere Komplettrad-Fertigung.<\/h3>\n\n\n\n<p class=\"has-text-align-right\">Im Bereich Komplettr\u00e4der z\u00e4hlen wir zu den international f\u00fchrenden Unternehmen \u2013 wobei sowohl die Erstausr\u00fcstung (OEM) wie auch die Belieferung mit Originalware (OES) unser Selbstverst\u00e4ndnis als Spezialist in diesem Segment bestimmen. Neun hochmoderne, automatisierte Komplettrad-Stra\u00dfen (inklusive einer voll autonomen Anlage) sorgen in sechs europ\u00e4ischen L\u00e4ndern f\u00fcr einen auf den Produktionsprozess der Automobilhersteller vor Ort abgestimmten Materialfluss (Just-in-Time) oder die zeit- und mengengenaue Belieferung ans Werk der Hersteller (Just-in-Sequence).<\/p>\n<\/div>\n<\/div>\n<\/div><\/div>\n\n\n\n<hr class=\"wp-block-separator has-css-opacity\"\/>\n\n\n\n<div class=\"wp-block-columns is-layout-flex wp-container-core-columns-is-layout-9d6595d7 wp-block-columns-is-layout-flex\">\n<div class=\"wp-block-column is-layout-flow wp-block-column-is-layout-flow\" id=\"oem\"><div class=\"wp-block-image\">\n<figure class=\"aligncenter size-large\"><img loading=\"lazy\" decoding=\"async\" width=\"600\" height=\"350\" src=\"\/wp-content\/uploads\/content\/produkte-services\/20210518_produkte-und-service-oem_600x350px.jpg\" alt=\"\" class=\"wp-image-2076\"\/><\/figure>\n<\/div>\n\n\n<h2 class=\"wp-block-heading\">Ganz nah dran.<\/h2>\n\n\n\n<h3 class=\"wp-block-heading\">Unsere Rolle als Erstausr\u00fcster.<\/h3>\n\n\n\n<p>Die Unternehmensgruppe ist als Partner namhafter Automobilhersteller immer im direkten Umfeld von wichtigen Produktionsst\u00e4tten angesiedelt \u2013 mit einem klaren Leistungsversprechen:<\/p>\n\n\n\n<ul class=\"list-check-green no-last-item wp-block-list\"><li>Verantwortung f\u00fcr die gesamte Logistikkette (Supply-Chain)<\/li><li>Je nach Standortkonzept des Herstellers Produktion Just-in-sequence oder Just-in-time<\/li><li>R\u00e4umliche N\u00e4he gew\u00e4hrleistet optimale Produktionsplanung und -steuerung<\/li><li><a href=\"\/geschaeftsbereiche\/#oem\" data-type=\"URL\" data-id=\"\/geschaeftsbereiche\/#oem\"><strong>Mehr erfahren<\/strong><\/a><\/li><\/ul>\n\n\n\n<div class=\"wp-block-buttons is-layout-flex wp-block-buttons-is-layout-flex\"><\/div>\n<\/div>\n\n\n\n<div class=\"wp-block-column is-layout-flow wp-block-column-is-layout-flow\" id=\"oes-after-sales\"><div class=\"wp-block-image\">\n<figure class=\"aligncenter size-large\"><img loading=\"lazy\" decoding=\"async\" width=\"600\" height=\"350\" src=\"\/wp-content\/uploads\/content\/produkte-services\/20210518_produkte-und-service-after-sales_600x350px.jpg\" alt=\"\" class=\"wp-image-2074\"\/><\/figure>\n<\/div>\n\n\n<h2 class=\"wp-block-heading\">Im Autohaus zuhause.<\/h2>\n\n\n\n<h3 class=\"wp-block-heading\">Unser Einsatz im Aftersales-Markt.<\/h3>\n\n\n\n<p>In unserer Rolle im Komplettrad-Gesch\u00e4ft \u00fcbernehmen wir einen wesentlichen Teil der Aftersales-Versorgung des Automobilmarktes:<\/p>\n\n\n\n<ul class=\"list-check-green no-last-item wp-block-list\"><li>Langfristig angelegte Kooperationen mit markengebundenen Autoh\u00e4usern<\/li><li>Strategische Zusammenarbeit mit Herstellern und Generalimporteuren<\/li><li>Zuverl\u00e4ssige Versorgung des Marktes mit Originalware<\/li><li>Individuelle Lagerkapazit\u00e4ten f\u00fcr OE-Ware des Kunden \u2013 auf Wunsch inklusive Montage<\/li><li><a href=\"\/geschaeftsbereiche\/#oes\" data-type=\"URL\" data-id=\"\/geschaeftsbereiche\/#oes\"><strong>Mehr erfahren<\/strong><\/a><\/li><\/ul>\n<\/div>\n<\/div>\n","protected":false},"excerpt":{"rendered":"<p>L\u00e4sst keine W\u00fcnsche offen. Der 3D-Konfigurator. Komplette Variationsvielfalt auf rund 600 aktuellen Automodellen aller Hersteller: Der unternehmenseigene 3D-Konfigurator pr\u00e4sentiert mit \u00fcber 6.000 verf\u00fcgbaren Aluminium- und Stahlfelgen die optimale visuelle und realit\u00e4tsnahe Darstellung f\u00fcr das gew\u00fcnschte Fahrzeug. Neben der Vielzahl an Personalisierungsoptionen bieten weiterf\u00fchrende Pkw-Daten, passgenaue Serienreifengr\u00f6\u00dfen oder detaillierte Informationen \u00fcber das Reifendruckkontrollsystem (RDKS) die ideale [&hellip;]<\/p>\n","protected":false},"author":1,"featured_media":1949,"parent":794,"menu_order":1,"comment_status":"closed","ping_status":"closed","template":"page-full-width.php","meta":{"footnotes":""},"class_list":["post-781","page","type-page","status-publish","has-post-thumbnail","hentry"],"yoast_head":"<!-- This site is optimized with the Yoast SEO plugin v27.5 - https:\/\/yoast.com\/product\/yoast-seo-wordpress\/ -->\n<title>Komplettr\u00e4der - Best4Tires Holding<\/title>\n<meta name=\"description\" content=\"Das perfekte Tool zur Visualisierung Ihrer gew\u00fcnschten Komplettr\u00e4der \u279c Unser 3D-Konfigurator mit \u00fcber 6.000 verf\u00fcgbaren Felgen.\" \/>\n<meta name=\"robots\" content=\"index, follow, max-snippet:-1, max-image-preview:large, max-video-preview:-1\" \/>\n<link rel=\"canonical\" href=\"https:\/\/best4tires.stage.blindwerk.de\/de\/produkte-services\/komplettraeder\/\" \/>\n<meta property=\"og:locale\" content=\"de_DE\" \/>\n<meta property=\"og:type\" content=\"article\" \/>\n<meta property=\"og:title\" content=\"Komplettr\u00e4der - Best4Tires Holding\" \/>\n<meta property=\"og:description\" content=\"Das perfekte Tool zur Visualisierung Ihrer gew\u00fcnschten Komplettr\u00e4der \u279c Unser 3D-Konfigurator mit \u00fcber 6.000 verf\u00fcgbaren Felgen.\" \/>\n<meta property=\"og:url\" content=\"https:\/\/best4tires.stage.blindwerk.de\/de\/produkte-services\/komplettraeder\/\" \/>\n<meta property=\"og:site_name\" content=\"Best4Tires Holding\" \/>\n<meta property=\"article:modified_time\" content=\"2022-09-08T08:59:57+00:00\" \/>\n<meta property=\"og:image\" content=\"https:\/\/best4tires.stage.blindwerk.de\/wp-content\/uploads\/content\/produkte-services\/20210505_prdukte-und-service_2500x1220px.jpg\" \/>\n\t<meta property=\"og:image:width\" content=\"2500\" \/>\n\t<meta property=\"og:image:height\" content=\"1220\" \/>\n\t<meta property=\"og:image:type\" content=\"image\/jpeg\" \/>\n<meta name=\"twitter:card\" content=\"summary_large_image\" \/>\n<meta name=\"twitter:label1\" content=\"Gesch\u00e4tzte Lesezeit\" \/>\n\t<meta name=\"twitter:data1\" content=\"3\u00a0Minuten\" \/>\n<script type=\"application\/ld+json\" class=\"yoast-schema-graph\">{\"@context\":\"https:\\\/\\\/schema.org\",\"@graph\":[{\"@type\":\"WebPage\",\"@id\":\"https:\\\/\\\/best4tires.stage.blindwerk.de\\\/de\\\/produkte-services\\\/komplettraeder\\\/\",\"url\":\"https:\\\/\\\/best4tires.stage.blindwerk.de\\\/de\\\/produkte-services\\\/komplettraeder\\\/\",\"name\":\"Komplettr\u00e4der - Best4Tires Holding\",\"isPartOf\":{\"@id\":\"https:\\\/\\\/best4tires.stage.blindwerk.de\\\/de\\\/#website\"},\"primaryImageOfPage\":{\"@id\":\"https:\\\/\\\/best4tires.stage.blindwerk.de\\\/de\\\/produkte-services\\\/komplettraeder\\\/#primaryimage\"},\"image\":{\"@id\":\"https:\\\/\\\/best4tires.stage.blindwerk.de\\\/de\\\/produkte-services\\\/komplettraeder\\\/#primaryimage\"},\"thumbnailUrl\":\"https:\\\/\\\/best4tires.stage.blindwerk.de\\\/wp-content\\\/uploads\\\/content\\\/produkte-services\\\/20210505_prdukte-und-service_2500x1220px.jpg\",\"datePublished\":\"2021-04-16T17:07:54+00:00\",\"dateModified\":\"2022-09-08T08:59:57+00:00\",\"description\":\"Das perfekte Tool zur Visualisierung Ihrer gew\u00fcnschten Komplettr\u00e4der \u279c Unser 3D-Konfigurator mit \u00fcber 6.000 verf\u00fcgbaren Felgen.\",\"breadcrumb\":{\"@id\":\"https:\\\/\\\/best4tires.stage.blindwerk.de\\\/de\\\/produkte-services\\\/komplettraeder\\\/#breadcrumb\"},\"inLanguage\":\"de\",\"potentialAction\":[{\"@type\":\"ReadAction\",\"target\":[\"https:\\\/\\\/best4tires.stage.blindwerk.de\\\/de\\\/produkte-services\\\/komplettraeder\\\/\"]}]},{\"@type\":\"ImageObject\",\"inLanguage\":\"de\",\"@id\":\"https:\\\/\\\/best4tires.stage.blindwerk.de\\\/de\\\/produkte-services\\\/komplettraeder\\\/#primaryimage\",\"url\":\"https:\\\/\\\/best4tires.stage.blindwerk.de\\\/wp-content\\\/uploads\\\/content\\\/produkte-services\\\/20210505_prdukte-und-service_2500x1220px.jpg\",\"contentUrl\":\"https:\\\/\\\/best4tires.stage.blindwerk.de\\\/wp-content\\\/uploads\\\/content\\\/produkte-services\\\/20210505_prdukte-und-service_2500x1220px.jpg\",\"width\":2500,\"height\":1220},{\"@type\":\"BreadcrumbList\",\"@id\":\"https:\\\/\\\/best4tires.stage.blindwerk.de\\\/de\\\/produkte-services\\\/komplettraeder\\\/#breadcrumb\",\"itemListElement\":[{\"@type\":\"ListItem\",\"position\":1,\"name\":\"Startseite\",\"item\":\"https:\\\/\\\/best4tires.stage.blindwerk.de\\\/de\\\/\"},{\"@type\":\"ListItem\",\"position\":2,\"name\":\"Produkte &amp; Services\",\"item\":\"https:\\\/\\\/best4tires.stage.blindwerk.de\\\/de\\\/produkte-services\\\/\"},{\"@type\":\"ListItem\",\"position\":3,\"name\":\"Komplettr\u00e4der\"}]},{\"@type\":\"WebSite\",\"@id\":\"https:\\\/\\\/best4tires.stage.blindwerk.de\\\/de\\\/#website\",\"url\":\"https:\\\/\\\/best4tires.stage.blindwerk.de\\\/de\\\/\",\"name\":\"Best4Tires Holding\",\"description\":\"Solutions and Services\",\"potentialAction\":[{\"@type\":\"SearchAction\",\"target\":{\"@type\":\"EntryPoint\",\"urlTemplate\":\"https:\\\/\\\/best4tires.stage.blindwerk.de\\\/de\\\/?s={search_term_string}\"},\"query-input\":{\"@type\":\"PropertyValueSpecification\",\"valueRequired\":true,\"valueName\":\"search_term_string\"}}],\"inLanguage\":\"de\"}]}<\/script>\n<!-- \/ Yoast SEO plugin. -->","yoast_head_json":{"title":"Komplettr\u00e4der - Best4Tires Holding","description":"Das perfekte Tool zur Visualisierung Ihrer gew\u00fcnschten Komplettr\u00e4der \u279c Unser 3D-Konfigurator mit \u00fcber 6.000 verf\u00fcgbaren Felgen.","robots":{"index":"index","follow":"follow","max-snippet":"max-snippet:-1","max-image-preview":"max-image-preview:large","max-video-preview":"max-video-preview:-1"},"canonical":"https:\/\/best4tires.stage.blindwerk.de\/de\/produkte-services\/komplettraeder\/","og_locale":"de_DE","og_type":"article","og_title":"Komplettr\u00e4der - Best4Tires Holding","og_description":"Das perfekte Tool zur Visualisierung Ihrer gew\u00fcnschten Komplettr\u00e4der \u279c Unser 3D-Konfigurator mit \u00fcber 6.000 verf\u00fcgbaren Felgen.","og_url":"https:\/\/best4tires.stage.blindwerk.de\/de\/produkte-services\/komplettraeder\/","og_site_name":"Best4Tires Holding","article_modified_time":"2022-09-08T08:59:57+00:00","og_image":[{"width":2500,"height":1220,"url":"https:\/\/best4tires.stage.blindwerk.de\/wp-content\/uploads\/content\/produkte-services\/20210505_prdukte-und-service_2500x1220px.jpg","type":"image\/jpeg"}],"twitter_card":"summary_large_image","twitter_misc":{"Gesch\u00e4tzte Lesezeit":"3\u00a0Minuten"},"schema":{"@context":"https:\/\/schema.org","@graph":[{"@type":"WebPage","@id":"https:\/\/best4tires.stage.blindwerk.de\/de\/produkte-services\/komplettraeder\/","url":"https:\/\/best4tires.stage.blindwerk.de\/de\/produkte-services\/komplettraeder\/","name":"Komplettr\u00e4der - Best4Tires Holding","isPartOf":{"@id":"https:\/\/best4tires.stage.blindwerk.de\/de\/#website"},"primaryImageOfPage":{"@id":"https:\/\/best4tires.stage.blindwerk.de\/de\/produkte-services\/komplettraeder\/#primaryimage"},"image":{"@id":"https:\/\/best4tires.stage.blindwerk.de\/de\/produkte-services\/komplettraeder\/#primaryimage"},"thumbnailUrl":"https:\/\/best4tires.stage.blindwerk.de\/wp-content\/uploads\/content\/produkte-services\/20210505_prdukte-und-service_2500x1220px.jpg","datePublished":"2021-04-16T17:07:54+00:00","dateModified":"2022-09-08T08:59:57+00:00","description":"Das perfekte Tool zur Visualisierung Ihrer gew\u00fcnschten Komplettr\u00e4der \u279c Unser 3D-Konfigurator mit \u00fcber 6.000 verf\u00fcgbaren Felgen.","breadcrumb":{"@id":"https:\/\/best4tires.stage.blindwerk.de\/de\/produkte-services\/komplettraeder\/#breadcrumb"},"inLanguage":"de","potentialAction":[{"@type":"ReadAction","target":["https:\/\/best4tires.stage.blindwerk.de\/de\/produkte-services\/komplettraeder\/"]}]},{"@type":"ImageObject","inLanguage":"de","@id":"https:\/\/best4tires.stage.blindwerk.de\/de\/produkte-services\/komplettraeder\/#primaryimage","url":"https:\/\/best4tires.stage.blindwerk.de\/wp-content\/uploads\/content\/produkte-services\/20210505_prdukte-und-service_2500x1220px.jpg","contentUrl":"https:\/\/best4tires.stage.blindwerk.de\/wp-content\/uploads\/content\/produkte-services\/20210505_prdukte-und-service_2500x1220px.jpg","width":2500,"height":1220},{"@type":"BreadcrumbList","@id":"https:\/\/best4tires.stage.blindwerk.de\/de\/produkte-services\/komplettraeder\/#breadcrumb","itemListElement":[{"@type":"ListItem","position":1,"name":"Startseite","item":"https:\/\/best4tires.stage.blindwerk.de\/de\/"},{"@type":"ListItem","position":2,"name":"Produkte &amp; Services","item":"https:\/\/best4tires.stage.blindwerk.de\/de\/produkte-services\/"},{"@type":"ListItem","position":3,"name":"Komplettr\u00e4der"}]},{"@type":"WebSite","@id":"https:\/\/best4tires.stage.blindwerk.de\/de\/#website","url":"https:\/\/best4tires.stage.blindwerk.de\/de\/","name":"Best4Tires Holding","description":"Solutions and Services","potentialAction":[{"@type":"SearchAction","target":{"@type":"EntryPoint","urlTemplate":"https:\/\/best4tires.stage.blindwerk.de\/de\/?s={search_term_string}"},"query-input":{"@type":"PropertyValueSpecification","valueRequired":true,"valueName":"search_term_string"}}],"inLanguage":"de"}]}},"_links":{"self":[{"href":"https:\/\/best4tires.stage.blindwerk.de\/de\/wp-json\/wp\/v2\/pages\/781","targetHints":{"allow":["GET"]}}],"collection":[{"href":"https:\/\/best4tires.stage.blindwerk.de\/de\/wp-json\/wp\/v2\/pages"}],"about":[{"href":"https:\/\/best4tires.stage.blindwerk.de\/de\/wp-json\/wp\/v2\/types\/page"}],"author":[{"embeddable":true,"href":"https:\/\/best4tires.stage.blindwerk.de\/de\/wp-json\/wp\/v2\/users\/1"}],"replies":[{"embeddable":true,"href":"https:\/\/best4tires.stage.blindwerk.de\/de\/wp-json\/wp\/v2\/comments?post=781"}],"version-history":[{"count":10,"href":"https:\/\/best4tires.stage.blindwerk.de\/de\/wp-json\/wp\/v2\/pages\/781\/revisions"}],"predecessor-version":[{"id":3753,"href":"https:\/\/best4tires.stage.blindwerk.de\/de\/wp-json\/wp\/v2\/pages\/781\/revisions\/3753"}],"up":[{"embeddable":true,"href":"https:\/\/best4tires.stage.blindwerk.de\/de\/wp-json\/wp\/v2\/pages\/794"}],"wp:featuredmedia":[{"embeddable":true,"href":"https:\/\/best4tires.stage.blindwerk.de\/de\/wp-json\/wp\/v2\/media\/1949"}],"wp:attachment":[{"href":"https:\/\/best4tires.stage.blindwerk.de\/de\/wp-json\/wp\/v2\/media?parent=781"}],"curies":[{"name":"wp","href":"https:\/\/api.w.org\/{rel}","templated":true}]}}