{"id":787,"date":"2021-04-16T19:10:58","date_gmt":"2021-04-16T17:10:58","guid":{"rendered":"https:\/\/www.gundlach-automotive.com\/?page_id=787"},"modified":"2022-11-09T13:03:25","modified_gmt":"2022-11-09T12:03:25","slug":"unternehmen","status":"publish","type":"page","link":"https:\/\/best4tires.stage.blindwerk.de\/de\/unternehmen\/","title":{"rendered":"Unternehmen"},"content":{"rendered":"\n<div class=\"wp-block-media-text alignwide has-media-on-the-right is-stacked-on-mobile\" id=\"mission\"><figure class=\"wp-block-media-text__media\"><img loading=\"lazy\" decoding=\"async\" width=\"360\" height=\"360\" src=\"\/wp-content\/uploads\/content\/unternehmen\/20210518_unternehmen-top_360x360px.jpg\" alt=\"Eine Vielzahl an Reifen und Felgen im gut sortierten Lager von Gundlach Automotive.\" class=\"wp-image-2364 size-full\"\/><\/figure><div class=\"wp-block-media-text__content\">\n<h2 class=\"wp-block-heading\">Der beste Weg ist unser Ziel.<\/h2>\n\n\n\n<h3 class=\"wp-block-heading\">Unsere Mission.<\/h3>\n\n\n\n<p>Reifen sind das entscheidende Bindeglied zwischen Fahrzeug und Stra\u00dfe. Erst sie erm\u00f6glichen es, die PS bestm\u00f6glich ausspielen zu k\u00f6nnen und entscheiden \u00fcber die wesentliche Leistungsf\u00e4higkeit.<\/p>\n\n\n\n<p>So definieren wir auch uns als erfahrener Service &amp; Solution Provider rund um Reifen, Felgen und Komplettr\u00e4der, denn Reifen sind nicht einfach unser Gesch\u00e4ft \u2013 sie sind unsere Leidenschaft.<\/p>\n\n\n\n<p>Als entscheidendes Bindeglied zwischen Hersteller und Markt verschreibt sich die Best4Tires dem Ziel, t\u00e4glich das volle Leistungspotenzial seiner Kunden auszusch\u00f6pfen \u2013 ob als Gro\u00dfh\u00e4ndler, Erstausr\u00fcster (OEM) oder Lieferant (OES).<\/p>\n<\/div><\/div>\n\n\n\n<hr class=\"wp-block-separator has-css-opacity\"\/>\n\n\n\n<h2 class=\"has-text-align-center wp-block-heading\" id=\"vision\">Anspruch umgesetzt.<\/h2>\n\n\n\n<h3 class=\"has-text-align-center wp-block-heading\">Unsere Vision als Unternehmen.<\/h3>\n\n\n\n<p class=\"has-text-align-center small-container\">Der n\u00e4chste Schritt war seit jeher unser Ziel. Sei es in der Leistung f\u00fcr unsere Kunden, bei der kontinuierlichen Steigerung unserer Qualit\u00e4t und Effizienz oder auch darin, die Auswirkungen unserer Arbeit f\u00fcr die Umwelt so vertr\u00e4glich wie m\u00f6glich zu gestalten. Es geht uns dabei nicht um Perfektion \u2013 sondern darum, ihr m\u00f6glichst nahe zu kommen.<br><\/p>\n\n\n<div class=\"wp-block-image\">\n<figure class=\"aligncenter size-large\"><img loading=\"lazy\" decoding=\"async\" width=\"984\" height=\"554\" src=\"\/wp-content\/uploads\/content\/unternehmen\/20210506_ansproch-umgesetzt_984x554px.jpg\" alt=\"Modernste Maschinen helfen bei der Verarbeitung unserer Komplettr\u00e4der.\" class=\"wp-image-1941\" srcset=\"https:\/\/best4tires.stage.blindwerk.de\/wp-content\/uploads\/content\/unternehmen\/20210506_ansproch-umgesetzt_984x554px.jpg 984w, https:\/\/best4tires.stage.blindwerk.de\/wp-content\/uploads\/content\/unternehmen\/20210506_ansproch-umgesetzt_984x554px-768x432.jpg 768w\" sizes=\"auto, (max-width: 984px) 100vw, 984px\" \/><\/figure>\n<\/div>\n\n\n<div style=\"height:100px\" aria-hidden=\"true\" class=\"wp-block-spacer\"><\/div>\n\n\n\n<div class=\"wp-block-group container\"><div class=\"wp-block-group__inner-container is-layout-flow wp-block-group-is-layout-flow\">\n<div class=\"wp-block-columns is-layout-flex wp-container-core-columns-is-layout-9d6595d7 wp-block-columns-is-layout-flex\">\n<div class=\"wp-block-column is-layout-flow wp-block-column-is-layout-flow\">\n<h2 class=\"has-text-align-center single-headline wp-block-heading\"><a href=\"\/de\/unternehmen\/vision\/#zertifiziertes-qm\" data-type=\"page\">Zertifiziertes Qualit\u00e4tsmanagement<\/a><\/h2>\n\n\n\n<p class=\"has-text-align-center\">Zahlreiche wichtige Zertifizierungen belegen unsere Qualit\u00e4t und Zuverl\u00e4ssigkeit als Erstausr\u00fcster und Lieferant im After Sales.<\/p>\n\n\n\n<div class=\"wp-block-buttons is-horizontal is-content-justification-center is-layout-flex wp-container-core-buttons-is-layout-499968f5 wp-block-buttons-is-layout-flex\">\n<div class=\"wp-block-button\"><a class=\"wp-block-button__link\" href=\"\/de\/unternehmen\/vision\/#zertifiziertes-qm\">Mehr erfahren<\/a><\/div>\n<\/div>\n<\/div>\n\n\n\n<div class=\"wp-block-column is-layout-flow wp-block-column-is-layout-flow\">\n<h2 class=\"has-text-align-center single-headline wp-block-heading\"><a href=\"\/de\/unternehmen\/vision\/#innovation\" data-type=\"page\">Innovation<\/a><\/h2>\n\n\n\n<p class=\"has-text-align-center\">Die Automotive-Branche und den Markt mit zukunftsweisenden Konzepten mitgestalten \u2013 f\u00fcr uns gleicherma\u00dfen Anspruch und Versprechen.<\/p>\n\n\n\n<div class=\"wp-block-buttons is-horizontal is-content-justification-center is-layout-flex wp-container-core-buttons-is-layout-499968f5 wp-block-buttons-is-layout-flex\">\n<div class=\"wp-block-button\"><a class=\"wp-block-button__link\" href=\"\/de\/unternehmen\/vision\/#innovation\">Mehr erfahren<\/a><\/div>\n<\/div>\n<\/div>\n<\/div>\n<\/div><\/div>\n\n\n\n<hr class=\"wp-block-separator has-css-opacity\"\/>\n\n\n\n<div id=\"werte\" class=\"wp-block-group\"><div class=\"wp-block-group__inner-container is-layout-flow wp-block-group-is-layout-flow\"><div class=\"wp-block-image values-image image-overlap\">\n<figure class=\"aligncenter size-large\"><img loading=\"lazy\" decoding=\"async\" width=\"875\" height=\"450\" src=\"\/wp-content\/uploads\/content\/unternehmen\/20210518_menschen_875x450px.jpg\" alt=\"\" class=\"wp-image-2043\" srcset=\"https:\/\/best4tires.stage.blindwerk.de\/wp-content\/uploads\/content\/unternehmen\/20210518_menschen_875x450px.jpg 875w, https:\/\/best4tires.stage.blindwerk.de\/wp-content\/uploads\/content\/unternehmen\/20210518_menschen_875x450px-768x395.jpg 768w\" sizes=\"auto, (max-width: 875px) 100vw, 875px\" \/><\/figure>\n<\/div>\n\n\n<div class=\"wp-block-group\"><div class=\"wp-block-group__inner-container is-layout-flow wp-block-group-is-layout-flow\">\n<div class=\"wp-block-columns is-layout-flex wp-container-core-columns-is-layout-9d6595d7 wp-block-columns-is-layout-flex\">\n<div class=\"wp-block-column values-text is-layout-flow wp-block-column-is-layout-flow\">\n<h2 class=\"wp-block-heading\">Fokus Mensch.<\/h2>\n\n\n\n<h3 class=\"wp-block-heading\">Unsere Werte.<\/h3>\n\n\n\n<p>Bei aller fortschreitender Digitalisierung und trotz k\u00fcnstlicher Intelligenz, Big Data und virtueller Realit\u00e4t, die wir uns als innovatives Unternehmen zunutze machen: Der Mensch ist und bleibt f\u00fcr uns Mittelpunkt allen Handels. Indem wir Kunden in aller Welt mit unseren Leistungen zufrieden stellen. Aber ebenso, indem wir den Mitarbeiter*innen an jedem unserer Standorte individuelle Wertsch\u00e4tzung entgegenbringen.<\/p>\n\n\n\n<p>Die Basis dieses Selbstverst\u00e4ndnisses liegt in unserem Ursprung als Familienbetrieb, der seit rund 50 Jahren in der Branche verwurzelt ist. Der mit den Herausforderungen eines komplexer werdenden Marktes gewachsen ist &#8211; und sich auch in Zukunft am Faktor Mensch orientieren wird.<\/p>\n<\/div>\n\n\n\n<div class=\"wp-block-column green-quote is-layout-flow wp-block-column-is-layout-flow\">\n<p class=\"inner-quote\">&#8222;Unser Selbstverst\u00e4ndnis liegt in unserem Ursprung als Familienbetrieb, der mit den Herausforderungen eines komplexer werdenden Marktes gewachsen ist. Dabei steht f\u00fcr uns zu jeder Zeit der Mensch im Mittelpunkt.&#8220;<\/p>\n<\/div>\n<\/div>\n<\/div><\/div>\n<\/div><\/div>\n\n\n<div class=\"wp-block-image no-grayscale\">\n<figure class=\"aligncenter size-full is-resized\"><img loading=\"lazy\" decoding=\"async\" src=\"https:\/\/www.best4tires.stage.blindwerk.de\/wp-content\/uploads\/bt_website_asset_unternehmen-1.png\" alt=\"\" class=\"wp-image-3414\" width=\"900\" height=\"700\" srcset=\"https:\/\/best4tires.stage.blindwerk.de\/wp-content\/uploads\/bt_website_asset_unternehmen-1.png 3272w, https:\/\/best4tires.stage.blindwerk.de\/wp-content\/uploads\/bt_website_asset_unternehmen-1-768x598.png 768w, https:\/\/best4tires.stage.blindwerk.de\/wp-content\/uploads\/bt_website_asset_unternehmen-1-1536x1196.png 1536w, https:\/\/best4tires.stage.blindwerk.de\/wp-content\/uploads\/bt_website_asset_unternehmen-1-2048x1595.png 2048w\" sizes=\"auto, (max-width: 900px) 100vw, 900px\" \/><\/figure>\n<\/div>\n\n\n<div style=\"height:80px\" aria-hidden=\"true\" class=\"wp-block-spacer\"><\/div>\n\n\n\n<div class=\"wp-block-columns stacked-col is-layout-flex wp-container-core-columns-is-layout-9d6595d7 wp-block-columns-is-layout-flex\" id=\"geschaeftsbereiche\">\n<div class=\"wp-block-column column-green-box is-layout-flow wp-block-column-is-layout-flow\">\n<div class=\"wp-block-group column-green-box-text\"><div class=\"wp-block-group__inner-container is-layout-flow wp-block-group-is-layout-flow\">\n<h2 class=\"wp-block-heading\">Leistung trifft Spektrum.<\/h2>\n\n\n\n<h3 class=\"wp-block-heading\">Unsere Gesch\u00e4ftsbereiche.<\/h3>\n\n\n\n<p>Als Partner der Automobilindustrie und der Reifenhersteller, nimmt die Best4Tires eine international f\u00fchrende Position im Vertrieb von Reifen, Felgen und Komplettr\u00e4dern ein.<\/p>\n\n\n\n<p>\u00dcber Tochtergesellschaften wie die Gundlach Automotive Solutions oder Best4Tires sind wir als Unternehmensgruppe entlang der gesamten Wertsch\u00f6pfungskette der Reifenbranche t\u00e4tig: Von der Produktion von Komplettr\u00e4dern und der Erstausr\u00fcstung renommierter Automobilhersteller an deren Standorten, bis zur Belieferung des nationalen\/internationalen Einzelhandels und Neu-und Gebrauchtwagenplattformen mit Reifen und Felgen \u00fcber ein eigenes, hochmodernes Produktions- und Lagerzentrum.<\/p>\n<\/div><\/div>\n\n\n\n<div class=\"wp-block-buttons is-layout-flex wp-block-buttons-is-layout-flex\">\n<div class=\"wp-block-button wp-block-button-inverted is-style-inverted\"><a class=\"wp-block-button__link\" href=\"\/de\/geschaeftsbereiche\/\">Zu den Gesch\u00e4ftsbereichen<\/a><\/div>\n<\/div>\n<\/div>\n\n\n\n<div class=\"wp-block-column column-green-box-image is-layout-flow wp-block-column-is-layout-flow\"><div class=\"wp-block-image\">\n<figure class=\"alignright size-large\"><img loading=\"lazy\" decoding=\"async\" width=\"500\" height=\"750\" src=\"\/wp-content\/uploads\/content\/unternehmen\/20210506_conten_500x750px.jpg\" alt=\"Bei der Komplettradmontage kommen modernste Maschinen zum Einsatz.\" class=\"wp-image-1784\"\/><\/figure>\n<\/div><\/div>\n<\/div>\n\n\n\n<div style=\"height:100px\" aria-hidden=\"true\" class=\"wp-block-spacer\"><\/div>\n\n\n\n<hr class=\"wp-block-separator has-css-opacity\"\/>\n\n\n\n<div id=\"unternehmenskennzahlen\" class=\"wp-block-group\"><div class=\"wp-block-group__inner-container is-layout-flow wp-block-group-is-layout-flow\">\n<h2 class=\"has-text-align-center wp-block-heading\">Unsere Unternehmenskennzahlen.<\/h2>\n\n\n\n<p><\/p>\n<\/div><\/div>\n\n\n<div class=\"wp-block-image\">\n<figure class=\"aligncenter size-full is-resized\"><img loading=\"lazy\" decoding=\"async\" src=\"https:\/\/www.best4tires.stage.blindwerk.de\/wp-content\/uploads\/220930_GAC_Unternehmenszahlen_Grafik_v7.png\" alt=\"\" class=\"wp-image-3807\" width=\"900\" height=\"700\"\/><\/figure>\n<\/div>","protected":false},"excerpt":{"rendered":"<p>Der beste Weg ist unser Ziel. Unsere Mission. Reifen sind das entscheidende Bindeglied zwischen Fahrzeug und Stra\u00dfe. Erst sie erm\u00f6glichen es, die PS bestm\u00f6glich ausspielen zu k\u00f6nnen und entscheiden \u00fcber die wesentliche Leistungsf\u00e4higkeit. So definieren wir auch uns als erfahrener Service &amp; Solution Provider rund um Reifen, Felgen und Komplettr\u00e4der, denn Reifen sind nicht einfach [&hellip;]<\/p>\n","protected":false},"author":1,"featured_media":3045,"parent":0,"menu_order":6,"comment_status":"closed","ping_status":"closed","template":"page-full-width.php","meta":{"footnotes":""},"class_list":["post-787","page","type-page","status-publish","has-post-thumbnail","hentry"],"yoast_head":"<!-- This site is optimized with the Yoast SEO plugin v27.5 - https:\/\/yoast.com\/product\/yoast-seo-wordpress\/ -->\n<title>Unternehmen - Best4Tires Holding<\/title>\n<meta name=\"description\" content=\"Internationaler F\u00fchrer im Vertrieb von Reifen, Felgen und Komplettr\u00e4dern. Innovation, Nachhaltigkeit und Qualit\u00e4t an all unseren Standorten.\" \/>\n<meta name=\"robots\" content=\"index, follow, max-snippet:-1, max-image-preview:large, max-video-preview:-1\" \/>\n<link rel=\"canonical\" href=\"https:\/\/best4tires.stage.blindwerk.de\/de\/unternehmen\/\" \/>\n<meta property=\"og:locale\" content=\"de_DE\" \/>\n<meta property=\"og:type\" content=\"article\" \/>\n<meta property=\"og:title\" content=\"Unternehmen - Best4Tires Holding\" \/>\n<meta property=\"og:description\" content=\"Internationaler F\u00fchrer im Vertrieb von Reifen, Felgen und Komplettr\u00e4dern. Innovation, Nachhaltigkeit und Qualit\u00e4t an all unseren Standorten.\" \/>\n<meta property=\"og:url\" content=\"https:\/\/best4tires.stage.blindwerk.de\/de\/unternehmen\/\" \/>\n<meta property=\"og:site_name\" content=\"Best4Tires Holding\" \/>\n<meta property=\"article:modified_time\" content=\"2022-11-09T12:03:25+00:00\" \/>\n<meta property=\"og:image\" content=\"https:\/\/best4tires.stage.blindwerk.de\/wp-content\/uploads\/content\/start\/best4tires_firmensitz_zentrale.jpg\" \/>\n\t<meta property=\"og:image:width\" content=\"2558\" \/>\n\t<meta property=\"og:image:height\" content=\"988\" \/>\n\t<meta property=\"og:image:type\" content=\"image\/jpeg\" \/>\n<meta name=\"twitter:card\" content=\"summary_large_image\" \/>\n<meta name=\"twitter:label1\" content=\"Gesch\u00e4tzte Lesezeit\" \/>\n\t<meta name=\"twitter:data1\" content=\"4\u00a0Minuten\" \/>\n<script type=\"application\/ld+json\" class=\"yoast-schema-graph\">{\"@context\":\"https:\\\/\\\/schema.org\",\"@graph\":[{\"@type\":\"WebPage\",\"@id\":\"https:\\\/\\\/best4tires.stage.blindwerk.de\\\/de\\\/unternehmen\\\/\",\"url\":\"https:\\\/\\\/best4tires.stage.blindwerk.de\\\/de\\\/unternehmen\\\/\",\"name\":\"Unternehmen - Best4Tires Holding\",\"isPartOf\":{\"@id\":\"https:\\\/\\\/best4tires.stage.blindwerk.de\\\/de\\\/#website\"},\"primaryImageOfPage\":{\"@id\":\"https:\\\/\\\/best4tires.stage.blindwerk.de\\\/de\\\/unternehmen\\\/#primaryimage\"},\"image\":{\"@id\":\"https:\\\/\\\/best4tires.stage.blindwerk.de\\\/de\\\/unternehmen\\\/#primaryimage\"},\"thumbnailUrl\":\"https:\\\/\\\/best4tires.stage.blindwerk.de\\\/wp-content\\\/uploads\\\/content\\\/start\\\/best4tires_firmensitz_zentrale.jpg\",\"datePublished\":\"2021-04-16T17:10:58+00:00\",\"dateModified\":\"2022-11-09T12:03:25+00:00\",\"description\":\"Internationaler F\u00fchrer im Vertrieb von Reifen, Felgen und Komplettr\u00e4dern. Innovation, Nachhaltigkeit und Qualit\u00e4t an all unseren Standorten.\",\"breadcrumb\":{\"@id\":\"https:\\\/\\\/best4tires.stage.blindwerk.de\\\/de\\\/unternehmen\\\/#breadcrumb\"},\"inLanguage\":\"de\",\"potentialAction\":[{\"@type\":\"ReadAction\",\"target\":[\"https:\\\/\\\/best4tires.stage.blindwerk.de\\\/de\\\/unternehmen\\\/\"]}]},{\"@type\":\"ImageObject\",\"inLanguage\":\"de\",\"@id\":\"https:\\\/\\\/best4tires.stage.blindwerk.de\\\/de\\\/unternehmen\\\/#primaryimage\",\"url\":\"https:\\\/\\\/best4tires.stage.blindwerk.de\\\/wp-content\\\/uploads\\\/content\\\/start\\\/best4tires_firmensitz_zentrale.jpg\",\"contentUrl\":\"https:\\\/\\\/best4tires.stage.blindwerk.de\\\/wp-content\\\/uploads\\\/content\\\/start\\\/best4tires_firmensitz_zentrale.jpg\",\"width\":2558,\"height\":988},{\"@type\":\"BreadcrumbList\",\"@id\":\"https:\\\/\\\/best4tires.stage.blindwerk.de\\\/de\\\/unternehmen\\\/#breadcrumb\",\"itemListElement\":[{\"@type\":\"ListItem\",\"position\":1,\"name\":\"Startseite\",\"item\":\"https:\\\/\\\/best4tires.stage.blindwerk.de\\\/de\\\/\"},{\"@type\":\"ListItem\",\"position\":2,\"name\":\"Unternehmen\"}]},{\"@type\":\"WebSite\",\"@id\":\"https:\\\/\\\/best4tires.stage.blindwerk.de\\\/de\\\/#website\",\"url\":\"https:\\\/\\\/best4tires.stage.blindwerk.de\\\/de\\\/\",\"name\":\"Best4Tires Holding\",\"description\":\"Solutions and Services\",\"potentialAction\":[{\"@type\":\"SearchAction\",\"target\":{\"@type\":\"EntryPoint\",\"urlTemplate\":\"https:\\\/\\\/best4tires.stage.blindwerk.de\\\/de\\\/?s={search_term_string}\"},\"query-input\":{\"@type\":\"PropertyValueSpecification\",\"valueRequired\":true,\"valueName\":\"search_term_string\"}}],\"inLanguage\":\"de\"}]}<\/script>\n<!-- \/ Yoast SEO plugin. -->","yoast_head_json":{"title":"Unternehmen - Best4Tires Holding","description":"Internationaler F\u00fchrer im Vertrieb von Reifen, Felgen und Komplettr\u00e4dern. Innovation, Nachhaltigkeit und Qualit\u00e4t an all unseren Standorten.","robots":{"index":"index","follow":"follow","max-snippet":"max-snippet:-1","max-image-preview":"max-image-preview:large","max-video-preview":"max-video-preview:-1"},"canonical":"https:\/\/best4tires.stage.blindwerk.de\/de\/unternehmen\/","og_locale":"de_DE","og_type":"article","og_title":"Unternehmen - Best4Tires Holding","og_description":"Internationaler F\u00fchrer im Vertrieb von Reifen, Felgen und Komplettr\u00e4dern. Innovation, Nachhaltigkeit und Qualit\u00e4t an all unseren Standorten.","og_url":"https:\/\/best4tires.stage.blindwerk.de\/de\/unternehmen\/","og_site_name":"Best4Tires Holding","article_modified_time":"2022-11-09T12:03:25+00:00","og_image":[{"width":2558,"height":988,"url":"https:\/\/best4tires.stage.blindwerk.de\/wp-content\/uploads\/content\/start\/best4tires_firmensitz_zentrale.jpg","type":"image\/jpeg"}],"twitter_card":"summary_large_image","twitter_misc":{"Gesch\u00e4tzte Lesezeit":"4\u00a0Minuten"},"schema":{"@context":"https:\/\/schema.org","@graph":[{"@type":"WebPage","@id":"https:\/\/best4tires.stage.blindwerk.de\/de\/unternehmen\/","url":"https:\/\/best4tires.stage.blindwerk.de\/de\/unternehmen\/","name":"Unternehmen - Best4Tires Holding","isPartOf":{"@id":"https:\/\/best4tires.stage.blindwerk.de\/de\/#website"},"primaryImageOfPage":{"@id":"https:\/\/best4tires.stage.blindwerk.de\/de\/unternehmen\/#primaryimage"},"image":{"@id":"https:\/\/best4tires.stage.blindwerk.de\/de\/unternehmen\/#primaryimage"},"thumbnailUrl":"https:\/\/best4tires.stage.blindwerk.de\/wp-content\/uploads\/content\/start\/best4tires_firmensitz_zentrale.jpg","datePublished":"2021-04-16T17:10:58+00:00","dateModified":"2022-11-09T12:03:25+00:00","description":"Internationaler F\u00fchrer im Vertrieb von Reifen, Felgen und Komplettr\u00e4dern. Innovation, Nachhaltigkeit und Qualit\u00e4t an all unseren Standorten.","breadcrumb":{"@id":"https:\/\/best4tires.stage.blindwerk.de\/de\/unternehmen\/#breadcrumb"},"inLanguage":"de","potentialAction":[{"@type":"ReadAction","target":["https:\/\/best4tires.stage.blindwerk.de\/de\/unternehmen\/"]}]},{"@type":"ImageObject","inLanguage":"de","@id":"https:\/\/best4tires.stage.blindwerk.de\/de\/unternehmen\/#primaryimage","url":"https:\/\/best4tires.stage.blindwerk.de\/wp-content\/uploads\/content\/start\/best4tires_firmensitz_zentrale.jpg","contentUrl":"https:\/\/best4tires.stage.blindwerk.de\/wp-content\/uploads\/content\/start\/best4tires_firmensitz_zentrale.jpg","width":2558,"height":988},{"@type":"BreadcrumbList","@id":"https:\/\/best4tires.stage.blindwerk.de\/de\/unternehmen\/#breadcrumb","itemListElement":[{"@type":"ListItem","position":1,"name":"Startseite","item":"https:\/\/best4tires.stage.blindwerk.de\/de\/"},{"@type":"ListItem","position":2,"name":"Unternehmen"}]},{"@type":"WebSite","@id":"https:\/\/best4tires.stage.blindwerk.de\/de\/#website","url":"https:\/\/best4tires.stage.blindwerk.de\/de\/","name":"Best4Tires Holding","description":"Solutions and Services","potentialAction":[{"@type":"SearchAction","target":{"@type":"EntryPoint","urlTemplate":"https:\/\/best4tires.stage.blindwerk.de\/de\/?s={search_term_string}"},"query-input":{"@type":"PropertyValueSpecification","valueRequired":true,"valueName":"search_term_string"}}],"inLanguage":"de"}]}},"_links":{"self":[{"href":"https:\/\/best4tires.stage.blindwerk.de\/de\/wp-json\/wp\/v2\/pages\/787","targetHints":{"allow":["GET"]}}],"collection":[{"href":"https:\/\/best4tires.stage.blindwerk.de\/de\/wp-json\/wp\/v2\/pages"}],"about":[{"href":"https:\/\/best4tires.stage.blindwerk.de\/de\/wp-json\/wp\/v2\/types\/page"}],"author":[{"embeddable":true,"href":"https:\/\/best4tires.stage.blindwerk.de\/de\/wp-json\/wp\/v2\/users\/1"}],"replies":[{"embeddable":true,"href":"https:\/\/best4tires.stage.blindwerk.de\/de\/wp-json\/wp\/v2\/comments?post=787"}],"version-history":[{"count":10,"href":"https:\/\/best4tires.stage.blindwerk.de\/de\/wp-json\/wp\/v2\/pages\/787\/revisions"}],"predecessor-version":[{"id":4155,"href":"https:\/\/best4tires.stage.blindwerk.de\/de\/wp-json\/wp\/v2\/pages\/787\/revisions\/4155"}],"wp:featuredmedia":[{"embeddable":true,"href":"https:\/\/best4tires.stage.blindwerk.de\/de\/wp-json\/wp\/v2\/media\/3045"}],"wp:attachment":[{"href":"https:\/\/best4tires.stage.blindwerk.de\/de\/wp-json\/wp\/v2\/media?parent=787"}],"curies":[{"name":"wp","href":"https:\/\/api.w.org\/{rel}","templated":true}]}}