{"id":791,"date":"2021-04-16T19:11:32","date_gmt":"2021-04-16T17:11:32","guid":{"rendered":"https:\/\/www.gundlach-automotive.com\/?page_id=791"},"modified":"2022-03-08T17:06:31","modified_gmt":"2022-03-08T16:06:31","slug":"historie","status":"publish","type":"page","link":"https:\/\/best4tires.stage.blindwerk.de\/de\/unternehmen\/historie\/","title":{"rendered":"Historie"},"content":{"rendered":"\n<div class=\"wp-block-media-text alignwide has-media-on-the-right is-stacked-on-mobile is-vertically-aligned-center\"><figure class=\"wp-block-media-text__media\"><img loading=\"lazy\" decoding=\"async\" width=\"360\" height=\"360\" src=\"\/wp-content\/uploads\/content\/unternehmen\/20210506_360x360px_historie.jpg\" alt=\"\" class=\"wp-image-1843 size-full\"\/><\/figure><div class=\"wp-block-media-text__content\">\n<h2 class=\"wp-block-heading\">Erfolg braucht Zeit.<\/h2>\n\n\n\n<h3 class=\"wp-block-heading\">Unsere Geschichte.<\/h3>\n\n\n\n<p>Viele erfolgreiche Unternehmen sind dort gestartet, wo auch wir unseren Anfang genommen haben: in einer Garage. Hier gr\u00fcndete Heinz Gundlach in den 1970er Jahren seinen Betrieb &#8211; und schuf damit die Basis f\u00fcr eine Entwicklung, die gepr\u00e4gt ist von Mut zur Innovation sowie dem sicheren Gesp\u00fcr f\u00fcr die Bed\u00fcrfnisse des Marktes. Damals wie heute setzen wir immer neue Ma\u00dfst\u00e4be in der qualitativen Vermarktung von Reifen.<\/p>\n<\/div><\/div>\n\n\n\n<hr class=\"wp-block-separator\"\/>\n\n\n<div class=\"history-slider\"><div class=\"history-body\"><div class=\"slider-images\"><ul class=\"list-slider-images\"><li class=\"slide-image\"><img decoding=\"async\" src=\"https:\/\/best4tires.stage.blindwerk.de\/wp-content\/uploads\/content\/historie\/1973-unternehmensgruendung.jpg\"class=\"img-fluid\" alt=\"Event&nbsp;1973 &#8211; Gr\u00fcndung des Unternehmens als Familienbetrieb\" \/><\/li><li class=\"slide-image\"><img decoding=\"async\" src=\"https:\/\/best4tires.stage.blindwerk.de\/wp-content\/uploads\/content\/historie\/1981-erste-filiale.jpg\"class=\"img-fluid\" alt=\"Event&nbsp;1981 &#8211; Er\u00f6ffnung der ersten Einzelhandelsfiliale\" \/><\/li><li class=\"slide-image\"><img decoding=\"async\" src=\"https:\/\/best4tires.stage.blindwerk.de\/wp-content\/uploads\/content\/historie\/1986-einsteig-grosshandel.jpg\"class=\"img-fluid\" alt=\"Event&nbsp;1986 &#8211; Einstieg in den Gro\u00dfhandel\" \/><\/li><li class=\"slide-image\"><img decoding=\"async\" src=\"https:\/\/best4tires.stage.blindwerk.de\/wp-content\/uploads\/content\/historie\/luftaufnahme_daufenbach-1-e1620382628839.jpg\"class=\"img-fluid\" alt=\"Event&nbsp;2006 &#8211; Er\u00f6ffnung Logistik-Center in Daufenbach, Deutschland\" \/><\/li><li class=\"slide-image\"><img decoding=\"async\" src=\"https:\/\/best4tires.stage.blindwerk.de\/wp-content\/uploads\/content\/historie\/komplettrad-montage-scaled-e1620384532229.jpg\"class=\"img-fluid\" alt=\"Event&nbsp;2009 &#8211; Erste Kooperationen mit Automobilherstellern\" \/><\/li><li class=\"slide-image\"><img decoding=\"async\" src=\"https:\/\/best4tires.stage.blindwerk.de\/wp-content\/uploads\/content\/historie\/20200927_standort-gyoer-scaled-e1620385045552.jpg\"class=\"img-fluid\" alt=\"Event&nbsp;2014 &#8211; Start des Erstausr\u00fcstungs-Gesch\u00e4fts in Gy\u00f6r\" \/><\/li><li class=\"slide-image\"><img decoding=\"async\" src=\"https:\/\/best4tires.stage.blindwerk.de\/wp-content\/uploads\/content\/historie\/2019-12-05_gundlach-automotive-corporation-daufenbach-2_00-scaled-e1620386628118.jpg\"class=\"img-fluid\" alt=\"Event&nbsp;2018 &#8211; Neuer Partner Gilde Buy Out Partners\" \/><\/li><li class=\"slide-image\"><img decoding=\"async\" src=\"https:\/\/best4tires.stage.blindwerk.de\/wp-content\/uploads\/content\/historie\/2019-12-05_gundlach-automotive-corporation-daufenbach-2_02-scaled-e1620387313381.jpg\"class=\"img-fluid\" alt=\"Event&nbsp;2019 &#8211; Erweiterung des deutschen Logistik-Centers\" \/><\/li><li class=\"slide-image\"><img decoding=\"async\" src=\"https:\/\/best4tires.stage.blindwerk.de\/wp-content\/uploads\/b4t_history_digital.jpg\"class=\"img-fluid\" alt=\"Event&nbsp;2020 \u2013 Start der digitalen Transformation\" \/><\/li><li class=\"slide-image\"><img decoding=\"async\" src=\"https:\/\/best4tires.stage.blindwerk.de\/wp-content\/uploads\/b4t_history_t4t.jpg\"class=\"img-fluid\" alt=\"Event&nbsp;2021 \u2013 Digitale Services auf dem Vormarsch\" \/><\/li><li class=\"slide-image\"><img decoding=\"async\" src=\"https:\/\/best4tires.stage.blindwerk.de\/wp-content\/uploads\/slideshow\/unternehmen\/best4tires_firmensitz_zentrale.png\"class=\"img-fluid\" alt=\"Event&nbsp;2022 \u2013 Re-Branding und neue Unternehmenszentrale\" \/><\/li><\/ul><\/div><div class=\"slider-content\"><div class=\"arrow-navigation\"><button class=\"btn-slider btn-prev\"><svg xmlns=\"http:\/\/www.w3.org\/2000\/svg\" width=\"1em\" height=\"1em\" fill=\"currentColor\" class=\"bi bi-chevron-left\" viewBox=\"0 0 16 16\"><path fill-rule=\"evenodd\" d=\"M11.354 1.646a.5.5 0 0 1 0 .708L5.707 8l5.647 5.646a.5.5 0 0 1-.708.708l-6-6a.5.5 0 0 1 0-.708l6-6a.5.5 0 0 1 .708 0z\" \/><\/svg><\/button><button class=\"btn-slider btn-next\"><svg xmlns=\"http:\/\/www.w3.org\/2000\/svg\" width=\"1em\" height=\"1em\" fill=\"currentColor\" class=\"bi bi-chevron-right\" viewBox=\"0 0 16 16\"><path fill-rule=\"evenodd\" d=\"M4.646 1.646a.5.5 0 0 1 .708 0l6 6a.5.5 0 0 1 0 .708l-6 6a.5.5 0 0 1-.708-.708L10.293 8 4.646 2.354a.5.5 0 0 1 0-.708z\" \/><\/svg><\/button><\/div><div class=\"history-items\"><ul class=\"list-slider-content\"><li class=\"slide-content\"><h3 class=\"slide-title\">1973 &#8211; Gr\u00fcndung des Unternehmens als Familienbetrieb<\/h3><p class=\"slide-text mb-0\">Heinrich Gundlach gr\u00fcndet das Unternehmen 1973 als Garagenbetrieb.<p><\/li><li class=\"slide-content\"><h3 class=\"slide-title\">1981 &#8211; Er\u00f6ffnung der ersten Einzelhandelsfiliale<\/h3><p class=\"slide-text mb-0\">Die Er\u00f6ffnung der ersten Einzelhandelsfiliale in Ransbach-Baumbach im Jahre 1981.<p><\/li><li class=\"slide-content\"><h3 class=\"slide-title\">1986 &#8211; Einstieg in den Gro\u00dfhandel<\/h3><p class=\"slide-text mb-0\">Einstieg ins Gro\u00dfhandelsgesch\u00e4ft samt erster Messebesuche. Gleichzeitig zieht die Firmenzentrale in den Gr\u00fcndungsort Raubach. 34 Container dienen als Lager.<p><\/li><li class=\"slide-content\"><h3 class=\"slide-title\">2006 &#8211; Er\u00f6ffnung Logistik-Center in Daufenbach, Deutschland<\/h3><p class=\"slide-text mb-0\">Die Fertigstellung des Logistikzentrums in Daufenbach erweist sich als entscheidender Meilenstein, unter anderem f\u00fcr die eigene Komplettradmontage.<p><\/li><li class=\"slide-content\"><h3 class=\"slide-title\">2009 &#8211; Erste Kooperationen mit Automobilherstellern<\/h3><p class=\"slide-text mb-0\">Der Service rund um die eigenen, hochmodernen Komplettradstra\u00dfen begeistert den Automobilmarkt - und ebnet den Weg f\u00fcr die Zusammenarbeit mit Unternehmenszentralen der Autohersteller.<p><\/li><li class=\"slide-content\"><h3 class=\"slide-title\">2014 &#8211; Start des Erstausr\u00fcstungs-Gesch\u00e4fts in Gy\u00f6r<\/h3><p class=\"slide-text mb-0\">Das Unternehmen beginnt erste Werke im Ausland zu er\u00f6ffnen, mit direkter Schlagdistanz zu den jeweiligen Autoherstellerwerken. Der Beginn des Erstausr\u00fcstungs-Gesch\u00e4fts (OEM), auf das noch weitere Produktions- und Logistikwerke in Europa folgen sollen.<p><\/li><li class=\"slide-content\"><h3 class=\"slide-title\">2018 &#8211; Neuer Partner Gilde Buy Out Partners<\/h3><p class=\"slide-text mb-0\">Mit der Zusammenarbeit der Gilde Buy Out Partners stellt das Unternehmen die Weichen Richtung Transformation - vom mittelst\u00e4ndischen Unternehmen zur eigenen Holding. In der Folge tritt das Unternehmen als Gundlach Automotive Corporation Holding GmbH auf.<p><\/li><li class=\"slide-content\"><h3 class=\"slide-title\">2019 &#8211; Erweiterung des deutschen Logistik-Centers<\/h3><p class=\"slide-text mb-0\">Das Logistikzentrum in Daufenbach wird um eine weitere Halle vergr\u00f6\u00dfert - mit 25.000 Quadratmeter Fl\u00e4che f\u00fcr Lager und Produktion.<p><\/li><li class=\"slide-content\"><h3 class=\"slide-title\">2020 \u2013 Start der digitalen Transformation<\/h3><p class=\"slide-text mb-0\">Mit der Verschmelzung digitaler und pers\u00f6nlicher Services f\u00fcr Kunden sind wir auf dem besten Weg in Richtung Zukunft. Mit einem klaren Ziel: Eine digitale F\u00fchrungsrolle im Markt und die daraus resultierende Schaffung einer einzigartigen Kundenbeziehung.<p><\/li><li class=\"slide-content\"><h3 class=\"slide-title\">2021 \u2013 Digitale Services auf dem Vormarsch<\/h3><p class=\"slide-text mb-0\">Immer wieder gelingt es uns Ma\u00dfst\u00e4be in der Branche zu setzen \u2013 so auch mit der Einf\u00fchrung von Track4Tires, unserem Kundenservice f\u00fcr die Echtzeit-Verfolgung von Bestellungen. Dar\u00fcber hinaus stand das Jahr im Zeichen des weiteren Ausbaus unternehmenseigener Lagerstrukturen, Logistikdienstleistungen und des Direktlieferungsgebietes.<p><\/li><li class=\"slide-content\"><h3 class=\"slide-title\">2022 \u2013 Re-Branding und neue Unternehmenszentrale<\/h3><p class=\"slide-text mb-0\">Unter neuem Namen und am neuen Standort Flagge zeigen: <strong>Best4Tires<\/strong> macht unseren F\u00fchrungsanspruch deutlich \u2013 und ist dabei ein sichtbares Zeichen f\u00fcr eine noch st\u00e4rkere Kundenorientierung, weitere Digitalisierung und das Plus an Nachhaltigkeit.<p><\/li><\/ul><\/div><div class=\"dot-navigation\"><button class=\"dot-nav\"><\/button><button class=\"dot-nav\"><\/button><button class=\"dot-nav\"><\/button><button class=\"dot-nav\"><\/button><button class=\"dot-nav\"><\/button><button class=\"dot-nav\"><\/button><button class=\"dot-nav\"><\/button><button class=\"dot-nav\"><\/button><button class=\"dot-nav\"><\/button><button class=\"dot-nav\"><\/button><button class=\"dot-nav\"><\/button><\/div><\/div><\/div><\/div><\/div>\n","protected":false},"excerpt":{"rendered":"<p>Erfolg braucht Zeit. Unsere Geschichte. Viele erfolgreiche Unternehmen sind dort gestartet, wo auch wir unseren Anfang genommen haben: in einer Garage. Hier gr\u00fcndete Heinz Gundlach in den 1970er Jahren seinen Betrieb &#8211; und schuf damit die Basis f\u00fcr eine Entwicklung, die gepr\u00e4gt ist von Mut zur Innovation sowie dem sicheren Gesp\u00fcr f\u00fcr die Bed\u00fcrfnisse des [&hellip;]<\/p>\n","protected":false},"author":1,"featured_media":3045,"parent":787,"menu_order":2,"comment_status":"closed","ping_status":"closed","template":"page-full-width.php","meta":{"footnotes":""},"class_list":["post-791","page","type-page","status-publish","has-post-thumbnail","hentry"],"yoast_head":"<!-- This site is optimized with the Yoast SEO plugin v27.5 - https:\/\/yoast.com\/product\/yoast-seo-wordpress\/ -->\n<title>Historie - Best4Tires Holding<\/title>\n<meta name=\"description\" content=\"Seit den 1970er Jahren bekannt f\u00fcr den Mut zur Innovation. Wir setzen die Ma\u00dfst\u00e4be in der qualitativen Vermarktung von Reifen.\" \/>\n<meta name=\"robots\" content=\"index, follow, max-snippet:-1, max-image-preview:large, max-video-preview:-1\" \/>\n<link rel=\"canonical\" href=\"https:\/\/best4tires.stage.blindwerk.de\/de\/unternehmen\/historie\/\" \/>\n<meta property=\"og:locale\" content=\"de_DE\" \/>\n<meta property=\"og:type\" content=\"article\" \/>\n<meta property=\"og:title\" content=\"Historie - Best4Tires Holding\" \/>\n<meta property=\"og:description\" content=\"Seit den 1970er Jahren bekannt f\u00fcr den Mut zur Innovation. Wir setzen die Ma\u00dfst\u00e4be in der qualitativen Vermarktung von Reifen.\" \/>\n<meta property=\"og:url\" content=\"https:\/\/best4tires.stage.blindwerk.de\/de\/unternehmen\/historie\/\" \/>\n<meta property=\"og:site_name\" content=\"Best4Tires Holding\" \/>\n<meta property=\"article:modified_time\" content=\"2022-03-08T16:06:31+00:00\" \/>\n<meta property=\"og:image\" content=\"https:\/\/best4tires.stage.blindwerk.de\/wp-content\/uploads\/content\/start\/best4tires_firmensitz_zentrale.jpg\" \/>\n\t<meta property=\"og:image:width\" content=\"2558\" \/>\n\t<meta property=\"og:image:height\" content=\"988\" \/>\n\t<meta property=\"og:image:type\" content=\"image\/jpeg\" \/>\n<meta name=\"twitter:card\" content=\"summary_large_image\" \/>\n<meta name=\"twitter:label1\" content=\"Gesch\u00e4tzte Lesezeit\" \/>\n\t<meta name=\"twitter:data1\" content=\"1\u00a0Minute\" \/>\n<script type=\"application\/ld+json\" class=\"yoast-schema-graph\">{\"@context\":\"https:\\\/\\\/schema.org\",\"@graph\":[{\"@type\":\"WebPage\",\"@id\":\"https:\\\/\\\/best4tires.stage.blindwerk.de\\\/de\\\/unternehmen\\\/historie\\\/\",\"url\":\"https:\\\/\\\/best4tires.stage.blindwerk.de\\\/de\\\/unternehmen\\\/historie\\\/\",\"name\":\"Historie - Best4Tires Holding\",\"isPartOf\":{\"@id\":\"https:\\\/\\\/best4tires.stage.blindwerk.de\\\/de\\\/#website\"},\"primaryImageOfPage\":{\"@id\":\"https:\\\/\\\/best4tires.stage.blindwerk.de\\\/de\\\/unternehmen\\\/historie\\\/#primaryimage\"},\"image\":{\"@id\":\"https:\\\/\\\/best4tires.stage.blindwerk.de\\\/de\\\/unternehmen\\\/historie\\\/#primaryimage\"},\"thumbnailUrl\":\"https:\\\/\\\/best4tires.stage.blindwerk.de\\\/wp-content\\\/uploads\\\/content\\\/start\\\/best4tires_firmensitz_zentrale.jpg\",\"datePublished\":\"2021-04-16T17:11:32+00:00\",\"dateModified\":\"2022-03-08T16:06:31+00:00\",\"description\":\"Seit den 1970er Jahren bekannt f\u00fcr den Mut zur Innovation. Wir setzen die Ma\u00dfst\u00e4be in der qualitativen Vermarktung von Reifen.\",\"breadcrumb\":{\"@id\":\"https:\\\/\\\/best4tires.stage.blindwerk.de\\\/de\\\/unternehmen\\\/historie\\\/#breadcrumb\"},\"inLanguage\":\"de\",\"potentialAction\":[{\"@type\":\"ReadAction\",\"target\":[\"https:\\\/\\\/best4tires.stage.blindwerk.de\\\/de\\\/unternehmen\\\/historie\\\/\"]}]},{\"@type\":\"ImageObject\",\"inLanguage\":\"de\",\"@id\":\"https:\\\/\\\/best4tires.stage.blindwerk.de\\\/de\\\/unternehmen\\\/historie\\\/#primaryimage\",\"url\":\"https:\\\/\\\/best4tires.stage.blindwerk.de\\\/wp-content\\\/uploads\\\/content\\\/start\\\/best4tires_firmensitz_zentrale.jpg\",\"contentUrl\":\"https:\\\/\\\/best4tires.stage.blindwerk.de\\\/wp-content\\\/uploads\\\/content\\\/start\\\/best4tires_firmensitz_zentrale.jpg\",\"width\":2558,\"height\":988},{\"@type\":\"BreadcrumbList\",\"@id\":\"https:\\\/\\\/best4tires.stage.blindwerk.de\\\/de\\\/unternehmen\\\/historie\\\/#breadcrumb\",\"itemListElement\":[{\"@type\":\"ListItem\",\"position\":1,\"name\":\"Startseite\",\"item\":\"https:\\\/\\\/best4tires.stage.blindwerk.de\\\/de\\\/\"},{\"@type\":\"ListItem\",\"position\":2,\"name\":\"Unternehmen\",\"item\":\"https:\\\/\\\/best4tires.stage.blindwerk.de\\\/de\\\/unternehmen\\\/\"},{\"@type\":\"ListItem\",\"position\":3,\"name\":\"Historie\"}]},{\"@type\":\"WebSite\",\"@id\":\"https:\\\/\\\/best4tires.stage.blindwerk.de\\\/de\\\/#website\",\"url\":\"https:\\\/\\\/best4tires.stage.blindwerk.de\\\/de\\\/\",\"name\":\"Best4Tires Holding\",\"description\":\"Solutions and Services\",\"potentialAction\":[{\"@type\":\"SearchAction\",\"target\":{\"@type\":\"EntryPoint\",\"urlTemplate\":\"https:\\\/\\\/best4tires.stage.blindwerk.de\\\/de\\\/?s={search_term_string}\"},\"query-input\":{\"@type\":\"PropertyValueSpecification\",\"valueRequired\":true,\"valueName\":\"search_term_string\"}}],\"inLanguage\":\"de\"}]}<\/script>\n<!-- \/ Yoast SEO plugin. -->","yoast_head_json":{"title":"Historie - Best4Tires Holding","description":"Seit den 1970er Jahren bekannt f\u00fcr den Mut zur Innovation. Wir setzen die Ma\u00dfst\u00e4be in der qualitativen Vermarktung von Reifen.","robots":{"index":"index","follow":"follow","max-snippet":"max-snippet:-1","max-image-preview":"max-image-preview:large","max-video-preview":"max-video-preview:-1"},"canonical":"https:\/\/best4tires.stage.blindwerk.de\/de\/unternehmen\/historie\/","og_locale":"de_DE","og_type":"article","og_title":"Historie - Best4Tires Holding","og_description":"Seit den 1970er Jahren bekannt f\u00fcr den Mut zur Innovation. Wir setzen die Ma\u00dfst\u00e4be in der qualitativen Vermarktung von Reifen.","og_url":"https:\/\/best4tires.stage.blindwerk.de\/de\/unternehmen\/historie\/","og_site_name":"Best4Tires Holding","article_modified_time":"2022-03-08T16:06:31+00:00","og_image":[{"width":2558,"height":988,"url":"https:\/\/best4tires.stage.blindwerk.de\/wp-content\/uploads\/content\/start\/best4tires_firmensitz_zentrale.jpg","type":"image\/jpeg"}],"twitter_card":"summary_large_image","twitter_misc":{"Gesch\u00e4tzte Lesezeit":"1\u00a0Minute"},"schema":{"@context":"https:\/\/schema.org","@graph":[{"@type":"WebPage","@id":"https:\/\/best4tires.stage.blindwerk.de\/de\/unternehmen\/historie\/","url":"https:\/\/best4tires.stage.blindwerk.de\/de\/unternehmen\/historie\/","name":"Historie - Best4Tires Holding","isPartOf":{"@id":"https:\/\/best4tires.stage.blindwerk.de\/de\/#website"},"primaryImageOfPage":{"@id":"https:\/\/best4tires.stage.blindwerk.de\/de\/unternehmen\/historie\/#primaryimage"},"image":{"@id":"https:\/\/best4tires.stage.blindwerk.de\/de\/unternehmen\/historie\/#primaryimage"},"thumbnailUrl":"https:\/\/best4tires.stage.blindwerk.de\/wp-content\/uploads\/content\/start\/best4tires_firmensitz_zentrale.jpg","datePublished":"2021-04-16T17:11:32+00:00","dateModified":"2022-03-08T16:06:31+00:00","description":"Seit den 1970er Jahren bekannt f\u00fcr den Mut zur Innovation. Wir setzen die Ma\u00dfst\u00e4be in der qualitativen Vermarktung von Reifen.","breadcrumb":{"@id":"https:\/\/best4tires.stage.blindwerk.de\/de\/unternehmen\/historie\/#breadcrumb"},"inLanguage":"de","potentialAction":[{"@type":"ReadAction","target":["https:\/\/best4tires.stage.blindwerk.de\/de\/unternehmen\/historie\/"]}]},{"@type":"ImageObject","inLanguage":"de","@id":"https:\/\/best4tires.stage.blindwerk.de\/de\/unternehmen\/historie\/#primaryimage","url":"https:\/\/best4tires.stage.blindwerk.de\/wp-content\/uploads\/content\/start\/best4tires_firmensitz_zentrale.jpg","contentUrl":"https:\/\/best4tires.stage.blindwerk.de\/wp-content\/uploads\/content\/start\/best4tires_firmensitz_zentrale.jpg","width":2558,"height":988},{"@type":"BreadcrumbList","@id":"https:\/\/best4tires.stage.blindwerk.de\/de\/unternehmen\/historie\/#breadcrumb","itemListElement":[{"@type":"ListItem","position":1,"name":"Startseite","item":"https:\/\/best4tires.stage.blindwerk.de\/de\/"},{"@type":"ListItem","position":2,"name":"Unternehmen","item":"https:\/\/best4tires.stage.blindwerk.de\/de\/unternehmen\/"},{"@type":"ListItem","position":3,"name":"Historie"}]},{"@type":"WebSite","@id":"https:\/\/best4tires.stage.blindwerk.de\/de\/#website","url":"https:\/\/best4tires.stage.blindwerk.de\/de\/","name":"Best4Tires Holding","description":"Solutions and Services","potentialAction":[{"@type":"SearchAction","target":{"@type":"EntryPoint","urlTemplate":"https:\/\/best4tires.stage.blindwerk.de\/de\/?s={search_term_string}"},"query-input":{"@type":"PropertyValueSpecification","valueRequired":true,"valueName":"search_term_string"}}],"inLanguage":"de"}]}},"_links":{"self":[{"href":"https:\/\/best4tires.stage.blindwerk.de\/de\/wp-json\/wp\/v2\/pages\/791","targetHints":{"allow":["GET"]}}],"collection":[{"href":"https:\/\/best4tires.stage.blindwerk.de\/de\/wp-json\/wp\/v2\/pages"}],"about":[{"href":"https:\/\/best4tires.stage.blindwerk.de\/de\/wp-json\/wp\/v2\/types\/page"}],"author":[{"embeddable":true,"href":"https:\/\/best4tires.stage.blindwerk.de\/de\/wp-json\/wp\/v2\/users\/1"}],"replies":[{"embeddable":true,"href":"https:\/\/best4tires.stage.blindwerk.de\/de\/wp-json\/wp\/v2\/comments?post=791"}],"version-history":[{"count":3,"href":"https:\/\/best4tires.stage.blindwerk.de\/de\/wp-json\/wp\/v2\/pages\/791\/revisions"}],"predecessor-version":[{"id":3066,"href":"https:\/\/best4tires.stage.blindwerk.de\/de\/wp-json\/wp\/v2\/pages\/791\/revisions\/3066"}],"up":[{"embeddable":true,"href":"https:\/\/best4tires.stage.blindwerk.de\/de\/wp-json\/wp\/v2\/pages\/787"}],"wp:featuredmedia":[{"embeddable":true,"href":"https:\/\/best4tires.stage.blindwerk.de\/de\/wp-json\/wp\/v2\/media\/3045"}],"wp:attachment":[{"href":"https:\/\/best4tires.stage.blindwerk.de\/de\/wp-json\/wp\/v2\/media?parent=791"}],"curies":[{"name":"wp","href":"https:\/\/api.w.org\/{rel}","templated":true}]}}