{"id":794,"date":"2021-04-16T19:12:02","date_gmt":"2021-04-16T17:12:02","guid":{"rendered":"https:\/\/www.gundlach-automotive.com\/?page_id=794"},"modified":"2023-06-20T20:54:27","modified_gmt":"2023-06-20T18:54:27","slug":"produkte-services","status":"publish","type":"page","link":"https:\/\/best4tires.stage.blindwerk.de\/de\/produkte-services\/","title":{"rendered":"Produkte &amp; Services"},"content":{"rendered":"\n<div class=\"wp-block-media-text alignwide has-media-on-the-right is-stacked-on-mobile is-vertically-aligned-center\" id=\"komplettraeder\"><div class=\"wp-block-media-text__content\">\n<h2 class=\"wp-block-heading\">Bereit zu begeistern.<\/h2>\n\n\n\n<h3 class=\"wp-block-heading\">Unsere Komplettr\u00e4der.<\/h3>\n\n\n\n<p>Im Bereich Komplettr\u00e4der zeigen wir als Unternehmen einmal mehr unsere ausgepr\u00e4gten St\u00e4rken bei Qualit\u00e4t, Innovation und Verl\u00e4sslichkeit \u2013 und stellen diese in der t\u00e4glichen Zusammenarbeit mit namhaften Automobilherstellern unter Beweis.<\/p>\n\n\n\n<div class=\"wp-block-buttons is-layout-flex wp-block-buttons-is-layout-flex\">\n<div class=\"wp-block-button\"><a class=\"wp-block-button__link wp-element-button\" href=\"https:\/\/best4tires.stage.blindwerk.de\/de\/produkte-services\/komplettraeder\/\">Mehr erfahren<\/a><\/div>\n<\/div>\n<\/div><figure class=\"wp-block-media-text__media\"><img loading=\"lazy\" decoding=\"async\" width=\"360\" height=\"360\" src=\"\/wp-content\/uploads\/content\/produkte-services\/20210506_sub-header_360x360px.jpg\" alt=\"\" class=\"wp-image-1939 size-full\"\/><\/figure><\/div>\n\n\n\n<div style=\"height:30px\" aria-hidden=\"true\" class=\"wp-block-spacer\"><\/div>\n\n\n\n<div class=\"wp-block-columns stacked-col is-layout-flex wp-container-core-columns-is-layout-9d6595d7 wp-block-columns-is-layout-flex\" id=\"reifen\">\n<div class=\"wp-block-column column-green-box is-layout-flow wp-block-column-is-layout-flow\">\n<div class=\"wp-block-group column-green-box-text\"><div class=\"wp-block-group__inner-container is-layout-flow wp-block-group-is-layout-flow\">\n<h2 class=\"wp-block-heading\">Eine runde Sache.<\/h2>\n\n\n\n<h3 class=\"wp-block-heading\">Unser Reifensortiment.<\/h3>\n\n\n\n<p>Mit einer Vielfalt von \u00fcber 20 Herstellern \u2013 darunter zwei Exklusivmarken \u2013 decken wir als Reifen-Vollsortimenter die komplette Produktbandbreite ab. Neben Pkw-Reifen, auch f\u00fcr den Offroad- und Klassik-Bereich, geh\u00f6ren dazu Llkw-Bereifungen. Allein in unserem deutschen Produktions- und Logistikzentrum haben wir durchschnittlich mehr als 10.000 verschiedene Reifenprodukte auf Lager \u2013 und bieten als Absatzmittler zwischen Hersteller und B2B-Handel f\u00fcr jeden Bedarf das passende Profil. Mit einer Vielzahl sofort verf\u00fcgbarer Sommer-, Winter- oder Allwetterreifen in Premium-, Economy- und Budget-Varianten k\u00f6nnen wir jede Saison und jede Preisklasse bedienen.<\/p>\n<\/div><\/div>\n<\/div>\n\n\n\n<div class=\"wp-block-column column-green-box-image is-layout-flow wp-block-column-is-layout-flow\">\n<figure class=\"wp-block-image size-large\"><img loading=\"lazy\" decoding=\"async\" width=\"984\" height=\"554\" src=\"\/wp-content\/uploads\/content\/produkte-services\/20210518_produkte-und-service_984x554px.jpg\" alt=\"\" class=\"wp-image-2072\" srcset=\"https:\/\/best4tires.stage.blindwerk.de\/wp-content\/uploads\/content\/produkte-services\/20210518_produkte-und-service_984x554px.jpg 984w, https:\/\/best4tires.stage.blindwerk.de\/wp-content\/uploads\/content\/produkte-services\/20210518_produkte-und-service_984x554px-768x432.jpg 768w\" sizes=\"auto, (max-width: 984px) 100vw, 984px\" \/><\/figure>\n<\/div>\n<\/div>\n\n\n\n<div style=\"height:60px\" aria-hidden=\"true\" class=\"wp-block-spacer\"><\/div>\n\n\n\n<div class=\"wp-block-columns is-layout-flex wp-container-core-columns-is-layout-9d6595d7 wp-block-columns-is-layout-flex\">\n<div class=\"wp-block-column is-layout-flow wp-block-column-is-layout-flow\">\n<ul class=\"list-lightbulb wp-block-list\">\n<li><strong>Exklusivpartnerschaft<\/strong> mit GT Radial und Radar Tyres\n<ul class=\"wp-block-list\">\n<li>GT Radial: Exklusive Vertriebsrechte in Deutschland<\/li>\n\n\n\n<li>Radar Tyres: Exklusive Vertriebsrechte in Deutschland, Frankreich, \u00d6sterreich und Benelux<\/li>\n<\/ul>\n<\/li>\n<\/ul>\n<\/div>\n\n\n\n<div class=\"wp-block-column is-layout-flow wp-block-column-is-layout-flow\">\n<ul class=\"list-lightbulb wp-block-list\">\n<li><strong>Individuelle Lagerorte f\u00fcr Kundenware <\/strong>in unserem deutschen Produktions- und Logistikzentrum<\/li>\n<\/ul>\n<\/div>\n<\/div>\n\n\n\n<hr class=\"wp-block-separator has-css-opacity\"\/>\n\n\n\n<h2 class=\"wp-block-heading has-text-align-center\" id=\"felgen\">Immer passend.<\/h2>\n\n\n\n<h3 class=\"wp-block-heading has-text-align-center\">Unsere Felgen.<\/h3>\n\n\n\n<p class=\"has-text-align-center small-container\">Wir definieren uns als Vollsortimenter \u2013 auch im Bereich Felgen. Ob bei der Ausr\u00fcstung von OE-Felgen innerhalb unserer Komplettradmontage, bei der Konzeption und Entwicklung f\u00fcr Automobilhersteller oder in der Distribution unserer Exklusiv- und Eigenmarken: Wir haben immer die passende Felge parat!<\/p>\n\n\n\n<div class=\"wp-block-buttons is-horizontal is-content-justification-center is-layout-flex wp-container-core-buttons-is-layout-499968f5 wp-block-buttons-is-layout-flex\">\n<div class=\"wp-block-button\"><a class=\"wp-block-button__link wp-element-button\" href=\"\/de\/produkte-services\/designs\/\">Mehr erfahren<\/a><\/div>\n<\/div>\n\n\n<div class=\"wp-block-image colored-img\">\n<figure class=\"aligncenter size-large\"><img loading=\"lazy\" decoding=\"async\" width=\"848\" height=\"197\" src=\"\/wp-content\/uploads\/content\/produkte-services\/gundlach-automotive-banner-enkei.jpg\" alt=\"ENKEI - Follow Your Taste. TPMS ready.\" class=\"wp-image-1742\" srcset=\"https:\/\/best4tires.stage.blindwerk.de\/wp-content\/uploads\/content\/produkte-services\/gundlach-automotive-banner-enkei.jpg 848w, https:\/\/best4tires.stage.blindwerk.de\/wp-content\/uploads\/content\/produkte-services\/gundlach-automotive-banner-enkei-768x178.jpg 768w\" sizes=\"auto, (max-width: 848px) 100vw, 848px\" \/><\/figure>\n<\/div>\n\n<div class=\"wp-block-image colored-img\">\n<figure class=\"aligncenter size-large\"><img loading=\"lazy\" decoding=\"async\" width=\"848\" height=\"197\" src=\"\/wp-content\/uploads\/content\/produkte-services\/gundlach-automotive-banner-mak-wheels.jpg\" alt=\"MAK Performance Wheels - Driven by emotions. TPMS ready.\" class=\"wp-image-1744\" srcset=\"https:\/\/best4tires.stage.blindwerk.de\/wp-content\/uploads\/content\/produkte-services\/gundlach-automotive-banner-mak-wheels.jpg 848w, https:\/\/best4tires.stage.blindwerk.de\/wp-content\/uploads\/content\/produkte-services\/gundlach-automotive-banner-mak-wheels-768x178.jpg 768w\" sizes=\"auto, (max-width: 848px) 100vw, 848px\" \/><\/figure>\n<\/div>\n\n<div class=\"wp-block-image colored-img\">\n<figure class=\"aligncenter size-large\"><img loading=\"lazy\" decoding=\"async\" width=\"848\" height=\"197\" src=\"\/wp-content\/uploads\/content\/produkte-services\/gundlach-automotive-banner-oxxo-wheels.jpg\" alt=\"OXXO Alloy Wheels. TPMS ready.\" class=\"wp-image-1746\" srcset=\"https:\/\/best4tires.stage.blindwerk.de\/wp-content\/uploads\/content\/produkte-services\/gundlach-automotive-banner-oxxo-wheels.jpg 848w, https:\/\/best4tires.stage.blindwerk.de\/wp-content\/uploads\/content\/produkte-services\/gundlach-automotive-banner-oxxo-wheels-768x178.jpg 768w\" sizes=\"auto, (max-width: 848px) 100vw, 848px\" \/><\/figure>\n<\/div>\n\n\n<div style=\"height:50px\" aria-hidden=\"true\" class=\"wp-block-spacer\"><\/div>\n\n\n\n<h2 class=\"wp-block-heading has-text-align-center single-headline\">Referenzen<\/h2>\n\n\n\n<figure class=\"wp-block-gallery aligncenter has-nested-images columns-7 wp-block-gallery-2 is-layout-flex wp-block-gallery-is-layout-flex\" id=\"referenzen\">\n<figure class=\"wp-block-image size-large\"><img loading=\"lazy\" decoding=\"async\" width=\"150\" height=\"75\" data-id=\"2124\" src=\"\/wp-content\/uploads\/content\/produkte-services\/reifenhersteller\/bridgestone.png\" alt=\"\" class=\"wp-image-2124\"\/><\/figure>\n\n\n\n<figure class=\"wp-block-image size-large\"><img loading=\"lazy\" decoding=\"async\" width=\"150\" height=\"75\" data-id=\"2126\" src=\"\/wp-content\/uploads\/content\/produkte-services\/reifenhersteller\/continental.png\" alt=\"\" class=\"wp-image-2126\"\/><\/figure>\n\n\n\n<figure class=\"wp-block-image size-large\"><img loading=\"lazy\" decoding=\"async\" width=\"150\" height=\"75\" data-id=\"2128\" src=\"\/wp-content\/uploads\/content\/produkte-services\/reifenhersteller\/cooper-tires.png\" alt=\"\" class=\"wp-image-2128\"\/><\/figure>\n\n\n\n<figure class=\"wp-block-image size-large\"><img loading=\"lazy\" decoding=\"async\" width=\"150\" height=\"75\" data-id=\"2130\" src=\"\/wp-content\/uploads\/content\/produkte-services\/reifenhersteller\/dunlop.png\" alt=\"\" class=\"wp-image-2130\"\/><\/figure>\n\n\n\n<figure class=\"wp-block-image size-large\"><img loading=\"lazy\" decoding=\"async\" width=\"150\" height=\"75\" data-id=\"2132\" src=\"\/wp-content\/uploads\/content\/produkte-services\/reifenhersteller\/firestone.png\" alt=\"\" class=\"wp-image-2132\"\/><\/figure>\n\n\n\n<figure class=\"wp-block-image size-large\"><img loading=\"lazy\" decoding=\"async\" width=\"150\" height=\"75\" data-id=\"2134\" src=\"\/wp-content\/uploads\/content\/produkte-services\/reifenhersteller\/fulda.png\" alt=\"\" class=\"wp-image-2134\"\/><\/figure>\n\n\n\n<figure class=\"wp-block-image size-large\"><img loading=\"lazy\" decoding=\"async\" width=\"150\" height=\"75\" data-id=\"2136\" src=\"\/wp-content\/uploads\/content\/produkte-services\/reifenhersteller\/giti.png\" alt=\"\" class=\"wp-image-2136\"\/><\/figure>\n\n\n\n<figure class=\"wp-block-image size-large\"><img loading=\"lazy\" decoding=\"async\" width=\"150\" height=\"75\" data-id=\"2138\" src=\"\/wp-content\/uploads\/content\/produkte-services\/reifenhersteller\/goodyear.png\" alt=\"\" class=\"wp-image-2138\"\/><\/figure>\n\n\n\n<figure class=\"wp-block-image size-large\"><img loading=\"lazy\" decoding=\"async\" width=\"150\" height=\"75\" data-id=\"2140\" src=\"\/wp-content\/uploads\/content\/produkte-services\/reifenhersteller\/gt-radial.png\" alt=\"\" class=\"wp-image-2140\"\/><\/figure>\n\n\n\n<figure class=\"wp-block-image size-large\"><img loading=\"lazy\" decoding=\"async\" width=\"150\" height=\"75\" data-id=\"2142\" src=\"\/wp-content\/uploads\/content\/produkte-services\/reifenhersteller\/hankook.png\" alt=\"\" class=\"wp-image-2142\"\/><\/figure>\n\n\n\n<figure class=\"wp-block-image size-large\"><img loading=\"lazy\" decoding=\"async\" width=\"150\" height=\"75\" data-id=\"2144\" src=\"\/wp-content\/uploads\/content\/produkte-services\/reifenhersteller\/kumho.png\" alt=\"\" class=\"wp-image-2144\"\/><\/figure>\n\n\n\n<figure class=\"wp-block-image size-large\"><img loading=\"lazy\" decoding=\"async\" width=\"150\" height=\"75\" data-id=\"2146\" src=\"\/wp-content\/uploads\/content\/produkte-services\/reifenhersteller\/maxxis-tyres.png\" alt=\"\" class=\"wp-image-2146\"\/><\/figure>\n\n\n\n<figure class=\"wp-block-image size-large\"><img loading=\"lazy\" decoding=\"async\" width=\"150\" height=\"75\" data-id=\"2148\" src=\"\/wp-content\/uploads\/content\/produkte-services\/reifenhersteller\/maxxis.png\" alt=\"\" class=\"wp-image-2148\"\/><\/figure>\n\n\n\n<figure class=\"wp-block-image size-large\"><img loading=\"lazy\" decoding=\"async\" width=\"150\" height=\"75\" data-id=\"2150\" src=\"\/wp-content\/uploads\/content\/produkte-services\/reifenhersteller\/michelin.png\" alt=\"\" class=\"wp-image-2150\"\/><\/figure>\n\n\n\n<figure class=\"wp-block-image size-large\"><img loading=\"lazy\" decoding=\"async\" width=\"150\" height=\"75\" data-id=\"2152\" src=\"\/wp-content\/uploads\/content\/produkte-services\/reifenhersteller\/nexen-tire.png\" alt=\"\" class=\"wp-image-2152\"\/><\/figure>\n\n\n\n<figure class=\"wp-block-image size-large\"><img loading=\"lazy\" decoding=\"async\" width=\"150\" height=\"75\" data-id=\"2154\" src=\"\/wp-content\/uploads\/content\/produkte-services\/reifenhersteller\/nokian-tyres.png\" alt=\"\" class=\"wp-image-2154\"\/><\/figure>\n\n\n\n<figure class=\"wp-block-image size-large\"><img loading=\"lazy\" decoding=\"async\" width=\"150\" height=\"75\" data-id=\"2156\" src=\"\/wp-content\/uploads\/content\/produkte-services\/reifenhersteller\/pirelli.png\" alt=\"\" class=\"wp-image-2156\"\/><\/figure>\n\n\n\n<figure class=\"wp-block-image size-large\"><img loading=\"lazy\" decoding=\"async\" width=\"150\" height=\"75\" data-id=\"2158\" src=\"\/wp-content\/uploads\/content\/produkte-services\/reifenhersteller\/semperit.png\" alt=\"\" class=\"wp-image-2158\"\/><\/figure>\n\n\n\n<figure class=\"wp-block-image size-large\"><img loading=\"lazy\" decoding=\"async\" width=\"150\" height=\"75\" data-id=\"2160\" src=\"\/wp-content\/uploads\/content\/produkte-services\/reifenhersteller\/tourador.png\" alt=\"\" class=\"wp-image-2160\"\/><\/figure>\n\n\n\n<figure class=\"wp-block-image size-large\"><img loading=\"lazy\" decoding=\"async\" width=\"150\" height=\"75\" data-id=\"2162\" src=\"\/wp-content\/uploads\/content\/produkte-services\/reifenhersteller\/uniroyal.png\" alt=\"\" class=\"wp-image-2162\"\/><\/figure>\n\n\n\n<figure class=\"wp-block-image size-large\"><img loading=\"lazy\" decoding=\"async\" width=\"150\" height=\"75\" data-id=\"2164\" src=\"\/wp-content\/uploads\/content\/produkte-services\/reifenhersteller\/vredestein.png\" alt=\"\" class=\"wp-image-2164\"\/><\/figure>\n<\/figure>\n","protected":false},"excerpt":{"rendered":"<p>Eine runde Sache. Unser Reifensortiment. Mit einer Vielfalt von \u00fcber 20 Herstellern \u2013 darunter zwei Exklusivmarken \u2013 decken wir als Reifen-Vollsortimenter die komplette Produktbandbreite ab. Neben Pkw-Reifen, auch f\u00fcr den Offroad- und Klassik-Bereich, geh\u00f6ren dazu Llkw-Bereifungen. Allein in unserem deutschen Produktions- und Logistikzentrum haben wir durchschnittlich mehr als 10.000 verschiedene Reifenprodukte auf Lager \u2013 und [&hellip;]<\/p>\n","protected":false},"author":1,"featured_media":2411,"parent":0,"menu_order":7,"comment_status":"closed","ping_status":"closed","template":"page-full-width.php","meta":{"footnotes":""},"class_list":["post-794","page","type-page","status-publish","has-post-thumbnail","hentry"],"yoast_head":"<!-- This site is optimized with the Yoast SEO plugin v27.5 - https:\/\/yoast.com\/product\/yoast-seo-wordpress\/ -->\n<title>Produkte &amp; Services - Best4Tires Holding<\/title>\n<meta name=\"description\" content=\"Reifen \u2713 Felgen \u2713 Komplettr\u00e4der \u2713 Auf uns k\u00f6nnen Sie sich verlassen. Wir haben immer das passende Produkt f\u00fcr Sie parat.\" \/>\n<meta name=\"robots\" content=\"index, follow, max-snippet:-1, max-image-preview:large, max-video-preview:-1\" \/>\n<link rel=\"canonical\" href=\"https:\/\/best4tires.stage.blindwerk.de\/de\/produkte-services\/\" \/>\n<meta property=\"og:locale\" content=\"de_DE\" \/>\n<meta property=\"og:type\" content=\"article\" \/>\n<meta property=\"og:title\" content=\"Produkte &amp; Services - Best4Tires Holding\" \/>\n<meta property=\"og:description\" content=\"Reifen \u2713 Felgen \u2713 Komplettr\u00e4der \u2713 Auf uns k\u00f6nnen Sie sich verlassen. Wir haben immer das passende Produkt f\u00fcr Sie parat.\" \/>\n<meta property=\"og:url\" content=\"https:\/\/best4tires.stage.blindwerk.de\/de\/produkte-services\/\" \/>\n<meta property=\"og:site_name\" content=\"Best4Tires Holding\" \/>\n<meta property=\"article:modified_time\" content=\"2023-06-20T18:54:27+00:00\" \/>\n<meta property=\"og:image\" content=\"https:\/\/best4tires.stage.blindwerk.de\/wp-content\/uploads\/slideshow\/unternehmen\/20210525_header_2500x1220px.jpg\" \/>\n\t<meta property=\"og:image:width\" content=\"2500\" \/>\n\t<meta property=\"og:image:height\" content=\"1220\" \/>\n\t<meta property=\"og:image:type\" content=\"image\/jpeg\" \/>\n<meta name=\"twitter:card\" content=\"summary_large_image\" \/>\n<meta name=\"twitter:label1\" content=\"Gesch\u00e4tzte Lesezeit\" \/>\n\t<meta name=\"twitter:data1\" content=\"7\u00a0Minuten\" \/>\n<script type=\"application\/ld+json\" class=\"yoast-schema-graph\">{\"@context\":\"https:\\\/\\\/schema.org\",\"@graph\":[{\"@type\":\"WebPage\",\"@id\":\"https:\\\/\\\/best4tires.stage.blindwerk.de\\\/de\\\/produkte-services\\\/\",\"url\":\"https:\\\/\\\/best4tires.stage.blindwerk.de\\\/de\\\/produkte-services\\\/\",\"name\":\"Produkte &amp; Services - Best4Tires Holding\",\"isPartOf\":{\"@id\":\"https:\\\/\\\/best4tires.stage.blindwerk.de\\\/de\\\/#website\"},\"primaryImageOfPage\":{\"@id\":\"https:\\\/\\\/best4tires.stage.blindwerk.de\\\/de\\\/produkte-services\\\/#primaryimage\"},\"image\":{\"@id\":\"https:\\\/\\\/best4tires.stage.blindwerk.de\\\/de\\\/produkte-services\\\/#primaryimage\"},\"thumbnailUrl\":\"https:\\\/\\\/best4tires.stage.blindwerk.de\\\/wp-content\\\/uploads\\\/slideshow\\\/unternehmen\\\/20210525_header_2500x1220px.jpg\",\"datePublished\":\"2021-04-16T17:12:02+00:00\",\"dateModified\":\"2023-06-20T18:54:27+00:00\",\"description\":\"Reifen \u2713 Felgen \u2713 Komplettr\u00e4der \u2713 Auf uns k\u00f6nnen Sie sich verlassen. Wir haben immer das passende Produkt f\u00fcr Sie parat.\",\"breadcrumb\":{\"@id\":\"https:\\\/\\\/best4tires.stage.blindwerk.de\\\/de\\\/produkte-services\\\/#breadcrumb\"},\"inLanguage\":\"de\",\"potentialAction\":[{\"@type\":\"ReadAction\",\"target\":[\"https:\\\/\\\/best4tires.stage.blindwerk.de\\\/de\\\/produkte-services\\\/\"]}]},{\"@type\":\"ImageObject\",\"inLanguage\":\"de\",\"@id\":\"https:\\\/\\\/best4tires.stage.blindwerk.de\\\/de\\\/produkte-services\\\/#primaryimage\",\"url\":\"https:\\\/\\\/best4tires.stage.blindwerk.de\\\/wp-content\\\/uploads\\\/slideshow\\\/unternehmen\\\/20210525_header_2500x1220px.jpg\",\"contentUrl\":\"https:\\\/\\\/best4tires.stage.blindwerk.de\\\/wp-content\\\/uploads\\\/slideshow\\\/unternehmen\\\/20210525_header_2500x1220px.jpg\",\"width\":2500,\"height\":1220},{\"@type\":\"BreadcrumbList\",\"@id\":\"https:\\\/\\\/best4tires.stage.blindwerk.de\\\/de\\\/produkte-services\\\/#breadcrumb\",\"itemListElement\":[{\"@type\":\"ListItem\",\"position\":1,\"name\":\"Startseite\",\"item\":\"https:\\\/\\\/best4tires.stage.blindwerk.de\\\/de\\\/\"},{\"@type\":\"ListItem\",\"position\":2,\"name\":\"Produkte &amp; Services\"}]},{\"@type\":\"WebSite\",\"@id\":\"https:\\\/\\\/best4tires.stage.blindwerk.de\\\/de\\\/#website\",\"url\":\"https:\\\/\\\/best4tires.stage.blindwerk.de\\\/de\\\/\",\"name\":\"Best4Tires Holding\",\"description\":\"Solutions and Services\",\"potentialAction\":[{\"@type\":\"SearchAction\",\"target\":{\"@type\":\"EntryPoint\",\"urlTemplate\":\"https:\\\/\\\/best4tires.stage.blindwerk.de\\\/de\\\/?s={search_term_string}\"},\"query-input\":{\"@type\":\"PropertyValueSpecification\",\"valueRequired\":true,\"valueName\":\"search_term_string\"}}],\"inLanguage\":\"de\"}]}<\/script>\n<!-- \/ Yoast SEO plugin. -->","yoast_head_json":{"title":"Produkte &amp; Services - Best4Tires Holding","description":"Reifen \u2713 Felgen \u2713 Komplettr\u00e4der \u2713 Auf uns k\u00f6nnen Sie sich verlassen. Wir haben immer das passende Produkt f\u00fcr Sie parat.","robots":{"index":"index","follow":"follow","max-snippet":"max-snippet:-1","max-image-preview":"max-image-preview:large","max-video-preview":"max-video-preview:-1"},"canonical":"https:\/\/best4tires.stage.blindwerk.de\/de\/produkte-services\/","og_locale":"de_DE","og_type":"article","og_title":"Produkte &amp; Services - Best4Tires Holding","og_description":"Reifen \u2713 Felgen \u2713 Komplettr\u00e4der \u2713 Auf uns k\u00f6nnen Sie sich verlassen. Wir haben immer das passende Produkt f\u00fcr Sie parat.","og_url":"https:\/\/best4tires.stage.blindwerk.de\/de\/produkte-services\/","og_site_name":"Best4Tires Holding","article_modified_time":"2023-06-20T18:54:27+00:00","og_image":[{"width":2500,"height":1220,"url":"https:\/\/best4tires.stage.blindwerk.de\/wp-content\/uploads\/slideshow\/unternehmen\/20210525_header_2500x1220px.jpg","type":"image\/jpeg"}],"twitter_card":"summary_large_image","twitter_misc":{"Gesch\u00e4tzte Lesezeit":"7\u00a0Minuten"},"schema":{"@context":"https:\/\/schema.org","@graph":[{"@type":"WebPage","@id":"https:\/\/best4tires.stage.blindwerk.de\/de\/produkte-services\/","url":"https:\/\/best4tires.stage.blindwerk.de\/de\/produkte-services\/","name":"Produkte &amp; Services - Best4Tires Holding","isPartOf":{"@id":"https:\/\/best4tires.stage.blindwerk.de\/de\/#website"},"primaryImageOfPage":{"@id":"https:\/\/best4tires.stage.blindwerk.de\/de\/produkte-services\/#primaryimage"},"image":{"@id":"https:\/\/best4tires.stage.blindwerk.de\/de\/produkte-services\/#primaryimage"},"thumbnailUrl":"https:\/\/best4tires.stage.blindwerk.de\/wp-content\/uploads\/slideshow\/unternehmen\/20210525_header_2500x1220px.jpg","datePublished":"2021-04-16T17:12:02+00:00","dateModified":"2023-06-20T18:54:27+00:00","description":"Reifen \u2713 Felgen \u2713 Komplettr\u00e4der \u2713 Auf uns k\u00f6nnen Sie sich verlassen. Wir haben immer das passende Produkt f\u00fcr Sie parat.","breadcrumb":{"@id":"https:\/\/best4tires.stage.blindwerk.de\/de\/produkte-services\/#breadcrumb"},"inLanguage":"de","potentialAction":[{"@type":"ReadAction","target":["https:\/\/best4tires.stage.blindwerk.de\/de\/produkte-services\/"]}]},{"@type":"ImageObject","inLanguage":"de","@id":"https:\/\/best4tires.stage.blindwerk.de\/de\/produkte-services\/#primaryimage","url":"https:\/\/best4tires.stage.blindwerk.de\/wp-content\/uploads\/slideshow\/unternehmen\/20210525_header_2500x1220px.jpg","contentUrl":"https:\/\/best4tires.stage.blindwerk.de\/wp-content\/uploads\/slideshow\/unternehmen\/20210525_header_2500x1220px.jpg","width":2500,"height":1220},{"@type":"BreadcrumbList","@id":"https:\/\/best4tires.stage.blindwerk.de\/de\/produkte-services\/#breadcrumb","itemListElement":[{"@type":"ListItem","position":1,"name":"Startseite","item":"https:\/\/best4tires.stage.blindwerk.de\/de\/"},{"@type":"ListItem","position":2,"name":"Produkte &amp; Services"}]},{"@type":"WebSite","@id":"https:\/\/best4tires.stage.blindwerk.de\/de\/#website","url":"https:\/\/best4tires.stage.blindwerk.de\/de\/","name":"Best4Tires Holding","description":"Solutions and Services","potentialAction":[{"@type":"SearchAction","target":{"@type":"EntryPoint","urlTemplate":"https:\/\/best4tires.stage.blindwerk.de\/de\/?s={search_term_string}"},"query-input":{"@type":"PropertyValueSpecification","valueRequired":true,"valueName":"search_term_string"}}],"inLanguage":"de"}]}},"_links":{"self":[{"href":"https:\/\/best4tires.stage.blindwerk.de\/de\/wp-json\/wp\/v2\/pages\/794","targetHints":{"allow":["GET"]}}],"collection":[{"href":"https:\/\/best4tires.stage.blindwerk.de\/de\/wp-json\/wp\/v2\/pages"}],"about":[{"href":"https:\/\/best4tires.stage.blindwerk.de\/de\/wp-json\/wp\/v2\/types\/page"}],"author":[{"embeddable":true,"href":"https:\/\/best4tires.stage.blindwerk.de\/de\/wp-json\/wp\/v2\/users\/1"}],"replies":[{"embeddable":true,"href":"https:\/\/best4tires.stage.blindwerk.de\/de\/wp-json\/wp\/v2\/comments?post=794"}],"version-history":[{"count":6,"href":"https:\/\/best4tires.stage.blindwerk.de\/de\/wp-json\/wp\/v2\/pages\/794\/revisions"}],"predecessor-version":[{"id":7570,"href":"https:\/\/best4tires.stage.blindwerk.de\/de\/wp-json\/wp\/v2\/pages\/794\/revisions\/7570"}],"wp:featuredmedia":[{"embeddable":true,"href":"https:\/\/best4tires.stage.blindwerk.de\/de\/wp-json\/wp\/v2\/media\/2411"}],"wp:attachment":[{"href":"https:\/\/best4tires.stage.blindwerk.de\/de\/wp-json\/wp\/v2\/media?parent=794"}],"curies":[{"name":"wp","href":"https:\/\/api.w.org\/{rel}","templated":true}]}}