{"id":93,"date":"2020-07-02T16:21:28","date_gmt":"2020-07-02T14:21:28","guid":{"rendered":"https:\/\/www.gundlach-automotive.com\/?page_id=93"},"modified":"2022-12-05T16:40:34","modified_gmt":"2022-12-05T15:40:34","slug":"vision","status":"publish","type":"page","link":"https:\/\/best4tires.stage.blindwerk.de\/de\/unternehmen\/vision\/","title":{"rendered":"Vision"},"content":{"rendered":"\n<div class=\"wp-block-media-text alignwide has-media-on-the-right is-stacked-on-mobile\" style=\"grid-template-columns:auto 42%\" id=\"nachhaltigkeit\"><div class=\"wp-block-media-text__content\">\n<h2 class=\"wp-block-heading\" id=\"innovationen2\">Fortschritt leben.<\/h2>\n\n\n\n<h3 class=\"wp-block-heading\">Unsere Innovationen.<\/h3>\n\n\n\n<p>Innovationen werden aus Ideen geboren. Unseren besten Ideen. Indem wir immer wieder Ma\u00dfst\u00e4be setzen, gelingt es uns die Automotive-Branche mit richtungs- und zukunftsweisenden Konzepten mitzugestalten. So verf\u00fcgt beispielsweise unser neuester Auslandsstandort im schwedischen G\u00f6teborg \u00fcber das erste autonome Logistik- und Produktionssystem innerhalb der Unternehmensgruppe \u2013 und optimiert unseren kompletten Logistik- und Belieferungsprozess in die nordischen L\u00e4ndern und in das Baltikum.<\/p>\n<\/div><figure class=\"wp-block-media-text__media\"><img decoding=\"async\" src=\"\/wp-content\/uploads\/content\/unternehmen\/20210520_innovation_875x450.jpg\" alt=\"Nachhaltigkeit\" class=\"wp-image-1826 size-full\"\/><\/figure><\/div>\n\n\n\n<hr class=\"wp-block-separator has-css-opacity\"\/>\n\n\n\n<div class=\"wp-block-columns is-layout-flex wp-container-core-columns-is-layout-9d6595d7 wp-block-columns-is-layout-flex\">\n<div class=\"wp-block-column is-layout-flow wp-block-column-is-layout-flow\">\n<ul class=\"wp-block-list\">\n<li><strong>Autonomes Logistik- und Produktionswerk in G\u00f6teborg, Schweden<\/strong>\n<ul class=\"wp-block-list\">\n<li>Schlanke Automatisierung dank Selbststeuereinheiten<\/li>\n\n\n\n<li>Effiziente Lagerhaltung durch hochmodernes Palettierungssystem<\/li>\n<\/ul>\n<\/li>\n<\/ul>\n<\/div>\n\n\n\n<div class=\"wp-block-column is-layout-flow wp-block-column-is-layout-flow\">\n<ul class=\"wp-block-list\">\n<li><strong>Digital Customer Experience (DCX)<\/strong>\n<ul class=\"wp-block-list\">\n<li>Weiterentwicklung der unternehmensweiten digitalen Infrastruktur<\/li>\n\n\n\n<li>Evolution des Verkaufserlebnisses in den Bereichen B2B und B2C<\/li>\n<\/ul>\n<\/li>\n<\/ul>\n<\/div>\n<\/div>\n\n\n\n<hr class=\"wp-block-separator has-alpha-channel-opacity\" id=\"zertifiziertes-qm\"\/>\n\n\n\n<div class=\"wp-block-media-text alignwide has-media-on-the-right is-stacked-on-mobile is-vertically-aligned-center\" style=\"grid-template-columns:auto 42%\" id=\"zertifiziertes-qm\"><div class=\"wp-block-media-text__content\">\n<h2 class=\"wp-block-heading\">Top-Qualit\u00e4t als Norm.<\/h2>\n\n\n\n<h3 class=\"wp-block-heading\">Unser zertifiziertes Qualit\u00e4tsmanagement.<\/h3>\n\n\n\n<p>Standardisiert, qualifiziert, zertifiziert: Die Qualit\u00e4t und Zuverl\u00e4ssigkeit der Best4Tires als Erstausr\u00fcster der Automobilindustrie (OEM) und als Lieferant im After Sales (OES) ist im Rahmen zahlreicher relevanter Zertifizierungen dokumentiert. So decken wir beispielsweise durch die IATF-16949-Zertifizierung in unseren Gesch\u00e4ftsfeldern alle wichtigen Qualit\u00e4tsstandards der Branche ab. Auch im Angesicht immer komplexer werdender Lieferketten erf\u00fcllen wir weiterhin alle kundenspezifischen Anforderungen \u2013 und halten im Rahmen eines kontinuierlichen Optimierungsprozesses unsere Spitzenposition in Sachen Qualit\u00e4t.<\/p>\n<\/div><figure class=\"wp-block-media-text__media\"><img loading=\"lazy\" decoding=\"async\" width=\"360\" height=\"360\" src=\"\/wp-content\/uploads\/content\/unternehmen\/20210506_360x360px_zertifikat.png\" alt=\"\" class=\"wp-image-1851 size-full\"\/><\/figure><\/div>\n","protected":false},"excerpt":{"rendered":"<p>Fortschritt leben. Unsere Innovationen. Innovationen werden aus Ideen geboren. Unseren besten Ideen. Indem wir immer wieder Ma\u00dfst\u00e4be setzen, gelingt es uns die Automotive-Branche mit richtungs- und zukunftsweisenden Konzepten mitzugestalten. So verf\u00fcgt beispielsweise unser neuester Auslandsstandort im schwedischen G\u00f6teborg \u00fcber das erste autonome Logistik- und Produktionssystem innerhalb der Unternehmensgruppe \u2013 und optimiert unseren kompletten Logistik- und [&hellip;]<\/p>\n","protected":false},"author":1,"featured_media":3045,"parent":787,"menu_order":1,"comment_status":"closed","ping_status":"closed","template":"page-full-width.php","meta":{"footnotes":""},"class_list":["post-93","page","type-page","status-publish","has-post-thumbnail","hentry"],"yoast_head":"<!-- This site is optimized with the Yoast SEO plugin v27.5 - https:\/\/yoast.com\/product\/yoast-seo-wordpress\/ -->\n<title>Vision - Best4Tires Holding<\/title>\n<meta name=\"description\" content=\"Wir setzen auf digitale Innovationen und nachhaltiges Arbeiten \u2013 f\u00fcr Qualit\u00e4t, Sicherheit und das bestm\u00f6gliche Kundenerlebnis.\" \/>\n<meta name=\"robots\" content=\"index, follow, max-snippet:-1, max-image-preview:large, max-video-preview:-1\" \/>\n<link rel=\"canonical\" href=\"https:\/\/best4tires.stage.blindwerk.de\/de\/unternehmen\/vision\/\" \/>\n<meta property=\"og:locale\" content=\"de_DE\" \/>\n<meta property=\"og:type\" content=\"article\" \/>\n<meta property=\"og:title\" content=\"Vision - Best4Tires Holding\" \/>\n<meta property=\"og:description\" content=\"Wir setzen auf digitale Innovationen und nachhaltiges Arbeiten \u2013 f\u00fcr Qualit\u00e4t, Sicherheit und das bestm\u00f6gliche Kundenerlebnis.\" \/>\n<meta property=\"og:url\" content=\"https:\/\/best4tires.stage.blindwerk.de\/de\/unternehmen\/vision\/\" \/>\n<meta property=\"og:site_name\" content=\"Best4Tires Holding\" \/>\n<meta property=\"article:modified_time\" content=\"2022-12-05T15:40:34+00:00\" \/>\n<meta property=\"og:image\" content=\"https:\/\/best4tires.stage.blindwerk.de\/wp-content\/uploads\/content\/start\/best4tires_firmensitz_zentrale.jpg\" \/>\n\t<meta property=\"og:image:width\" content=\"2558\" \/>\n\t<meta property=\"og:image:height\" content=\"988\" \/>\n\t<meta property=\"og:image:type\" content=\"image\/jpeg\" \/>\n<meta name=\"twitter:card\" content=\"summary_large_image\" \/>\n<meta name=\"twitter:label1\" content=\"Gesch\u00e4tzte Lesezeit\" \/>\n\t<meta name=\"twitter:data1\" content=\"2\u00a0Minuten\" \/>\n<script type=\"application\/ld+json\" class=\"yoast-schema-graph\">{\"@context\":\"https:\\\/\\\/schema.org\",\"@graph\":[{\"@type\":\"WebPage\",\"@id\":\"https:\\\/\\\/best4tires.stage.blindwerk.de\\\/de\\\/unternehmen\\\/vision\\\/\",\"url\":\"https:\\\/\\\/best4tires.stage.blindwerk.de\\\/de\\\/unternehmen\\\/vision\\\/\",\"name\":\"Vision - Best4Tires Holding\",\"isPartOf\":{\"@id\":\"https:\\\/\\\/best4tires.stage.blindwerk.de\\\/de\\\/#website\"},\"primaryImageOfPage\":{\"@id\":\"https:\\\/\\\/best4tires.stage.blindwerk.de\\\/de\\\/unternehmen\\\/vision\\\/#primaryimage\"},\"image\":{\"@id\":\"https:\\\/\\\/best4tires.stage.blindwerk.de\\\/de\\\/unternehmen\\\/vision\\\/#primaryimage\"},\"thumbnailUrl\":\"https:\\\/\\\/best4tires.stage.blindwerk.de\\\/wp-content\\\/uploads\\\/content\\\/start\\\/best4tires_firmensitz_zentrale.jpg\",\"datePublished\":\"2020-07-02T14:21:28+00:00\",\"dateModified\":\"2022-12-05T15:40:34+00:00\",\"description\":\"Wir setzen auf digitale Innovationen und nachhaltiges Arbeiten \u2013 f\u00fcr Qualit\u00e4t, Sicherheit und das bestm\u00f6gliche Kundenerlebnis.\",\"breadcrumb\":{\"@id\":\"https:\\\/\\\/best4tires.stage.blindwerk.de\\\/de\\\/unternehmen\\\/vision\\\/#breadcrumb\"},\"inLanguage\":\"de\",\"potentialAction\":[{\"@type\":\"ReadAction\",\"target\":[\"https:\\\/\\\/best4tires.stage.blindwerk.de\\\/de\\\/unternehmen\\\/vision\\\/\"]}]},{\"@type\":\"ImageObject\",\"inLanguage\":\"de\",\"@id\":\"https:\\\/\\\/best4tires.stage.blindwerk.de\\\/de\\\/unternehmen\\\/vision\\\/#primaryimage\",\"url\":\"https:\\\/\\\/best4tires.stage.blindwerk.de\\\/wp-content\\\/uploads\\\/content\\\/start\\\/best4tires_firmensitz_zentrale.jpg\",\"contentUrl\":\"https:\\\/\\\/best4tires.stage.blindwerk.de\\\/wp-content\\\/uploads\\\/content\\\/start\\\/best4tires_firmensitz_zentrale.jpg\",\"width\":2558,\"height\":988},{\"@type\":\"BreadcrumbList\",\"@id\":\"https:\\\/\\\/best4tires.stage.blindwerk.de\\\/de\\\/unternehmen\\\/vision\\\/#breadcrumb\",\"itemListElement\":[{\"@type\":\"ListItem\",\"position\":1,\"name\":\"Startseite\",\"item\":\"https:\\\/\\\/best4tires.stage.blindwerk.de\\\/de\\\/\"},{\"@type\":\"ListItem\",\"position\":2,\"name\":\"Unternehmen\",\"item\":\"https:\\\/\\\/best4tires.stage.blindwerk.de\\\/de\\\/unternehmen\\\/\"},{\"@type\":\"ListItem\",\"position\":3,\"name\":\"Vision\"}]},{\"@type\":\"WebSite\",\"@id\":\"https:\\\/\\\/best4tires.stage.blindwerk.de\\\/de\\\/#website\",\"url\":\"https:\\\/\\\/best4tires.stage.blindwerk.de\\\/de\\\/\",\"name\":\"Best4Tires Holding\",\"description\":\"Solutions and Services\",\"potentialAction\":[{\"@type\":\"SearchAction\",\"target\":{\"@type\":\"EntryPoint\",\"urlTemplate\":\"https:\\\/\\\/best4tires.stage.blindwerk.de\\\/de\\\/?s={search_term_string}\"},\"query-input\":{\"@type\":\"PropertyValueSpecification\",\"valueRequired\":true,\"valueName\":\"search_term_string\"}}],\"inLanguage\":\"de\"}]}<\/script>\n<!-- \/ Yoast SEO plugin. -->","yoast_head_json":{"title":"Vision - Best4Tires Holding","description":"Wir setzen auf digitale Innovationen und nachhaltiges Arbeiten \u2013 f\u00fcr Qualit\u00e4t, Sicherheit und das bestm\u00f6gliche Kundenerlebnis.","robots":{"index":"index","follow":"follow","max-snippet":"max-snippet:-1","max-image-preview":"max-image-preview:large","max-video-preview":"max-video-preview:-1"},"canonical":"https:\/\/best4tires.stage.blindwerk.de\/de\/unternehmen\/vision\/","og_locale":"de_DE","og_type":"article","og_title":"Vision - Best4Tires Holding","og_description":"Wir setzen auf digitale Innovationen und nachhaltiges Arbeiten \u2013 f\u00fcr Qualit\u00e4t, Sicherheit und das bestm\u00f6gliche Kundenerlebnis.","og_url":"https:\/\/best4tires.stage.blindwerk.de\/de\/unternehmen\/vision\/","og_site_name":"Best4Tires Holding","article_modified_time":"2022-12-05T15:40:34+00:00","og_image":[{"width":2558,"height":988,"url":"https:\/\/best4tires.stage.blindwerk.de\/wp-content\/uploads\/content\/start\/best4tires_firmensitz_zentrale.jpg","type":"image\/jpeg"}],"twitter_card":"summary_large_image","twitter_misc":{"Gesch\u00e4tzte Lesezeit":"2\u00a0Minuten"},"schema":{"@context":"https:\/\/schema.org","@graph":[{"@type":"WebPage","@id":"https:\/\/best4tires.stage.blindwerk.de\/de\/unternehmen\/vision\/","url":"https:\/\/best4tires.stage.blindwerk.de\/de\/unternehmen\/vision\/","name":"Vision - Best4Tires Holding","isPartOf":{"@id":"https:\/\/best4tires.stage.blindwerk.de\/de\/#website"},"primaryImageOfPage":{"@id":"https:\/\/best4tires.stage.blindwerk.de\/de\/unternehmen\/vision\/#primaryimage"},"image":{"@id":"https:\/\/best4tires.stage.blindwerk.de\/de\/unternehmen\/vision\/#primaryimage"},"thumbnailUrl":"https:\/\/best4tires.stage.blindwerk.de\/wp-content\/uploads\/content\/start\/best4tires_firmensitz_zentrale.jpg","datePublished":"2020-07-02T14:21:28+00:00","dateModified":"2022-12-05T15:40:34+00:00","description":"Wir setzen auf digitale Innovationen und nachhaltiges Arbeiten \u2013 f\u00fcr Qualit\u00e4t, Sicherheit und das bestm\u00f6gliche Kundenerlebnis.","breadcrumb":{"@id":"https:\/\/best4tires.stage.blindwerk.de\/de\/unternehmen\/vision\/#breadcrumb"},"inLanguage":"de","potentialAction":[{"@type":"ReadAction","target":["https:\/\/best4tires.stage.blindwerk.de\/de\/unternehmen\/vision\/"]}]},{"@type":"ImageObject","inLanguage":"de","@id":"https:\/\/best4tires.stage.blindwerk.de\/de\/unternehmen\/vision\/#primaryimage","url":"https:\/\/best4tires.stage.blindwerk.de\/wp-content\/uploads\/content\/start\/best4tires_firmensitz_zentrale.jpg","contentUrl":"https:\/\/best4tires.stage.blindwerk.de\/wp-content\/uploads\/content\/start\/best4tires_firmensitz_zentrale.jpg","width":2558,"height":988},{"@type":"BreadcrumbList","@id":"https:\/\/best4tires.stage.blindwerk.de\/de\/unternehmen\/vision\/#breadcrumb","itemListElement":[{"@type":"ListItem","position":1,"name":"Startseite","item":"https:\/\/best4tires.stage.blindwerk.de\/de\/"},{"@type":"ListItem","position":2,"name":"Unternehmen","item":"https:\/\/best4tires.stage.blindwerk.de\/de\/unternehmen\/"},{"@type":"ListItem","position":3,"name":"Vision"}]},{"@type":"WebSite","@id":"https:\/\/best4tires.stage.blindwerk.de\/de\/#website","url":"https:\/\/best4tires.stage.blindwerk.de\/de\/","name":"Best4Tires Holding","description":"Solutions and Services","potentialAction":[{"@type":"SearchAction","target":{"@type":"EntryPoint","urlTemplate":"https:\/\/best4tires.stage.blindwerk.de\/de\/?s={search_term_string}"},"query-input":{"@type":"PropertyValueSpecification","valueRequired":true,"valueName":"search_term_string"}}],"inLanguage":"de"}]}},"_links":{"self":[{"href":"https:\/\/best4tires.stage.blindwerk.de\/de\/wp-json\/wp\/v2\/pages\/93","targetHints":{"allow":["GET"]}}],"collection":[{"href":"https:\/\/best4tires.stage.blindwerk.de\/de\/wp-json\/wp\/v2\/pages"}],"about":[{"href":"https:\/\/best4tires.stage.blindwerk.de\/de\/wp-json\/wp\/v2\/types\/page"}],"author":[{"embeddable":true,"href":"https:\/\/best4tires.stage.blindwerk.de\/de\/wp-json\/wp\/v2\/users\/1"}],"replies":[{"embeddable":true,"href":"https:\/\/best4tires.stage.blindwerk.de\/de\/wp-json\/wp\/v2\/comments?post=93"}],"version-history":[{"count":10,"href":"https:\/\/best4tires.stage.blindwerk.de\/de\/wp-json\/wp\/v2\/pages\/93\/revisions"}],"predecessor-version":[{"id":4686,"href":"https:\/\/best4tires.stage.blindwerk.de\/de\/wp-json\/wp\/v2\/pages\/93\/revisions\/4686"}],"up":[{"embeddable":true,"href":"https:\/\/best4tires.stage.blindwerk.de\/de\/wp-json\/wp\/v2\/pages\/787"}],"wp:featuredmedia":[{"embeddable":true,"href":"https:\/\/best4tires.stage.blindwerk.de\/de\/wp-json\/wp\/v2\/media\/3045"}],"wp:attachment":[{"href":"https:\/\/best4tires.stage.blindwerk.de\/de\/wp-json\/wp\/v2\/media?parent=93"}],"curies":[{"name":"wp","href":"https:\/\/api.w.org\/{rel}","templated":true}]}}